{"id":16631,"date":"2025-04-11T14:29:52","date_gmt":"2025-04-11T11:29:52","guid":{"rendered":"https:\/\/ceoparts.com\/?post_type=product&#038;p=16631"},"modified":"2026-05-16T22:31:16","modified_gmt":"2026-05-16T19:31:16","slug":"linde-destek-baglanti-parcasi-3723631403","status":"publish","type":"product","link":"https:\/\/ceoparts.com\/es\/urun\/linde-destek-baglanti-parcasi-3723631403\/","title":{"rendered":"Soporte Linde &#8211; Conector &#8211; 3723631403"},"content":{"rendered":"<p>Soporte Linde &#8211; Conector &#8211; 3723631403<\/p>","protected":false},"excerpt":{"rendered":"<p data-start=\"3403\" data-end=\"3723\">El <strong data-start=\"3406\" data-end=\"3456\">Soporte \u2013 Pieza de conexi\u00f3n Linde \u2013 3723631403<\/strong> proporciona un soporte fiable para los puntos de conexi\u00f3n en montacargas y maquinaria industrial. Su construcci\u00f3n robusta resiste vibraciones y golpes, mejorando el rendimiento y prolongando la vida \u00fatil de la m\u00e1quina. Pieza original y compatible para equipos Linde.<\/p>\n<p data-start=\"3725\" data-end=\"3747\"><strong data-start=\"3725\" data-end=\"3745\">Caracter\u00edsticas:<\/strong><\/p>\n<ul data-start=\"3748\" data-end=\"3912\">\n<li data-start=\"3748\" data-end=\"3764\">\n<p data-start=\"3750\" data-end=\"3764\">Marca: Linde<\/p>\n<\/li>\n<li data-start=\"3765\" data-end=\"3796\">\n<p data-start=\"3767\" data-end=\"3796\">N\u00famero de pieza: 3723631403<\/p>\n<\/li>\n<li data-start=\"3797\" data-end=\"3832\">\n<p data-start=\"3799\" data-end=\"3832\">Construcci\u00f3n duradera y robusta<\/p>\n<\/li>\n<li data-start=\"3833\" data-end=\"3870\">\n<p data-start=\"3835\" data-end=\"3870\">Resistente a vibraciones y golpes<\/p>\n<\/li>\n<li data-start=\"3871\" data-end=\"3912\">\n<p data-start=\"3873\" data-end=\"3912\">Pieza de conexi\u00f3n original compatible<\/p>\n<\/li>\n<\/ul>\n","protected":false},"featured_media":16633,"template":"","meta":[],"product_brand":[],"product_cat":[246,470,523],"product_tag":[],"class_list":{"0":"post-16631","1":"product","2":"type-product","3":"status-publish","4":"has-post-thumbnail","6":"product_cat-linde","7":"product_cat-diger-yedek-parcalar","8":"product_cat-yedek-parca-linde","10":"first","11":"instock","12":"taxable","13":"shipping-taxable","14":"purchasable","15":"product-type-simple"},"_links":{"self":[{"href":"https:\/\/ceoparts.com\/es\/wp-json\/wp\/v2\/product\/16631","targetHints":{"allow":["GET"]}}],"collection":[{"href":"https:\/\/ceoparts.com\/es\/wp-json\/wp\/v2\/product"}],"about":[{"href":"https:\/\/ceoparts.com\/es\/wp-json\/wp\/v2\/types\/product"}],"wp:featuredmedia":[{"embeddable":true,"href":"https:\/\/ceoparts.com\/es\/wp-json\/wp\/v2\/media\/16633"}],"wp:attachment":[{"href":"https:\/\/ceoparts.com\/es\/wp-json\/wp\/v2\/media?parent=16631"}],"wp:term":[{"taxonomy":"product_brand","embeddable":true,"href":"https:\/\/ceoparts.com\/es\/wp-json\/wp\/v2\/product_brand?post=16631"},{"taxonomy":"product_cat","embeddable":true,"href":"https:\/\/ceoparts.com\/es\/wp-json\/wp\/v2\/product_cat?post=16631"},{"taxonomy":"product_tag","embeddable":true,"href":"https:\/\/ceoparts.com\/es\/wp-json\/wp\/v2\/product_tag?post=16631"}],"curies":[{"name":"wp","href":"https:\/\/api.w.org\/{rel}","templated":true}]}}