{"id":16642,"date":"2025-04-11T16:26:54","date_gmt":"2025-04-11T13:26:54","guid":{"rendered":"https:\/\/ceoparts.com\/?post_type=product&#038;p=16642"},"modified":"2026-05-16T17:47:17","modified_gmt":"2026-05-16T14:47:17","slug":"linde-1100n-amortisor-0009655566","status":"publish","type":"product","link":"https:\/\/ceoparts.com\/es\/urun\/linde-1100n-amortisor-0009655566\/","title":{"rendered":"Amortiguador Linde 1100N &#8211; 0009655566"},"content":{"rendered":"<p>Amortiguador Linde 1100N &#8211; 0009655566<\/p>","protected":false},"excerpt":{"rendered":"<p data-start=\"2967\" data-end=\"3253\">El <strong data-start=\"2970\" data-end=\"2998\">Amortiguador Linde 1100N<\/strong> es un componente de alta calidad dise\u00f1ado para reducir las vibraciones y mejorar la comodidad de conducci\u00f3n en carretillas y apiladores Linde. Con una capacidad de 1100 Newtons, es duradero y mejora el rendimiento de la m\u00e1quina y el confort del operador.<\/p>\n<p data-start=\"3255\" data-end=\"3277\"><strong data-start=\"3255\" data-end=\"3275\">Caracter\u00edsticas:<\/strong><\/p>\n<ul data-start=\"3278\" data-end=\"3424\">\n<li data-start=\"3278\" data-end=\"3333\">\n<p data-start=\"3280\" data-end=\"3333\">Modelos compatibles: carretillas y apiladores Linde<\/p>\n<\/li>\n<li data-start=\"3334\" data-end=\"3368\">\n<p data-start=\"3336\" data-end=\"3368\">C\u00f3digo de producto: 0009655566<\/p>\n<\/li>\n<li data-start=\"3369\" data-end=\"3389\">\n<p data-start=\"3371\" data-end=\"3389\">Capacidad: 1100N<\/p>\n<\/li>\n<li data-start=\"3390\" data-end=\"3424\">\n<p data-start=\"3392\" data-end=\"3424\">Material duradero y resistente<\/p>\n<\/li>\n<\/ul>\n","protected":false},"featured_media":16646,"template":"","meta":[],"product_brand":[],"product_cat":[246,497,523],"product_tag":[],"class_list":{"0":"post-16642","1":"product","2":"type-product","3":"status-publish","4":"has-post-thumbnail","6":"product_cat-linde","7":"product_cat-amortisor-grubu","8":"product_cat-yedek-parca-linde","10":"first","11":"instock","12":"taxable","13":"shipping-taxable","14":"purchasable","15":"product-type-simple"},"_links":{"self":[{"href":"https:\/\/ceoparts.com\/es\/wp-json\/wp\/v2\/product\/16642","targetHints":{"allow":["GET"]}}],"collection":[{"href":"https:\/\/ceoparts.com\/es\/wp-json\/wp\/v2\/product"}],"about":[{"href":"https:\/\/ceoparts.com\/es\/wp-json\/wp\/v2\/types\/product"}],"wp:featuredmedia":[{"embeddable":true,"href":"https:\/\/ceoparts.com\/es\/wp-json\/wp\/v2\/media\/16646"}],"wp:attachment":[{"href":"https:\/\/ceoparts.com\/es\/wp-json\/wp\/v2\/media?parent=16642"}],"wp:term":[{"taxonomy":"product_brand","embeddable":true,"href":"https:\/\/ceoparts.com\/es\/wp-json\/wp\/v2\/product_brand?post=16642"},{"taxonomy":"product_cat","embeddable":true,"href":"https:\/\/ceoparts.com\/es\/wp-json\/wp\/v2\/product_cat?post=16642"},{"taxonomy":"product_tag","embeddable":true,"href":"https:\/\/ceoparts.com\/es\/wp-json\/wp\/v2\/product_tag?post=16642"}],"curies":[{"name":"wp","href":"https:\/\/api.w.org\/{rel}","templated":true}]}}