{"id":16647,"date":"2025-04-11T16:33:38","date_gmt":"2025-04-11T13:33:38","guid":{"rendered":"https:\/\/ceoparts.com\/?post_type=product&#038;p=16647"},"modified":"2026-05-16T19:58:43","modified_gmt":"2026-05-16T16:58:43","slug":"bt-lwe160-dis-kapak","status":"publish","type":"product","link":"https:\/\/ceoparts.com\/es\/urun\/bt-lwe160-dis-kapak\/","title":{"rendered":"BT LWE160 Cubierta exterior"},"content":{"rendered":"<p>BT LWE160 Cubierta exterior<\/p>","protected":false},"excerpt":{"rendered":"<p data-start=\"2646\" data-end=\"2939\">La <strong data-start=\"2649\" data-end=\"2680\">Cubierta Exterior BT LWE160<\/strong> es una pieza duradera y de alta calidad dise\u00f1ada para proteger los mecanismos externos de las carretillas elevadoras. Fabricada con materiales resistentes, mejora el rendimiento y la seguridad de la m\u00e1quina. Dise\u00f1ada espec\u00edficamente para el modelo BT LWE160.<\/p>\n<p data-start=\"2941\" data-end=\"2963\"><strong data-start=\"2941\" data-end=\"2961\">Caracter\u00edsticas:<\/strong><\/p>\n<ul data-start=\"2964\" data-end=\"3069\">\n<li data-start=\"2964\" data-end=\"3007\">\n<p data-start=\"2966\" data-end=\"3007\">Modelo compatible: carretilla BT LWE160<\/p>\n<\/li>\n<li data-start=\"3008\" data-end=\"3047\">\n<p data-start=\"3010\" data-end=\"3047\">Material duradero y de alta calidad<\/p>\n<\/li>\n<li data-start=\"3048\" data-end=\"3069\">\n<p data-start=\"3050\" data-end=\"3069\">F\u00e1cil instalaci\u00f3n<\/p>\n<\/li>\n<\/ul>\n","protected":false},"featured_media":16648,"template":"","meta":[],"product_brand":[],"product_cat":[251,472,518],"product_tag":[],"class_list":{"0":"post-16647","1":"product","2":"type-product","3":"status-publish","4":"has-post-thumbnail","6":"product_cat-bt","7":"product_cat-kaporta-aksami","8":"product_cat-yedek-parca-bt","10":"first","11":"instock","12":"taxable","13":"shipping-taxable","14":"purchasable","15":"product-type-simple"},"_links":{"self":[{"href":"https:\/\/ceoparts.com\/es\/wp-json\/wp\/v2\/product\/16647","targetHints":{"allow":["GET"]}}],"collection":[{"href":"https:\/\/ceoparts.com\/es\/wp-json\/wp\/v2\/product"}],"about":[{"href":"https:\/\/ceoparts.com\/es\/wp-json\/wp\/v2\/types\/product"}],"wp:featuredmedia":[{"embeddable":true,"href":"https:\/\/ceoparts.com\/es\/wp-json\/wp\/v2\/media\/16648"}],"wp:attachment":[{"href":"https:\/\/ceoparts.com\/es\/wp-json\/wp\/v2\/media?parent=16647"}],"wp:term":[{"taxonomy":"product_brand","embeddable":true,"href":"https:\/\/ceoparts.com\/es\/wp-json\/wp\/v2\/product_brand?post=16647"},{"taxonomy":"product_cat","embeddable":true,"href":"https:\/\/ceoparts.com\/es\/wp-json\/wp\/v2\/product_cat?post=16647"},{"taxonomy":"product_tag","embeddable":true,"href":"https:\/\/ceoparts.com\/es\/wp-json\/wp\/v2\/product_tag?post=16647"}],"curies":[{"name":"wp","href":"https:\/\/api.w.org\/{rel}","templated":true}]}}