{"id":16663,"date":"2025-04-11T16:55:21","date_gmt":"2025-04-11T13:55:21","guid":{"rendered":"https:\/\/ceoparts.com\/?post_type=product&#038;p=16663"},"modified":"2026-05-16T06:16:48","modified_gmt":"2026-05-16T03:16:48","slug":"bt-mini-lever-678101660071","status":"publish","type":"product","link":"https:\/\/ceoparts.com\/es\/urun\/bt-mini-lever-678101660071\/","title":{"rendered":"Mini palanca BT &#8211; 678101660071"},"content":{"rendered":"<p>Mini palanca BT &#8211; 678101660071<\/p>","protected":false},"excerpt":{"rendered":"<p data-start=\"2515\" data-end=\"2703\">La <strong data-start=\"2518\" data-end=\"2535\">BT Mini Lever<\/strong> es una palanca de control ergon\u00f3mica para carretillas y apiladores BT, que permite un control preciso de las funciones hidr\u00e1ulicas de elevaci\u00f3n, descenso y auxiliares.<\/p>\n<p data-start=\"2705\" data-end=\"2727\"><strong data-start=\"2705\" data-end=\"2725\">Caracter\u00edsticas:<\/strong><\/p>\n<ul data-start=\"2728\" data-end=\"2878\">\n<li data-start=\"2728\" data-end=\"2780\">\n<p data-start=\"2730\" data-end=\"2780\">Modelos compatibles: carretillas y apiladores BT<\/p>\n<\/li>\n<li data-start=\"2781\" data-end=\"2817\">\n<p data-start=\"2783\" data-end=\"2817\">C\u00f3digo de producto: 678101660071<\/p>\n<\/li>\n<li data-start=\"2818\" data-end=\"2839\">\n<p data-start=\"2820\" data-end=\"2839\">Dise\u00f1o ergon\u00f3mico<\/p>\n<\/li>\n<li data-start=\"2840\" data-end=\"2878\">\n<p data-start=\"2842\" data-end=\"2878\">Construcci\u00f3n resistente y duradera<\/p>\n<\/li>\n<\/ul>\n","protected":false},"featured_media":16668,"template":"","meta":[],"product_brand":[],"product_cat":[251,471,518],"product_tag":[],"class_list":{"0":"post-16663","1":"product","2":"type-product","3":"status-publish","4":"has-post-thumbnail","6":"product_cat-bt","7":"product_cat-joystick-pedal-yedek-parca","8":"product_cat-yedek-parca-bt","10":"first","11":"instock","12":"taxable","13":"shipping-taxable","14":"purchasable","15":"product-type-simple"},"_links":{"self":[{"href":"https:\/\/ceoparts.com\/es\/wp-json\/wp\/v2\/product\/16663","targetHints":{"allow":["GET"]}}],"collection":[{"href":"https:\/\/ceoparts.com\/es\/wp-json\/wp\/v2\/product"}],"about":[{"href":"https:\/\/ceoparts.com\/es\/wp-json\/wp\/v2\/types\/product"}],"wp:featuredmedia":[{"embeddable":true,"href":"https:\/\/ceoparts.com\/es\/wp-json\/wp\/v2\/media\/16668"}],"wp:attachment":[{"href":"https:\/\/ceoparts.com\/es\/wp-json\/wp\/v2\/media?parent=16663"}],"wp:term":[{"taxonomy":"product_brand","embeddable":true,"href":"https:\/\/ceoparts.com\/es\/wp-json\/wp\/v2\/product_brand?post=16663"},{"taxonomy":"product_cat","embeddable":true,"href":"https:\/\/ceoparts.com\/es\/wp-json\/wp\/v2\/product_cat?post=16663"},{"taxonomy":"product_tag","embeddable":true,"href":"https:\/\/ceoparts.com\/es\/wp-json\/wp\/v2\/product_tag?post=16663"}],"curies":[{"name":"wp","href":"https:\/\/api.w.org\/{rel}","templated":true}]}}