{"id":16791,"date":"2025-04-28T13:10:36","date_gmt":"2025-04-28T10:10:36","guid":{"rendered":"https:\/\/ceoparts.com\/?post_type=product&#038;p=16791"},"modified":"2026-05-16T15:27:53","modified_gmt":"2026-05-16T12:27:53","slug":"bt-boru-tip-sogutma-fani-7516127","status":"publish","type":"product","link":"https:\/\/ceoparts.com\/es\/urun\/bt-boru-tip-sogutma-fani-7516127\/","title":{"rendered":"Ventilador de Refrigeraci\u00f3n Tipo Tubo BT \u2013 7516127"},"content":{"rendered":"<p>Ventilador de Refrigeraci\u00f3n Tipo Tubo BT \u2013 7516127<\/p>","protected":false},"excerpt":{"rendered":"<p data-start=\"3477\" data-end=\"3797\"><strong data-start=\"3477\" data-end=\"3531\">Ventilador de refrigeraci\u00f3n tipo tubo BT \u2013 7516127<\/strong> est\u00e1 dise\u00f1ado para mantener una temperatura \u00f3ptima en motores y sistemas electr\u00f3nicos de carretillas elevadoras y apiladores. Proporciona un rendimiento eficiente con su estructura duradera y motor de larga duraci\u00f3n. Totalmente compatible con equipos BT originales.<\/p>\n<p data-start=\"3799\" data-end=\"3821\"><strong data-start=\"3799\" data-end=\"3819\">Caracter\u00edsticas:<\/strong><\/p>\n<ul data-start=\"3822\" data-end=\"4028\">\n<li data-start=\"3822\" data-end=\"3881\">\n<p data-start=\"3824\" data-end=\"3881\">Tipo de producto: Ventilador de refrigeraci\u00f3n tipo tubo<\/p>\n<\/li>\n<li data-start=\"3882\" data-end=\"3910\">\n<p data-start=\"3884\" data-end=\"3910\">N\u00famero de pieza: 7516127<\/p>\n<\/li>\n<li data-start=\"3911\" data-end=\"3935\">\n<p data-start=\"3913\" data-end=\"3935\">Marca compatible: BT<\/p>\n<\/li>\n<li data-start=\"3936\" data-end=\"4028\">\n<p data-start=\"3938\" data-end=\"4028\">Beneficios: Alta eficiencia de refrigeraci\u00f3n, dise\u00f1o resistente, compatibilidad original<\/p>\n<\/li>\n<\/ul>\n","protected":false},"featured_media":16794,"template":"","meta":[],"product_brand":[],"product_cat":[470,518,251],"product_tag":[],"class_list":{"0":"post-16791","1":"product","2":"type-product","3":"status-publish","4":"has-post-thumbnail","6":"product_cat-diger-yedek-parcalar","7":"product_cat-yedek-parca-bt","8":"product_cat-bt","10":"first","11":"instock","12":"taxable","13":"shipping-taxable","14":"purchasable","15":"product-type-simple"},"_links":{"self":[{"href":"https:\/\/ceoparts.com\/es\/wp-json\/wp\/v2\/product\/16791","targetHints":{"allow":["GET"]}}],"collection":[{"href":"https:\/\/ceoparts.com\/es\/wp-json\/wp\/v2\/product"}],"about":[{"href":"https:\/\/ceoparts.com\/es\/wp-json\/wp\/v2\/types\/product"}],"wp:featuredmedia":[{"embeddable":true,"href":"https:\/\/ceoparts.com\/es\/wp-json\/wp\/v2\/media\/16794"}],"wp:attachment":[{"href":"https:\/\/ceoparts.com\/es\/wp-json\/wp\/v2\/media?parent=16791"}],"wp:term":[{"taxonomy":"product_brand","embeddable":true,"href":"https:\/\/ceoparts.com\/es\/wp-json\/wp\/v2\/product_brand?post=16791"},{"taxonomy":"product_cat","embeddable":true,"href":"https:\/\/ceoparts.com\/es\/wp-json\/wp\/v2\/product_cat?post=16791"},{"taxonomy":"product_tag","embeddable":true,"href":"https:\/\/ceoparts.com\/es\/wp-json\/wp\/v2\/product_tag?post=16791"}],"curies":[{"name":"wp","href":"https:\/\/api.w.org\/{rel}","templated":true}]}}