{"id":16867,"date":"2025-05-08T13:17:19","date_gmt":"2025-05-08T10:17:19","guid":{"rendered":"https:\/\/ceoparts.com\/?post_type=product&#038;p=16867"},"modified":"2026-05-16T08:35:47","modified_gmt":"2026-05-16T05:35:47","slug":"frotek-forklift-aku-baglanti-kablosu-70x150","status":"publish","type":"product","link":"https:\/\/ceoparts.com\/es\/urun\/frotek-forklift-aku-baglanti-kablosu-70x150\/","title":{"rendered":"Cable de conexi\u00f3n de bater\u00eda para montacargas Frotek 70&#215;150"},"content":{"rendered":"<p>Cable de conexi\u00f3n de bater\u00eda para montacargas Frotek 70&#215;150<\/p>","protected":false},"excerpt":{"rendered":"<p data-start=\"3566\" data-end=\"3866\"><strong data-start=\"3566\" data-end=\"3622\">Cable de conexi\u00f3n de celdas de bater\u00eda Fr\u00f6tek 70\u00d7150<\/strong> es un cable de alta calidad dise\u00f1ado para conectar de forma segura las celdas de bater\u00eda en montacargas y sistemas industriales. Con una secci\u00f3n de 70 mm\u00b2 y una longitud de 150 mm, garantiza una excelente conductividad y aislamiento confiable.<\/p>\n<p data-start=\"3868\" data-end=\"3890\"><strong data-start=\"3868\" data-end=\"3888\">Caracter\u00edsticas:<\/strong><\/p>\n<ul data-start=\"3891\" data-end=\"4108\">\n<li data-start=\"3891\" data-end=\"3912\">\n<p data-start=\"3893\" data-end=\"3912\"><strong data-start=\"3893\" data-end=\"3903\">Marca:<\/strong> Fr\u00f6tek<\/p>\n<\/li>\n<li data-start=\"3913\" data-end=\"3936\">\n<p data-start=\"3915\" data-end=\"3936\"><strong data-start=\"3915\" data-end=\"3927\">Secci\u00f3n:<\/strong> 70 mm\u00b2<\/p>\n<\/li>\n<li data-start=\"3937\" data-end=\"3961\">\n<p data-start=\"3939\" data-end=\"3961\"><strong data-start=\"3939\" data-end=\"3952\">Longitud:<\/strong> 150 mm<\/p>\n<\/li>\n<li data-start=\"3962\" data-end=\"4019\">\n<p data-start=\"3964\" data-end=\"4019\"><strong data-start=\"3964\" data-end=\"3972\">Uso:<\/strong> Conexi\u00f3n de celdas de bater\u00eda en montacargas<\/p>\n<\/li>\n<li data-start=\"4020\" data-end=\"4108\">\n<p data-start=\"4022\" data-end=\"4108\"><strong data-start=\"4022\" data-end=\"4035\">Ventajas:<\/strong> Alta capacidad de corriente, aislamiento robusto y estructura flexible<\/p>\n<\/li>\n<\/ul>\n","protected":false},"featured_media":16870,"template":"","meta":[],"product_brand":[],"product_cat":[446],"product_tag":[],"class_list":{"0":"post-16867","1":"product","2":"type-product","3":"status-publish","4":"has-post-thumbnail","6":"product_cat-aku-bar","8":"first","9":"instock","10":"taxable","11":"shipping-taxable","12":"purchasable","13":"product-type-simple"},"_links":{"self":[{"href":"https:\/\/ceoparts.com\/es\/wp-json\/wp\/v2\/product\/16867","targetHints":{"allow":["GET"]}}],"collection":[{"href":"https:\/\/ceoparts.com\/es\/wp-json\/wp\/v2\/product"}],"about":[{"href":"https:\/\/ceoparts.com\/es\/wp-json\/wp\/v2\/types\/product"}],"wp:featuredmedia":[{"embeddable":true,"href":"https:\/\/ceoparts.com\/es\/wp-json\/wp\/v2\/media\/16870"}],"wp:attachment":[{"href":"https:\/\/ceoparts.com\/es\/wp-json\/wp\/v2\/media?parent=16867"}],"wp:term":[{"taxonomy":"product_brand","embeddable":true,"href":"https:\/\/ceoparts.com\/es\/wp-json\/wp\/v2\/product_brand?post=16867"},{"taxonomy":"product_cat","embeddable":true,"href":"https:\/\/ceoparts.com\/es\/wp-json\/wp\/v2\/product_cat?post=16867"},{"taxonomy":"product_tag","embeddable":true,"href":"https:\/\/ceoparts.com\/es\/wp-json\/wp\/v2\/product_tag?post=16867"}],"curies":[{"name":"wp","href":"https:\/\/api.w.org\/{rel}","templated":true}]}}