{"id":16878,"date":"2025-05-08T14:35:03","date_gmt":"2025-05-08T11:35:03","guid":{"rendered":"https:\/\/ceoparts.com\/?post_type=product&#038;p=16878"},"modified":"2026-05-16T17:29:35","modified_gmt":"2026-05-16T14:29:35","slug":"frotek-forklift-aku-baglanti-kablosu-95x130","status":"publish","type":"product","link":"https:\/\/ceoparts.com\/es\/urun\/frotek-forklift-aku-baglanti-kablosu-95x130\/","title":{"rendered":"Cable de conexi\u00f3n de bater\u00eda para montacargas Frotek  95&#215;130"},"content":{"rendered":"<p>Cable de conexi\u00f3n de bater\u00eda para montacargas Frotek  95&#215;130<\/p>","protected":false},"excerpt":{"rendered":"<p data-start=\"3913\" data-end=\"4228\"><strong data-start=\"3913\" data-end=\"3976\">Cable de conexi\u00f3n de bater\u00eda para montacargas Fr\u00f6tek 95\u00d7130<\/strong> es un cable de alta calidad para la transmisi\u00f3n segura y eficiente de corriente en sistemas de bater\u00edas industriales. Con una secci\u00f3n de 95 mm\u00b2 y longitud de 130 mm, es ideal para conexiones de celdas de bater\u00eda en montacargas y apiladores el\u00e9ctricos.<\/p>\n<p data-start=\"4230\" data-end=\"4252\"><strong data-start=\"4230\" data-end=\"4250\">Caracter\u00edsticas:<\/strong><\/p>\n<ul data-start=\"4253\" data-end=\"4456\">\n<li data-start=\"4253\" data-end=\"4274\">\n<p data-start=\"4255\" data-end=\"4274\"><strong data-start=\"4255\" data-end=\"4265\">Marca:<\/strong> Fr\u00f6tek<\/p>\n<\/li>\n<li data-start=\"4275\" data-end=\"4298\">\n<p data-start=\"4277\" data-end=\"4298\"><strong data-start=\"4277\" data-end=\"4289\">Secci\u00f3n:<\/strong> 95 mm\u00b2<\/p>\n<\/li>\n<li data-start=\"4299\" data-end=\"4323\">\n<p data-start=\"4301\" data-end=\"4323\"><strong data-start=\"4301\" data-end=\"4314\">Longitud:<\/strong> 130 mm<\/p>\n<\/li>\n<li data-start=\"4324\" data-end=\"4376\">\n<p data-start=\"4326\" data-end=\"4376\"><strong data-start=\"4326\" data-end=\"4334\">Uso:<\/strong> Conexiones de bater\u00edas para montacargas<\/p>\n<\/li>\n<li data-start=\"4377\" data-end=\"4456\">\n<p data-start=\"4379\" data-end=\"4456\"><strong data-start=\"4379\" data-end=\"4392\">Ventajas:<\/strong> Alta capacidad de corriente, construcci\u00f3n flexible y duradera<\/p>\n<\/li>\n<\/ul>\n","protected":false},"featured_media":16881,"template":"","meta":[],"product_brand":[],"product_cat":[446],"product_tag":[],"class_list":{"0":"post-16878","1":"product","2":"type-product","3":"status-publish","4":"has-post-thumbnail","6":"product_cat-aku-bar","8":"first","9":"instock","10":"taxable","11":"shipping-taxable","12":"purchasable","13":"product-type-simple"},"_links":{"self":[{"href":"https:\/\/ceoparts.com\/es\/wp-json\/wp\/v2\/product\/16878","targetHints":{"allow":["GET"]}}],"collection":[{"href":"https:\/\/ceoparts.com\/es\/wp-json\/wp\/v2\/product"}],"about":[{"href":"https:\/\/ceoparts.com\/es\/wp-json\/wp\/v2\/types\/product"}],"wp:featuredmedia":[{"embeddable":true,"href":"https:\/\/ceoparts.com\/es\/wp-json\/wp\/v2\/media\/16881"}],"wp:attachment":[{"href":"https:\/\/ceoparts.com\/es\/wp-json\/wp\/v2\/media?parent=16878"}],"wp:term":[{"taxonomy":"product_brand","embeddable":true,"href":"https:\/\/ceoparts.com\/es\/wp-json\/wp\/v2\/product_brand?post=16878"},{"taxonomy":"product_cat","embeddable":true,"href":"https:\/\/ceoparts.com\/es\/wp-json\/wp\/v2\/product_cat?post=16878"},{"taxonomy":"product_tag","embeddable":true,"href":"https:\/\/ceoparts.com\/es\/wp-json\/wp\/v2\/product_tag?post=16878"}],"curies":[{"name":"wp","href":"https:\/\/api.w.org\/{rel}","templated":true}]}}