{"id":16887,"date":"2025-05-08T17:34:54","date_gmt":"2025-05-08T14:34:54","guid":{"rendered":"https:\/\/ceoparts.com\/?post_type=product&#038;p=16887"},"modified":"2026-05-16T16:23:28","modified_gmt":"2026-05-16T13:23:28","slug":"toyota-direksiyon-dingili-43110f318271","status":"publish","type":"product","link":"https:\/\/ceoparts.com\/es\/urun\/toyota-direksiyon-dingili-43110f318271\/","title":{"rendered":"Eje de direcci\u00f3n Toyota \u2013 43110F318271"},"content":{"rendered":"<p>Eje de direcci\u00f3n Toyota \u2013 43110F318271<\/p>","protected":false},"excerpt":{"rendered":"<p data-start=\"3167\" data-end=\"3459\"><strong data-start=\"3167\" data-end=\"3209\">Eje de direcci\u00f3n Toyota \u2013 43110F318271<\/strong> es un repuesto de alta calidad dise\u00f1ado para montacargas y equipos industriales Toyota, que permite transmitir y estabilizar los movimientos de direcci\u00f3n. Su estructura resistente y compatibilidad original garantizan una operaci\u00f3n segura y duradera.<\/p>\n<p data-start=\"3461\" data-end=\"3483\"><strong data-start=\"3461\" data-end=\"3481\">Caracter\u00edsticas:<\/strong><\/p>\n<ul data-start=\"3484\" data-end=\"3652\">\n<li data-start=\"3484\" data-end=\"3505\">\n<p data-start=\"3486\" data-end=\"3505\"><strong data-start=\"3486\" data-end=\"3496\">Marca:<\/strong> Toyota<\/p>\n<\/li>\n<li data-start=\"3506\" data-end=\"3538\">\n<p data-start=\"3508\" data-end=\"3538\"><strong data-start=\"3508\" data-end=\"3523\">Referencia:<\/strong> 43110F318271<\/p>\n<\/li>\n<li data-start=\"3539\" data-end=\"3572\">\n<p data-start=\"3541\" data-end=\"3572\"><strong data-start=\"3541\" data-end=\"3549\">Uso:<\/strong> Sistema de direcci\u00f3n<\/p>\n<\/li>\n<li data-start=\"3573\" data-end=\"3652\">\n<p data-start=\"3575\" data-end=\"3652\"><strong data-start=\"3575\" data-end=\"3588\">Ventajas:<\/strong> Construcci\u00f3n resistente, alta compatibilidad, larga vida \u00fatil<\/p>\n<\/li>\n<\/ul>\n","protected":false},"featured_media":16895,"template":"","meta":[],"product_brand":[],"product_cat":[470,521,530],"product_tag":[],"class_list":{"0":"post-16887","1":"product","2":"type-product","3":"status-publish","4":"has-post-thumbnail","6":"product_cat-diger-yedek-parcalar","7":"product_cat-toyota","8":"product_cat-yedek-parca-toyota","10":"first","11":"instock","12":"taxable","13":"shipping-taxable","14":"purchasable","15":"product-type-simple"},"_links":{"self":[{"href":"https:\/\/ceoparts.com\/es\/wp-json\/wp\/v2\/product\/16887","targetHints":{"allow":["GET"]}}],"collection":[{"href":"https:\/\/ceoparts.com\/es\/wp-json\/wp\/v2\/product"}],"about":[{"href":"https:\/\/ceoparts.com\/es\/wp-json\/wp\/v2\/types\/product"}],"wp:featuredmedia":[{"embeddable":true,"href":"https:\/\/ceoparts.com\/es\/wp-json\/wp\/v2\/media\/16895"}],"wp:attachment":[{"href":"https:\/\/ceoparts.com\/es\/wp-json\/wp\/v2\/media?parent=16887"}],"wp:term":[{"taxonomy":"product_brand","embeddable":true,"href":"https:\/\/ceoparts.com\/es\/wp-json\/wp\/v2\/product_brand?post=16887"},{"taxonomy":"product_cat","embeddable":true,"href":"https:\/\/ceoparts.com\/es\/wp-json\/wp\/v2\/product_cat?post=16887"},{"taxonomy":"product_tag","embeddable":true,"href":"https:\/\/ceoparts.com\/es\/wp-json\/wp\/v2\/product_tag?post=16887"}],"curies":[{"name":"wp","href":"https:\/\/api.w.org\/{rel}","templated":true}]}}