{"id":16901,"date":"2025-05-09T14:43:11","date_gmt":"2025-05-09T11:43:11","guid":{"rendered":"https:\/\/ceoparts.com\/?post_type=product&#038;p=16901"},"modified":"2026-05-16T12:10:44","modified_gmt":"2026-05-16T09:10:44","slug":"still-ecu-korna-butonu-452049160","status":"publish","type":"product","link":"https:\/\/ceoparts.com\/es\/urun\/still-ecu-korna-butonu-452049160\/","title":{"rendered":"Bot\u00f3n de claxon ECU Still \u2013 452049160"},"content":{"rendered":"<p>Bot\u00f3n de claxon ECU Still \u2013 452049160<\/p>","protected":false},"excerpt":{"rendered":"<p data-start=\"3279\" data-end=\"3562\"><strong data-start=\"3279\" data-end=\"3320\">Bot\u00f3n de claxon Still ECU \u2013 452049160<\/strong> es un bot\u00f3n de control de alta calidad dise\u00f1ado para montacargas y veh\u00edculos industriales Still, que permite al operador emitir alertas sonoras en el entorno de trabajo. Dise\u00f1o ergon\u00f3mico y estructura resistente para un rendimiento duradero.<\/p>\n<p data-start=\"3564\" data-end=\"3586\"><strong data-start=\"3564\" data-end=\"3584\">Caracter\u00edsticas:<\/strong><\/p>\n<ul data-start=\"3587\" data-end=\"3753\">\n<li data-start=\"3587\" data-end=\"3607\">\n<p data-start=\"3589\" data-end=\"3607\"><strong data-start=\"3589\" data-end=\"3599\">Marca:<\/strong> Still<\/p>\n<\/li>\n<li data-start=\"3608\" data-end=\"3637\">\n<p data-start=\"3610\" data-end=\"3637\"><strong data-start=\"3610\" data-end=\"3625\">Referencia:<\/strong> 452049160<\/p>\n<\/li>\n<li data-start=\"3638\" data-end=\"3666\">\n<p data-start=\"3640\" data-end=\"3666\"><strong data-start=\"3640\" data-end=\"3648\">Uso:<\/strong> Bot\u00f3n de claxon<\/p>\n<\/li>\n<li data-start=\"3667\" data-end=\"3753\">\n<p data-start=\"3669\" data-end=\"3753\"><strong data-start=\"3669\" data-end=\"3684\">Beneficios:<\/strong> Construcci\u00f3n duradera, instalaci\u00f3n sencilla, funcionamiento fiable<\/p>\n<\/li>\n<\/ul>\n","protected":false},"featured_media":16905,"template":"","meta":[],"product_brand":[],"product_cat":[241,454,524],"product_tag":[],"class_list":{"0":"post-16901","1":"product","2":"type-product","3":"status-publish","4":"has-post-thumbnail","6":"product_cat-still","7":"product_cat-switch-ve-buton","8":"product_cat-yedek-parca-still","10":"first","11":"instock","12":"taxable","13":"shipping-taxable","14":"purchasable","15":"product-type-simple"},"_links":{"self":[{"href":"https:\/\/ceoparts.com\/es\/wp-json\/wp\/v2\/product\/16901","targetHints":{"allow":["GET"]}}],"collection":[{"href":"https:\/\/ceoparts.com\/es\/wp-json\/wp\/v2\/product"}],"about":[{"href":"https:\/\/ceoparts.com\/es\/wp-json\/wp\/v2\/types\/product"}],"wp:featuredmedia":[{"embeddable":true,"href":"https:\/\/ceoparts.com\/es\/wp-json\/wp\/v2\/media\/16905"}],"wp:attachment":[{"href":"https:\/\/ceoparts.com\/es\/wp-json\/wp\/v2\/media?parent=16901"}],"wp:term":[{"taxonomy":"product_brand","embeddable":true,"href":"https:\/\/ceoparts.com\/es\/wp-json\/wp\/v2\/product_brand?post=16901"},{"taxonomy":"product_cat","embeddable":true,"href":"https:\/\/ceoparts.com\/es\/wp-json\/wp\/v2\/product_cat?post=16901"},{"taxonomy":"product_tag","embeddable":true,"href":"https:\/\/ceoparts.com\/es\/wp-json\/wp\/v2\/product_tag?post=16901"}],"curies":[{"name":"wp","href":"https:\/\/api.w.org\/{rel}","templated":true}]}}