{"id":16917,"date":"2025-05-09T17:10:37","date_gmt":"2025-05-09T14:10:37","guid":{"rendered":"https:\/\/ceoparts.com\/?post_type=product&#038;p=16917"},"modified":"2026-05-16T18:10:39","modified_gmt":"2026-05-16T15:10:39","slug":"acil-stop-butonu-still-0529510","status":"publish","type":"product","link":"https:\/\/ceoparts.com\/es\/urun\/acil-stop-butonu-still-0529510\/","title":{"rendered":"Bot\u00f3n de paro de emergencia Still \u2013 0529510"},"content":{"rendered":"<p>Bot\u00f3n de paro de emergencia Still \u2013 0529510<\/p>","protected":false},"excerpt":{"rendered":"<p data-start=\"3414\" data-end=\"3755\"><strong data-start=\"3414\" data-end=\"3461\">Bot\u00f3n de paro de emergencia Still (0529510)<\/strong> es un componente de seguridad de alta calidad dise\u00f1ado para montacargas y veh\u00edculos industriales que proporciona un apagado r\u00e1pido y seguro en emergencias. Su f\u00e1cil uso y construcci\u00f3n duradera aumentan la seguridad del operador. Garantiza un apagado r\u00e1pido del sistema en situaciones cr\u00edticas.<\/p>\n<p data-start=\"3757\" data-end=\"3779\"><strong data-start=\"3757\" data-end=\"3777\">Caracter\u00edsticas:<\/strong><\/p>\n<ul data-start=\"3780\" data-end=\"3938\">\n<li data-start=\"3780\" data-end=\"3803\">\n<p data-start=\"3782\" data-end=\"3803\"><strong data-start=\"3782\" data-end=\"3793\">Modelo:<\/strong> 0529510<\/p>\n<\/li>\n<li data-start=\"3804\" data-end=\"3824\">\n<p data-start=\"3806\" data-end=\"3824\"><strong data-start=\"3806\" data-end=\"3816\">Marca:<\/strong> Still<\/p>\n<\/li>\n<li data-start=\"3825\" data-end=\"3865\">\n<p data-start=\"3827\" data-end=\"3865\"><strong data-start=\"3827\" data-end=\"3835\">Uso:<\/strong> Bot\u00f3n de paro de emergencia<\/p>\n<\/li>\n<li data-start=\"3866\" data-end=\"3938\">\n<p data-start=\"3868\" data-end=\"3938\"><strong data-start=\"3868\" data-end=\"3883\">Beneficios:<\/strong> Respuesta r\u00e1pida, dise\u00f1o duradero, f\u00e1cil instalaci\u00f3n<\/p>\n<\/li>\n<\/ul>\n","protected":false},"featured_media":16921,"template":"","meta":[],"product_brand":[],"product_cat":[241,469,524],"product_tag":[],"class_list":{"0":"post-16917","1":"product","2":"type-product","3":"status-publish","4":"has-post-thumbnail","6":"product_cat-still","7":"product_cat-elektrik-ve-sistem-parcalari","8":"product_cat-yedek-parca-still","10":"first","11":"instock","12":"taxable","13":"shipping-taxable","14":"purchasable","15":"product-type-simple"},"_links":{"self":[{"href":"https:\/\/ceoparts.com\/es\/wp-json\/wp\/v2\/product\/16917","targetHints":{"allow":["GET"]}}],"collection":[{"href":"https:\/\/ceoparts.com\/es\/wp-json\/wp\/v2\/product"}],"about":[{"href":"https:\/\/ceoparts.com\/es\/wp-json\/wp\/v2\/types\/product"}],"wp:featuredmedia":[{"embeddable":true,"href":"https:\/\/ceoparts.com\/es\/wp-json\/wp\/v2\/media\/16921"}],"wp:attachment":[{"href":"https:\/\/ceoparts.com\/es\/wp-json\/wp\/v2\/media?parent=16917"}],"wp:term":[{"taxonomy":"product_brand","embeddable":true,"href":"https:\/\/ceoparts.com\/es\/wp-json\/wp\/v2\/product_brand?post=16917"},{"taxonomy":"product_cat","embeddable":true,"href":"https:\/\/ceoparts.com\/es\/wp-json\/wp\/v2\/product_cat?post=16917"},{"taxonomy":"product_tag","embeddable":true,"href":"https:\/\/ceoparts.com\/es\/wp-json\/wp\/v2\/product_tag?post=16917"}],"curies":[{"name":"wp","href":"https:\/\/api.w.org\/{rel}","templated":true}]}}