{"id":16928,"date":"2025-05-10T08:57:57","date_gmt":"2025-05-10T05:57:57","guid":{"rendered":"https:\/\/ceoparts.com\/?post_type=product&#038;p=16928"},"modified":"2026-05-16T18:10:50","modified_gmt":"2026-05-16T15:10:50","slug":"bt-rre160-sigorta-kutusu-232805","status":"publish","type":"product","link":"https:\/\/ceoparts.com\/es\/urun\/bt-rre160-sigorta-kutusu-232805\/","title":{"rendered":"Caja de fusibles BT RRE160 \u2013 232805"},"content":{"rendered":"<p>Caja de fusibles BT RRE160 \u2013 232805<\/p>","protected":false},"excerpt":{"rendered":"<p data-start=\"3539\" data-end=\"3855\"><strong data-start=\"3539\" data-end=\"3569\">Caja de fusibles BT RRE160<\/strong> es una caja duradera y confiable dise\u00f1ada para montacargas y veh\u00edculos industriales. Protege su sistema el\u00e9ctrico y reduce las necesidades de mantenimiento gracias a su construcci\u00f3n resistente. F\u00e1cil de instalar, asegura la protecci\u00f3n segura de los circuitos el\u00e9ctricos de su veh\u00edculo.<\/p>\n<p data-start=\"3857\" data-end=\"3879\"><strong data-start=\"3857\" data-end=\"3877\">Caracter\u00edsticas:<\/strong><\/p>\n<ul data-start=\"3880\" data-end=\"4077\">\n<li data-start=\"3880\" data-end=\"3905\">\n<p data-start=\"3882\" data-end=\"3905\"><strong data-start=\"3882\" data-end=\"3893\">Modelo:<\/strong> BT RRE160<\/p>\n<\/li>\n<li data-start=\"3906\" data-end=\"3937\">\n<p data-start=\"3908\" data-end=\"3937\"><strong data-start=\"3908\" data-end=\"3928\">N\u00famero de pieza:<\/strong> 232805<\/p>\n<\/li>\n<li data-start=\"3938\" data-end=\"3984\">\n<p data-start=\"3940\" data-end=\"3984\"><strong data-start=\"3940\" data-end=\"3948\">Uso:<\/strong> Caja de fusibles para montacargas<\/p>\n<\/li>\n<li data-start=\"3985\" data-end=\"4077\">\n<p data-start=\"3987\" data-end=\"4077\"><strong data-start=\"3987\" data-end=\"4002\">Beneficios:<\/strong> Dise\u00f1o resistente, f\u00e1cil instalaci\u00f3n, protecci\u00f3n de circuitos el\u00e9ctricos<\/p>\n<\/li>\n<\/ul>\n","protected":false},"featured_media":16932,"template":"","meta":[],"product_brand":[],"product_cat":[251,470,518],"product_tag":[],"class_list":{"0":"post-16928","1":"product","2":"type-product","3":"status-publish","4":"has-post-thumbnail","6":"product_cat-bt","7":"product_cat-diger-yedek-parcalar","8":"product_cat-yedek-parca-bt","10":"first","11":"instock","12":"taxable","13":"shipping-taxable","14":"purchasable","15":"product-type-simple"},"_links":{"self":[{"href":"https:\/\/ceoparts.com\/es\/wp-json\/wp\/v2\/product\/16928","targetHints":{"allow":["GET"]}}],"collection":[{"href":"https:\/\/ceoparts.com\/es\/wp-json\/wp\/v2\/product"}],"about":[{"href":"https:\/\/ceoparts.com\/es\/wp-json\/wp\/v2\/types\/product"}],"wp:featuredmedia":[{"embeddable":true,"href":"https:\/\/ceoparts.com\/es\/wp-json\/wp\/v2\/media\/16932"}],"wp:attachment":[{"href":"https:\/\/ceoparts.com\/es\/wp-json\/wp\/v2\/media?parent=16928"}],"wp:term":[{"taxonomy":"product_brand","embeddable":true,"href":"https:\/\/ceoparts.com\/es\/wp-json\/wp\/v2\/product_brand?post=16928"},{"taxonomy":"product_cat","embeddable":true,"href":"https:\/\/ceoparts.com\/es\/wp-json\/wp\/v2\/product_cat?post=16928"},{"taxonomy":"product_tag","embeddable":true,"href":"https:\/\/ceoparts.com\/es\/wp-json\/wp\/v2\/product_tag?post=16928"}],"curies":[{"name":"wp","href":"https:\/\/api.w.org\/{rel}","templated":true}]}}