{"id":16939,"date":"2025-05-12T14:07:20","date_gmt":"2025-05-12T11:07:20","guid":{"rendered":"https:\/\/ceoparts.com\/?post_type=product&#038;p=16939"},"modified":"2026-05-16T17:29:29","modified_gmt":"2026-05-16T14:29:29","slug":"85x80-85-12-wicke-vulkollan-yuk-tekeri-0039933603","status":"publish","type":"product","link":"https:\/\/ceoparts.com\/es\/urun\/85x80-85-12-wicke-vulkollan-yuk-tekeri-0039933603\/","title":{"rendered":"Rueda de carga Wicke Vulkollan 85&#215;80\/85-12 \u2013 0039933603"},"content":{"rendered":"<p>Rueda de carga Wicke Vulkollan 85&#215;80\/85-12 \u2013 0039933603<\/p>\n<p>31\u00a0T20AP\/T20SP<br \/>\n131\u00a0T30<br \/>\n131\u00a0L14\/16AS<br \/>\n131-26\u00a0T20\/30 Ex &#8211; Zone1, 2 (2G, 3G)<\/p>\n<p>132\u00a0N20\/N24\/N20L\/N20LI<\/p>\n<p>140\u00a0T20R<\/p>\n<p>141\u00a0T20AP<br \/>\n141\u00a0T20\/30<\/p>\n<p>144\u00a0T20S\/T20SF<\/p>\n<p>145\u00a0N20N<\/p>\n<p>149\u00a0N20\/N25\/N20L\/LI\/LX<br \/>\n149\u00a0N20V-N20VI<\/p>\n<p>360\u00a0T16\/T18\/T20<br \/>\n360\u00a0T16\/T18\/T20\/T16L<\/p>\n<p>1111\u00a0N20VI &#8211; N20VLI<\/p>\n<p>1152\u00a0T16\/T18\/T20\/T16L<\/p>","protected":false},"excerpt":{"rendered":"<p data-start=\"3741\" data-end=\"4102\"><strong data-start=\"3741\" data-end=\"3787\">85\u00d780\/85-12 Rueda de carga Wicke Vulkollan<\/strong> es una rueda duradera y de alto rendimiento para montacargas. Fabricada con material Vulkollan, ofrece alta resistencia al desgaste, absorci\u00f3n de vibraciones y larga vida \u00fatil. Con un ancho de 85 mm y di\u00e1metro de 80\/85 mm, est\u00e1 dise\u00f1ada para cargas pesadas. Ideal para montacargas industriales y maquinaria pesada.<\/p>\n<p data-start=\"4104\" data-end=\"4126\"><strong data-start=\"4104\" data-end=\"4124\">Caracter\u00edsticas:<\/strong><\/p>\n<ul data-start=\"4127\" data-end=\"4321\">\n<li data-start=\"4127\" data-end=\"4154\">\n<p data-start=\"4129\" data-end=\"4154\"><strong data-start=\"4129\" data-end=\"4140\">Tama\u00f1o:<\/strong> 85\u00d780\/85-12<\/p>\n<\/li>\n<li data-start=\"4155\" data-end=\"4182\">\n<p data-start=\"4157\" data-end=\"4182\"><strong data-start=\"4157\" data-end=\"4170\">Material:<\/strong> Vulkollan<\/p>\n<\/li>\n<li data-start=\"4183\" data-end=\"4227\">\n<p data-start=\"4185\" data-end=\"4227\"><strong data-start=\"4185\" data-end=\"4193\">Uso:<\/strong> Rueda de carga para montacargas<\/p>\n<\/li>\n<li data-start=\"4228\" data-end=\"4321\">\n<p data-start=\"4230\" data-end=\"4321\"><strong data-start=\"4230\" data-end=\"4243\">Ventajas:<\/strong> Alta resistencia al desgaste, amortiguaci\u00f3n de vibraciones, larga vida \u00fatil<\/p>\n<\/li>\n<\/ul>\n","protected":false},"featured_media":17556,"template":"","meta":[],"product_brand":[],"product_cat":[246,248,400,402],"product_tag":[],"class_list":{"0":"post-16939","1":"product","2":"type-product","3":"status-publish","4":"has-post-thumbnail","6":"product_cat-linde","7":"product_cat-catal-tekeri-linde","8":"product_cat-catal-tekeri","9":"product_cat-catal-tekeri-wicke","11":"first","12":"instock","13":"taxable","14":"shipping-taxable","15":"purchasable","16":"product-type-simple"},"_links":{"self":[{"href":"https:\/\/ceoparts.com\/es\/wp-json\/wp\/v2\/product\/16939","targetHints":{"allow":["GET"]}}],"collection":[{"href":"https:\/\/ceoparts.com\/es\/wp-json\/wp\/v2\/product"}],"about":[{"href":"https:\/\/ceoparts.com\/es\/wp-json\/wp\/v2\/types\/product"}],"wp:featuredmedia":[{"embeddable":true,"href":"https:\/\/ceoparts.com\/es\/wp-json\/wp\/v2\/media\/17556"}],"wp:attachment":[{"href":"https:\/\/ceoparts.com\/es\/wp-json\/wp\/v2\/media?parent=16939"}],"wp:term":[{"taxonomy":"product_brand","embeddable":true,"href":"https:\/\/ceoparts.com\/es\/wp-json\/wp\/v2\/product_brand?post=16939"},{"taxonomy":"product_cat","embeddable":true,"href":"https:\/\/ceoparts.com\/es\/wp-json\/wp\/v2\/product_cat?post=16939"},{"taxonomy":"product_tag","embeddable":true,"href":"https:\/\/ceoparts.com\/es\/wp-json\/wp\/v2\/product_tag?post=16939"}],"curies":[{"name":"wp","href":"https:\/\/api.w.org\/{rel}","templated":true}]}}