{"id":16977,"date":"2025-05-16T17:01:34","date_gmt":"2025-05-16T14:01:34","guid":{"rendered":"https:\/\/ceoparts.com\/?post_type=product&#038;p=16977"},"modified":"2026-05-16T16:34:05","modified_gmt":"2026-05-16T13:34:05","slug":"frotek-aku-hucre-baglanti-kablosu-95x150","status":"publish","type":"product","link":"https:\/\/ceoparts.com\/es\/urun\/frotek-aku-hucre-baglanti-kablosu-95x150\/","title":{"rendered":"Cable de conexi\u00f3n de bater\u00eda para montacargas Frotek  95&#215;150"},"content":{"rendered":"<p>Cable de conexi\u00f3n de bater\u00eda para montacargas Frotek  95&#215;150<\/p>","protected":false},"excerpt":{"rendered":"<p data-start=\"3576\" data-end=\"3889\"><strong data-start=\"3576\" data-end=\"3632\">Cable de Conexi\u00f3n de Celdas de Bater\u00eda Fr\u00f6tek 95\u00d7150<\/strong> es un cable de alta calidad y durabilidad, dise\u00f1ado para conectar celdas en bater\u00edas de carretillas elevadoras y sistemas industriales. Con una secci\u00f3n de 95 mm\u00b2 y longitud de 150 mm, ofrece alta capacidad de corriente y funcionamiento seguro y prolongado.<\/p>\n<p data-start=\"3891\" data-end=\"3913\"><strong data-start=\"3891\" data-end=\"3911\">Caracter\u00edsticas:<\/strong><\/p>\n<ul data-start=\"3914\" data-end=\"4121\">\n<li data-start=\"3914\" data-end=\"3935\">\n<p data-start=\"3916\" data-end=\"3935\"><strong data-start=\"3916\" data-end=\"3926\">Marca:<\/strong> Fr\u00f6tek<\/p>\n<\/li>\n<li data-start=\"3936\" data-end=\"3968\">\n<p data-start=\"3938\" data-end=\"3968\"><strong data-start=\"3938\" data-end=\"3959\">Secci\u00f3n de cable:<\/strong> 95 mm\u00b2<\/p>\n<\/li>\n<li data-start=\"3969\" data-end=\"3993\">\n<p data-start=\"3971\" data-end=\"3993\"><strong data-start=\"3971\" data-end=\"3984\">Longitud:<\/strong> 150 mm<\/p>\n<\/li>\n<li data-start=\"3994\" data-end=\"4074\">\n<p data-start=\"3996\" data-end=\"4074\"><strong data-start=\"3996\" data-end=\"4011\">Aplicaci\u00f3n:<\/strong> Sistemas de bater\u00eda para carretillas elevadoras e industrias<\/p>\n<\/li>\n<li data-start=\"4075\" data-end=\"4121\">\n<p data-start=\"4077\" data-end=\"4121\"><strong data-start=\"4077\" data-end=\"4089\">Funci\u00f3n:<\/strong> Conexi\u00f3n de celdas de bater\u00eda<\/p>\n<\/li>\n<\/ul>\n","protected":false},"featured_media":16978,"template":"","meta":[],"product_brand":[],"product_cat":[446],"product_tag":[],"class_list":{"0":"post-16977","1":"product","2":"type-product","3":"status-publish","4":"has-post-thumbnail","6":"product_cat-aku-bar","8":"first","9":"instock","10":"taxable","11":"shipping-taxable","12":"purchasable","13":"product-type-simple"},"_links":{"self":[{"href":"https:\/\/ceoparts.com\/es\/wp-json\/wp\/v2\/product\/16977","targetHints":{"allow":["GET"]}}],"collection":[{"href":"https:\/\/ceoparts.com\/es\/wp-json\/wp\/v2\/product"}],"about":[{"href":"https:\/\/ceoparts.com\/es\/wp-json\/wp\/v2\/types\/product"}],"wp:featuredmedia":[{"embeddable":true,"href":"https:\/\/ceoparts.com\/es\/wp-json\/wp\/v2\/media\/16978"}],"wp:attachment":[{"href":"https:\/\/ceoparts.com\/es\/wp-json\/wp\/v2\/media?parent=16977"}],"wp:term":[{"taxonomy":"product_brand","embeddable":true,"href":"https:\/\/ceoparts.com\/es\/wp-json\/wp\/v2\/product_brand?post=16977"},{"taxonomy":"product_cat","embeddable":true,"href":"https:\/\/ceoparts.com\/es\/wp-json\/wp\/v2\/product_cat?post=16977"},{"taxonomy":"product_tag","embeddable":true,"href":"https:\/\/ceoparts.com\/es\/wp-json\/wp\/v2\/product_tag?post=16977"}],"curies":[{"name":"wp","href":"https:\/\/api.w.org\/{rel}","templated":true}]}}