{"id":16980,"date":"2025-05-16T17:03:43","date_gmt":"2025-05-16T14:03:43","guid":{"rendered":"https:\/\/ceoparts.com\/?post_type=product&#038;p=16980"},"modified":"2026-05-16T16:34:22","modified_gmt":"2026-05-16T13:34:22","slug":"frotek-aku-hucre-baglanti-kablosu-95x170","status":"publish","type":"product","link":"https:\/\/ceoparts.com\/es\/urun\/frotek-aku-hucre-baglanti-kablosu-95x170\/","title":{"rendered":"Cable de conexi\u00f3n de bater\u00eda para montacargas Frotek 95&#215;170"},"content":{"rendered":"<p>Cable de conexi\u00f3n de bater\u00eda para montacargas Frotek 95&#215;170<\/p>","protected":false},"excerpt":{"rendered":"<p data-start=\"4122\" data-end=\"4533\"><strong data-start=\"4122\" data-end=\"4178\">Cable de Conexi\u00f3n de Celdas de Bater\u00eda Fr\u00f6tek 95\u00d7170<\/strong> es un cable de alta calidad y durabilidad, dise\u00f1ado para conectar celdas en bater\u00edas de carretillas elevadoras y sistemas industriales. Con una secci\u00f3n de cable de 95 mm\u00b2 y una longitud de 170 mm, ofrece alta capacidad de corriente y excelente conductividad. Su estructura flexible y terminales resistentes aseguran un funcionamiento seguro y prolongado.<\/p>\n<p data-start=\"4535\" data-end=\"4557\"><strong data-start=\"4535\" data-end=\"4555\">Caracter\u00edsticas:<\/strong><\/p>\n<ul data-start=\"4558\" data-end=\"4776\">\n<li data-start=\"4558\" data-end=\"4579\">\n<p data-start=\"4560\" data-end=\"4579\"><strong data-start=\"4560\" data-end=\"4570\">Marca:<\/strong> Fr\u00f6tek<\/p>\n<\/li>\n<li data-start=\"4580\" data-end=\"4612\">\n<p data-start=\"4582\" data-end=\"4612\"><strong data-start=\"4582\" data-end=\"4603\">Secci\u00f3n de cable:<\/strong> 95 mm\u00b2<\/p>\n<\/li>\n<li data-start=\"4613\" data-end=\"4637\">\n<p data-start=\"4615\" data-end=\"4637\"><strong data-start=\"4615\" data-end=\"4628\">Longitud:<\/strong> 170 mm<\/p>\n<\/li>\n<li data-start=\"4638\" data-end=\"4729\">\n<p data-start=\"4640\" data-end=\"4729\"><strong data-start=\"4640\" data-end=\"4655\">Aplicaci\u00f3n:<\/strong> Sistemas de bater\u00eda para carretillas elevadoras y sistemas industriales<\/p>\n<\/li>\n<li data-start=\"4730\" data-end=\"4776\">\n<p data-start=\"4732\" data-end=\"4776\"><strong data-start=\"4732\" data-end=\"4744\">Funci\u00f3n:<\/strong> Conexi\u00f3n de celdas de bater\u00eda<\/p>\n<\/li>\n<\/ul>\n","protected":false},"featured_media":16982,"template":"","meta":[],"product_brand":[],"product_cat":[446],"product_tag":[],"class_list":{"0":"post-16980","1":"product","2":"type-product","3":"status-publish","4":"has-post-thumbnail","6":"product_cat-aku-bar","8":"first","9":"instock","10":"taxable","11":"shipping-taxable","12":"purchasable","13":"product-type-simple"},"_links":{"self":[{"href":"https:\/\/ceoparts.com\/es\/wp-json\/wp\/v2\/product\/16980","targetHints":{"allow":["GET"]}}],"collection":[{"href":"https:\/\/ceoparts.com\/es\/wp-json\/wp\/v2\/product"}],"about":[{"href":"https:\/\/ceoparts.com\/es\/wp-json\/wp\/v2\/types\/product"}],"wp:featuredmedia":[{"embeddable":true,"href":"https:\/\/ceoparts.com\/es\/wp-json\/wp\/v2\/media\/16982"}],"wp:attachment":[{"href":"https:\/\/ceoparts.com\/es\/wp-json\/wp\/v2\/media?parent=16980"}],"wp:term":[{"taxonomy":"product_brand","embeddable":true,"href":"https:\/\/ceoparts.com\/es\/wp-json\/wp\/v2\/product_brand?post=16980"},{"taxonomy":"product_cat","embeddable":true,"href":"https:\/\/ceoparts.com\/es\/wp-json\/wp\/v2\/product_cat?post=16980"},{"taxonomy":"product_tag","embeddable":true,"href":"https:\/\/ceoparts.com\/es\/wp-json\/wp\/v2\/product_tag?post=16980"}],"curies":[{"name":"wp","href":"https:\/\/api.w.org\/{rel}","templated":true}]}}