{"id":16993,"date":"2025-05-17T11:04:44","date_gmt":"2025-05-17T08:04:44","guid":{"rendered":"https:\/\/ceoparts.com\/?post_type=product&#038;p=16993"},"modified":"2026-05-16T05:01:28","modified_gmt":"2026-05-16T02:01:28","slug":"forklift-dc-dc-konvertor-voltaj-dusurucu-72v-80v-300w-62211101","status":"publish","type":"product","link":"https:\/\/ceoparts.com\/es\/urun\/forklift-dc-dc-konvertor-voltaj-dusurucu-72v-80v-300w-62211101\/","title":{"rendered":"Convertidor DC-DC para montacargas \u2013 Reductor de voltaje 72V\u201380V 300W &#8211; 62211101"},"content":{"rendered":"<p>Convertidor DC-DC para montacargas \u2013 Reductor de voltaje 72V\u201380V 300W &#8211; 62211101<\/p>","protected":false},"excerpt":{"rendered":"<p data-start=\"4138\" data-end=\"4522\"><strong data-start=\"4138\" data-end=\"4211\">Convertidor DC-DC para Carretillas Elevadoras 72V-80V 300W \u2013 62211101<\/strong> es un convertidor de voltaje de alta calidad dise\u00f1ado para carretillas elevadoras y veh\u00edculos industriales, que reduce altos voltajes a 12V o 24V para el funcionamiento seguro de dispositivos electr\u00f3nicos. Ofrece un rendimiento estable y potente con un rango de entrada de 72V-80V y potencia de salida de 300W.<\/p>\n<p data-start=\"4524\" data-end=\"4546\"><strong data-start=\"4524\" data-end=\"4544\">Caracter\u00edsticas:<\/strong><\/p>\n<ul data-start=\"4547\" data-end=\"4803\">\n<li data-start=\"4547\" data-end=\"4582\">\n<p data-start=\"4549\" data-end=\"4582\"><strong data-start=\"4549\" data-end=\"4572\">Voltaje de entrada:<\/strong> 72V-80V<\/p>\n<\/li>\n<li data-start=\"4583\" data-end=\"4634\">\n<p data-start=\"4585\" data-end=\"4634\"><strong data-start=\"4585\" data-end=\"4607\">Voltaje de salida:<\/strong> 12V \/ 24V (seg\u00fan modelo)<\/p>\n<\/li>\n<li data-start=\"4635\" data-end=\"4657\">\n<p data-start=\"4637\" data-end=\"4657\"><strong data-start=\"4637\" data-end=\"4650\">Potencia:<\/strong> 300W<\/p>\n<\/li>\n<li data-start=\"4658\" data-end=\"4752\">\n<p data-start=\"4660\" data-end=\"4752\"><strong data-start=\"4660\" data-end=\"4675\">Aplicaci\u00f3n:<\/strong> Carretillas elevadoras, maquinaria de construcci\u00f3n, veh\u00edculos industriales<\/p>\n<\/li>\n<li data-start=\"4753\" data-end=\"4803\">\n<p data-start=\"4755\" data-end=\"4803\"><strong data-start=\"4755\" data-end=\"4767\">Funci\u00f3n:<\/strong> Reducci\u00f3n y regulaci\u00f3n de voltaje<\/p>\n<\/li>\n<\/ul>\n","protected":false},"featured_media":16995,"template":"","meta":[],"product_brand":[],"product_cat":[448],"product_tag":[],"class_list":{"0":"post-16993","1":"product","2":"type-product","3":"status-publish","4":"has-post-thumbnail","6":"product_cat-guc-kaynaklari","8":"first","9":"instock","10":"taxable","11":"shipping-taxable","12":"purchasable","13":"product-type-simple"},"_links":{"self":[{"href":"https:\/\/ceoparts.com\/es\/wp-json\/wp\/v2\/product\/16993","targetHints":{"allow":["GET"]}}],"collection":[{"href":"https:\/\/ceoparts.com\/es\/wp-json\/wp\/v2\/product"}],"about":[{"href":"https:\/\/ceoparts.com\/es\/wp-json\/wp\/v2\/types\/product"}],"wp:featuredmedia":[{"embeddable":true,"href":"https:\/\/ceoparts.com\/es\/wp-json\/wp\/v2\/media\/16995"}],"wp:attachment":[{"href":"https:\/\/ceoparts.com\/es\/wp-json\/wp\/v2\/media?parent=16993"}],"wp:term":[{"taxonomy":"product_brand","embeddable":true,"href":"https:\/\/ceoparts.com\/es\/wp-json\/wp\/v2\/product_brand?post=16993"},{"taxonomy":"product_cat","embeddable":true,"href":"https:\/\/ceoparts.com\/es\/wp-json\/wp\/v2\/product_cat?post=16993"},{"taxonomy":"product_tag","embeddable":true,"href":"https:\/\/ceoparts.com\/es\/wp-json\/wp\/v2\/product_tag?post=16993"}],"curies":[{"name":"wp","href":"https:\/\/api.w.org\/{rel}","templated":true}]}}