{"id":17002,"date":"2025-05-20T10:22:06","date_gmt":"2025-05-20T07:22:06","guid":{"rendered":"https:\/\/ceoparts.com\/?post_type=product&#038;p=17002"},"modified":"2026-05-16T14:33:51","modified_gmt":"2026-05-16T11:33:51","slug":"megaval-fuse-175a-beyaz","status":"publish","type":"product","link":"https:\/\/ceoparts.com\/es\/urun\/megaval-fuse-175a-beyaz\/","title":{"rendered":"Fusible Megaval 175A Blanco"},"content":{"rendered":"<p>Fusible Megaval 175A Blanco<\/p>","protected":false},"excerpt":{"rendered":"<p data-start=\"3880\" data-end=\"4292\"><strong data-start=\"3880\" data-end=\"3911\">Fusible Megaval 175A Blanco<\/strong> es un fusible de alta calidad dise\u00f1ado para sistemas el\u00e9ctricos de veh\u00edculos e industriales, proporcionando protecci\u00f3n contra sobrecorriente. Con una capacidad de 175 amperios, ofrece seguridad confiable en sistemas de bater\u00edas, carretillas elevadoras, maquinaria de construcci\u00f3n y veh\u00edculos industriales. Sus terminales resistentes y cuerpo duradero garantizan un uso prolongado.<\/p>\n<p data-start=\"4294\" data-end=\"4316\"><strong data-start=\"4294\" data-end=\"4314\">Caracter\u00edsticas:<\/strong><\/p>\n<ul data-start=\"4317\" data-end=\"4567\">\n<li data-start=\"4317\" data-end=\"4346\">\n<p data-start=\"4319\" data-end=\"4346\"><strong data-start=\"4319\" data-end=\"4328\">Tipo:<\/strong> Fusible Megaval<\/p>\n<\/li>\n<li data-start=\"4347\" data-end=\"4378\">\n<p data-start=\"4349\" data-end=\"4378\"><strong data-start=\"4349\" data-end=\"4363\">Corriente:<\/strong> 175 Amperios<\/p>\n<\/li>\n<li data-start=\"4379\" data-end=\"4400\">\n<p data-start=\"4381\" data-end=\"4400\"><strong data-start=\"4381\" data-end=\"4391\">Color:<\/strong> Blanco<\/p>\n<\/li>\n<li data-start=\"4401\" data-end=\"4517\">\n<p data-start=\"4403\" data-end=\"4517\"><strong data-start=\"4403\" data-end=\"4418\">Aplicaci\u00f3n:<\/strong> Sistemas de bater\u00edas, carretillas elevadoras, maquinaria de construcci\u00f3n, veh\u00edculos industriales<\/p>\n<\/li>\n<li data-start=\"4518\" data-end=\"4567\">\n<p data-start=\"4520\" data-end=\"4567\"><strong data-start=\"4520\" data-end=\"4532\">Funci\u00f3n:<\/strong> Protecci\u00f3n contra sobrecorriente<\/p>\n<\/li>\n<\/ul>\n","protected":false},"featured_media":17004,"template":"","meta":[],"product_brand":[],"product_cat":[443],"product_tag":[],"class_list":{"0":"post-17002","1":"product","2":"type-product","3":"status-publish","4":"has-post-thumbnail","6":"product_cat-aku-parcalari","8":"first","9":"instock","10":"taxable","11":"shipping-taxable","12":"purchasable","13":"product-type-simple"},"_links":{"self":[{"href":"https:\/\/ceoparts.com\/es\/wp-json\/wp\/v2\/product\/17002","targetHints":{"allow":["GET"]}}],"collection":[{"href":"https:\/\/ceoparts.com\/es\/wp-json\/wp\/v2\/product"}],"about":[{"href":"https:\/\/ceoparts.com\/es\/wp-json\/wp\/v2\/types\/product"}],"wp:featuredmedia":[{"embeddable":true,"href":"https:\/\/ceoparts.com\/es\/wp-json\/wp\/v2\/media\/17004"}],"wp:attachment":[{"href":"https:\/\/ceoparts.com\/es\/wp-json\/wp\/v2\/media?parent=17002"}],"wp:term":[{"taxonomy":"product_brand","embeddable":true,"href":"https:\/\/ceoparts.com\/es\/wp-json\/wp\/v2\/product_brand?post=17002"},{"taxonomy":"product_cat","embeddable":true,"href":"https:\/\/ceoparts.com\/es\/wp-json\/wp\/v2\/product_cat?post=17002"},{"taxonomy":"product_tag","embeddable":true,"href":"https:\/\/ceoparts.com\/es\/wp-json\/wp\/v2\/product_tag?post=17002"}],"curies":[{"name":"wp","href":"https:\/\/api.w.org\/{rel}","templated":true}]}}