{"id":17049,"date":"2025-05-21T10:27:18","date_gmt":"2025-05-21T07:27:18","guid":{"rendered":"https:\/\/ceoparts.com\/?post_type=product&#038;p=17049"},"modified":"2026-05-16T14:01:50","modified_gmt":"2026-05-16T11:01:50","slug":"linde-encoder-52123607400","status":"publish","type":"product","link":"https:\/\/ceoparts.com\/es\/urun\/linde-encoder-52123607400\/","title":{"rendered":"Encoder Linde \u2013 52123607400"},"content":{"rendered":"<p>Encoder Linde \u2013 52123607400<\/p>","protected":false},"excerpt":{"rendered":"<p data-start=\"3364\" data-end=\"3701\"><strong data-start=\"3364\" data-end=\"3395\">Encoder Linde \u2013 52123607400<\/strong> es una pieza de sensor original de alta precisi\u00f3n utilizada para la medici\u00f3n de velocidad y posici\u00f3n en carretillas elevadoras y apiladores Linde. Proporciona datos fiables para los sistemas de control de su m\u00e1quina, mejorando el rendimiento y la seguridad. Su dise\u00f1o duradero garantiza un uso prolongado.<\/p>\n<p data-start=\"3703\" data-end=\"3725\"><strong data-start=\"3703\" data-end=\"3723\">Caracter\u00edsticas:<\/strong><\/p>\n<ul data-start=\"3726\" data-end=\"3901\">\n<li data-start=\"3726\" data-end=\"3765\">\n<p data-start=\"3728\" data-end=\"3765\"><strong data-start=\"3728\" data-end=\"3751\">C\u00f3digo de producto:<\/strong> 52123607400<\/p>\n<\/li>\n<li data-start=\"3766\" data-end=\"3827\">\n<p data-start=\"3768\" data-end=\"3827\"><strong data-start=\"3768\" data-end=\"3783\">Aplicaci\u00f3n:<\/strong> Carretillas elevadoras y apiladores Linde<\/p>\n<\/li>\n<li data-start=\"3828\" data-end=\"3877\">\n<p data-start=\"3830\" data-end=\"3877\"><strong data-start=\"3830\" data-end=\"3842\">Funci\u00f3n:<\/strong> Medici\u00f3n de velocidad y posici\u00f3n<\/p>\n<\/li>\n<li data-start=\"3878\" data-end=\"3901\">\n<p data-start=\"3880\" data-end=\"3901\"><strong data-start=\"3880\" data-end=\"3901\">Repuesto original<\/strong><\/p>\n<\/li>\n<\/ul>\n","protected":false},"featured_media":17055,"template":"","meta":[],"product_brand":[],"product_cat":[246,470,523],"product_tag":[],"class_list":{"0":"post-17049","1":"product","2":"type-product","3":"status-publish","4":"has-post-thumbnail","6":"product_cat-linde","7":"product_cat-diger-yedek-parcalar","8":"product_cat-yedek-parca-linde","10":"first","11":"instock","12":"taxable","13":"shipping-taxable","14":"purchasable","15":"product-type-simple"},"_links":{"self":[{"href":"https:\/\/ceoparts.com\/es\/wp-json\/wp\/v2\/product\/17049","targetHints":{"allow":["GET"]}}],"collection":[{"href":"https:\/\/ceoparts.com\/es\/wp-json\/wp\/v2\/product"}],"about":[{"href":"https:\/\/ceoparts.com\/es\/wp-json\/wp\/v2\/types\/product"}],"wp:featuredmedia":[{"embeddable":true,"href":"https:\/\/ceoparts.com\/es\/wp-json\/wp\/v2\/media\/17055"}],"wp:attachment":[{"href":"https:\/\/ceoparts.com\/es\/wp-json\/wp\/v2\/media?parent=17049"}],"wp:term":[{"taxonomy":"product_brand","embeddable":true,"href":"https:\/\/ceoparts.com\/es\/wp-json\/wp\/v2\/product_brand?post=17049"},{"taxonomy":"product_cat","embeddable":true,"href":"https:\/\/ceoparts.com\/es\/wp-json\/wp\/v2\/product_cat?post=17049"},{"taxonomy":"product_tag","embeddable":true,"href":"https:\/\/ceoparts.com\/es\/wp-json\/wp\/v2\/product_tag?post=17049"}],"curies":[{"name":"wp","href":"https:\/\/api.w.org\/{rel}","templated":true}]}}