{"id":17072,"date":"2025-05-21T15:26:23","date_gmt":"2025-05-21T12:26:23","guid":{"rendered":"https:\/\/ceoparts.com\/?post_type=product&#038;p=17072"},"modified":"2026-05-16T16:39:15","modified_gmt":"2026-05-16T13:39:15","slug":"linde-hidrolik-pompa-takimi-0039810878","status":"publish","type":"product","link":"https:\/\/ceoparts.com\/es\/urun\/linde-hidrolik-pompa-takimi-0039810878\/","title":{"rendered":"Conjunto de bomba hidr\u00e1ulica Linde \u2013 0039810878"},"content":{"rendered":"<p>Conjunto de bomba hidr\u00e1ulica Linde \u2013 0039810878<\/p>","protected":false},"excerpt":{"rendered":"<p data-start=\"3320\" data-end=\"3665\"><strong data-start=\"3320\" data-end=\"3368\">Conjunto bomba hidr\u00e1ulica Linde \u2013 0039810878<\/strong> es un conjunto original de bomba hidr\u00e1ulica de alto rendimiento utilizado en carretillas elevadoras y apiladores Linde. Su construcci\u00f3n robusta asegura un funcionamiento suave del sistema hidr\u00e1ulico y ofrece un servicio duradero y fiable. Ayuda a que su maquinaria funcione con eficiencia \u00f3ptima.<\/p>\n<p data-start=\"3667\" data-end=\"3689\"><strong data-start=\"3667\" data-end=\"3687\">Caracter\u00edsticas:<\/strong><\/p>\n<ul data-start=\"3690\" data-end=\"3854\">\n<li data-start=\"3690\" data-end=\"3728\">\n<p data-start=\"3692\" data-end=\"3728\"><strong data-start=\"3692\" data-end=\"3715\">C\u00f3digo de producto:<\/strong> 0039810878<\/p>\n<\/li>\n<li data-start=\"3729\" data-end=\"3790\">\n<p data-start=\"3731\" data-end=\"3790\"><strong data-start=\"3731\" data-end=\"3746\">Aplicaci\u00f3n:<\/strong> Carretillas elevadoras y apiladores Linde<\/p>\n<\/li>\n<li data-start=\"3791\" data-end=\"3830\">\n<p data-start=\"3793\" data-end=\"3830\"><strong data-start=\"3793\" data-end=\"3802\">Tipo:<\/strong> Conjunto bomba hidr\u00e1ulica<\/p>\n<\/li>\n<li data-start=\"3831\" data-end=\"3854\">\n<p data-start=\"3833\" data-end=\"3854\"><strong data-start=\"3833\" data-end=\"3854\">Repuesto original<\/strong><\/p>\n<\/li>\n<\/ul>\n","protected":false},"featured_media":17077,"template":"","meta":[],"product_brand":[],"product_cat":[246,461,523],"product_tag":[],"class_list":{"0":"post-17072","1":"product","2":"type-product","3":"status-publish","4":"has-post-thumbnail","6":"product_cat-linde","7":"product_cat-hidrolik-sistemi","8":"product_cat-yedek-parca-linde","10":"first","11":"instock","12":"taxable","13":"shipping-taxable","14":"purchasable","15":"product-type-simple"},"_links":{"self":[{"href":"https:\/\/ceoparts.com\/es\/wp-json\/wp\/v2\/product\/17072","targetHints":{"allow":["GET"]}}],"collection":[{"href":"https:\/\/ceoparts.com\/es\/wp-json\/wp\/v2\/product"}],"about":[{"href":"https:\/\/ceoparts.com\/es\/wp-json\/wp\/v2\/types\/product"}],"wp:featuredmedia":[{"embeddable":true,"href":"https:\/\/ceoparts.com\/es\/wp-json\/wp\/v2\/media\/17077"}],"wp:attachment":[{"href":"https:\/\/ceoparts.com\/es\/wp-json\/wp\/v2\/media?parent=17072"}],"wp:term":[{"taxonomy":"product_brand","embeddable":true,"href":"https:\/\/ceoparts.com\/es\/wp-json\/wp\/v2\/product_brand?post=17072"},{"taxonomy":"product_cat","embeddable":true,"href":"https:\/\/ceoparts.com\/es\/wp-json\/wp\/v2\/product_cat?post=17072"},{"taxonomy":"product_tag","embeddable":true,"href":"https:\/\/ceoparts.com\/es\/wp-json\/wp\/v2\/product_tag?post=17072"}],"curies":[{"name":"wp","href":"https:\/\/api.w.org\/{rel}","templated":true}]}}