{"id":17079,"date":"2025-05-22T11:09:56","date_gmt":"2025-05-22T08:09:56","guid":{"rendered":"https:\/\/ceoparts.com\/?post_type=product&#038;p=17079"},"modified":"2026-05-16T18:47:17","modified_gmt":"2026-05-16T15:47:17","slug":"still-fmx-reduktor-11202601000","status":"publish","type":"product","link":"https:\/\/ceoparts.com\/es\/urun\/still-fmx-reduktor-11202601000\/","title":{"rendered":"Reductor STILL FMX \u2013 11202601000"},"content":{"rendered":"<p>Reductor STILL FMX \u2013 11202601000<\/p>","protected":false},"excerpt":{"rendered":"<p data-start=\"3378\" data-end=\"3708\"><strong data-start=\"3378\" data-end=\"3414\">Reductor Still FMX \u2013 11202601000<\/strong> es una pieza original de alta calidad utilizada en carretillas elevadoras y apiladores Still para garantizar una transmisi\u00f3n de potencia eficiente. Contribuye al rendimiento \u00f3ptimo de sus m\u00e1quinas gracias a su durabilidad y fiabilidad. Dise\u00f1ado para un uso prolongado en condiciones exigentes.<\/p>\n<p data-start=\"3710\" data-end=\"3732\"><strong data-start=\"3710\" data-end=\"3730\">Caracter\u00edsticas:<\/strong><\/p>\n<ul data-start=\"3733\" data-end=\"3918\">\n<li data-start=\"3733\" data-end=\"3772\">\n<p data-start=\"3735\" data-end=\"3772\"><strong data-start=\"3735\" data-end=\"3758\">C\u00f3digo de producto:<\/strong> 11202601000<\/p>\n<\/li>\n<li data-start=\"3773\" data-end=\"3838\">\n<p data-start=\"3775\" data-end=\"3838\"><strong data-start=\"3775\" data-end=\"3790\">Aplicaci\u00f3n:<\/strong> Carretillas elevadoras y apiladores Still FMX<\/p>\n<\/li>\n<li data-start=\"3839\" data-end=\"3894\">\n<p data-start=\"3841\" data-end=\"3894\"><strong data-start=\"3841\" data-end=\"3854\">Material:<\/strong> Aleaci\u00f3n met\u00e1lica de alta durabilidad<\/p>\n<\/li>\n<li data-start=\"3895\" data-end=\"3918\">\n<p data-start=\"3897\" data-end=\"3918\"><strong data-start=\"3897\" data-end=\"3918\">Repuesto original<\/strong><\/p>\n<\/li>\n<\/ul>\n","protected":false},"featured_media":17080,"template":"","meta":[],"product_brand":[],"product_cat":[241,470,524],"product_tag":[],"class_list":{"0":"post-17079","1":"product","2":"type-product","3":"status-publish","4":"has-post-thumbnail","6":"product_cat-still","7":"product_cat-diger-yedek-parcalar","8":"product_cat-yedek-parca-still","10":"first","11":"instock","12":"taxable","13":"shipping-taxable","14":"purchasable","15":"product-type-simple"},"_links":{"self":[{"href":"https:\/\/ceoparts.com\/es\/wp-json\/wp\/v2\/product\/17079","targetHints":{"allow":["GET"]}}],"collection":[{"href":"https:\/\/ceoparts.com\/es\/wp-json\/wp\/v2\/product"}],"about":[{"href":"https:\/\/ceoparts.com\/es\/wp-json\/wp\/v2\/types\/product"}],"wp:featuredmedia":[{"embeddable":true,"href":"https:\/\/ceoparts.com\/es\/wp-json\/wp\/v2\/media\/17080"}],"wp:attachment":[{"href":"https:\/\/ceoparts.com\/es\/wp-json\/wp\/v2\/media?parent=17079"}],"wp:term":[{"taxonomy":"product_brand","embeddable":true,"href":"https:\/\/ceoparts.com\/es\/wp-json\/wp\/v2\/product_brand?post=17079"},{"taxonomy":"product_cat","embeddable":true,"href":"https:\/\/ceoparts.com\/es\/wp-json\/wp\/v2\/product_cat?post=17079"},{"taxonomy":"product_tag","embeddable":true,"href":"https:\/\/ceoparts.com\/es\/wp-json\/wp\/v2\/product_tag?post=17079"}],"curies":[{"name":"wp","href":"https:\/\/api.w.org\/{rel}","templated":true}]}}