{"id":17096,"date":"2025-05-22T13:37:15","date_gmt":"2025-05-22T10:37:15","guid":{"rendered":"https:\/\/ceoparts.com\/?post_type=product&#038;p=17096"},"modified":"2026-05-16T13:00:09","modified_gmt":"2026-05-16T10:00:09","slug":"still-ecu-kaldirma-butonu-452049164","status":"publish","type":"product","link":"https:\/\/ceoparts.com\/es\/urun\/still-ecu-kaldirma-butonu-452049164\/","title":{"rendered":"Bot\u00f3n de elevaci\u00f3n ECU Still \u2013 452049164"},"content":{"rendered":"<p>Bot\u00f3n de elevaci\u00f3n ECU Still \u2013 452049164<\/p>","protected":false},"excerpt":{"rendered":"<p data-start=\"3194\" data-end=\"3471\"><strong data-start=\"3194\" data-end=\"3238\">Bot\u00f3n de elevaci\u00f3n Still ECU \u2013 452049164<\/strong> es el bot\u00f3n de control original para manejar la funci\u00f3n de elevaci\u00f3n en transpaletas y apiladores Still ECU. Su dise\u00f1o ergon\u00f3mico permite un uso seguro y c\u00f3modo. Construido para resistir, es ideal para entornos de trabajo exigentes.<\/p>\n<p data-start=\"3473\" data-end=\"3495\"><strong data-start=\"3473\" data-end=\"3493\">Caracter\u00edsticas:<\/strong><\/p>\n<ul data-start=\"3496\" data-end=\"3662\">\n<li data-start=\"3496\" data-end=\"3533\">\n<p data-start=\"3498\" data-end=\"3533\"><strong data-start=\"3498\" data-end=\"3521\">C\u00f3digo de producto:<\/strong> 452049164<\/p>\n<\/li>\n<li data-start=\"3534\" data-end=\"3594\">\n<p data-start=\"3536\" data-end=\"3594\"><strong data-start=\"3536\" data-end=\"3551\">Aplicaci\u00f3n:<\/strong> Bot\u00f3n de elevaci\u00f3n transpaleta Still ECU<\/p>\n<\/li>\n<li data-start=\"3595\" data-end=\"3638\">\n<p data-start=\"3597\" data-end=\"3638\"><strong data-start=\"3597\" data-end=\"3610\">Material:<\/strong> Pl\u00e1stico y metal duradero<\/p>\n<\/li>\n<li data-start=\"3639\" data-end=\"3662\">\n<p data-start=\"3641\" data-end=\"3662\"><strong data-start=\"3641\" data-end=\"3662\">Repuesto original<\/strong><\/p>\n<\/li>\n<\/ul>\n","protected":false},"featured_media":17099,"template":"","meta":[],"product_brand":[],"product_cat":[241,251,454,518,524],"product_tag":[],"class_list":{"0":"post-17096","1":"product","2":"type-product","3":"status-publish","4":"has-post-thumbnail","6":"product_cat-still","7":"product_cat-bt","8":"product_cat-switch-ve-buton","9":"product_cat-yedek-parca-bt","10":"product_cat-yedek-parca-still","12":"first","13":"instock","14":"taxable","15":"shipping-taxable","16":"purchasable","17":"product-type-simple"},"_links":{"self":[{"href":"https:\/\/ceoparts.com\/es\/wp-json\/wp\/v2\/product\/17096","targetHints":{"allow":["GET"]}}],"collection":[{"href":"https:\/\/ceoparts.com\/es\/wp-json\/wp\/v2\/product"}],"about":[{"href":"https:\/\/ceoparts.com\/es\/wp-json\/wp\/v2\/types\/product"}],"wp:featuredmedia":[{"embeddable":true,"href":"https:\/\/ceoparts.com\/es\/wp-json\/wp\/v2\/media\/17099"}],"wp:attachment":[{"href":"https:\/\/ceoparts.com\/es\/wp-json\/wp\/v2\/media?parent=17096"}],"wp:term":[{"taxonomy":"product_brand","embeddable":true,"href":"https:\/\/ceoparts.com\/es\/wp-json\/wp\/v2\/product_brand?post=17096"},{"taxonomy":"product_cat","embeddable":true,"href":"https:\/\/ceoparts.com\/es\/wp-json\/wp\/v2\/product_cat?post=17096"},{"taxonomy":"product_tag","embeddable":true,"href":"https:\/\/ceoparts.com\/es\/wp-json\/wp\/v2\/product_tag?post=17096"}],"curies":[{"name":"wp","href":"https:\/\/api.w.org\/{rel}","templated":true}]}}