{"id":17100,"date":"2025-05-22T14:04:37","date_gmt":"2025-05-22T11:04:37","guid":{"rendered":"https:\/\/ceoparts.com\/?post_type=product&#038;p=17100"},"modified":"2026-05-16T13:20:35","modified_gmt":"2026-05-16T10:20:35","slug":"toyota-forklift-finger","status":"publish","type":"product","link":"https:\/\/ceoparts.com\/es\/urun\/toyota-forklift-finger\/","title":{"rendered":"Toyota Forklift Finger"},"content":{"rendered":"<p>Toyota Forklift Finger<\/p>\n","protected":false},"excerpt":{"rendered":"<p data-start=\"3100\" data-end=\"3403\"><strong data-start=\"3100\" data-end=\"3126\">Toyota Forklift Finger<\/strong> es una pieza de repuesto fundamental utilizada en los sistemas de direcci\u00f3n y control de carretillas elevadoras. Garantiza una transmisi\u00f3n r\u00e1pida y precisa de los movimientos hidr\u00e1ulicos y electr\u00f3nicos. Su estructura resistente es totalmente compatible con los modelos Toyota.<\/p>\n<p data-start=\"3405\" data-end=\"3427\"><strong data-start=\"3405\" data-end=\"3425\">Caracter\u00edsticas:<\/strong><\/p>\n<ul data-start=\"3428\" data-end=\"3593\">\n<li data-start=\"3428\" data-end=\"3514\">\n<p data-start=\"3430\" data-end=\"3514\"><strong data-start=\"3430\" data-end=\"3445\">Aplicaci\u00f3n:<\/strong> Sistemas de direcci\u00f3n y control para carretillas elevadoras Toyota<\/p>\n<\/li>\n<li data-start=\"3515\" data-end=\"3569\">\n<p data-start=\"3517\" data-end=\"3569\"><strong data-start=\"3517\" data-end=\"3530\">Material:<\/strong> Metal y pl\u00e1stico de alta resistencia<\/p>\n<\/li>\n<li data-start=\"3570\" data-end=\"3593\">\n<p data-start=\"3572\" data-end=\"3593\"><strong data-start=\"3572\" data-end=\"3593\">Repuesto original<\/strong><\/p>\n<\/li>\n<\/ul>\n","protected":false},"featured_media":17105,"template":"","meta":[],"product_brand":[],"product_cat":[469,521,530],"product_tag":[],"class_list":{"0":"post-17100","1":"product","2":"type-product","3":"status-publish","4":"has-post-thumbnail","6":"product_cat-elektrik-ve-sistem-parcalari","7":"product_cat-toyota","8":"product_cat-yedek-parca-toyota","10":"first","11":"instock","12":"taxable","13":"shipping-taxable","14":"purchasable","15":"product-type-simple"},"_links":{"self":[{"href":"https:\/\/ceoparts.com\/es\/wp-json\/wp\/v2\/product\/17100","targetHints":{"allow":["GET"]}}],"collection":[{"href":"https:\/\/ceoparts.com\/es\/wp-json\/wp\/v2\/product"}],"about":[{"href":"https:\/\/ceoparts.com\/es\/wp-json\/wp\/v2\/types\/product"}],"wp:featuredmedia":[{"embeddable":true,"href":"https:\/\/ceoparts.com\/es\/wp-json\/wp\/v2\/media\/17105"}],"wp:attachment":[{"href":"https:\/\/ceoparts.com\/es\/wp-json\/wp\/v2\/media?parent=17100"}],"wp:term":[{"taxonomy":"product_brand","embeddable":true,"href":"https:\/\/ceoparts.com\/es\/wp-json\/wp\/v2\/product_brand?post=17100"},{"taxonomy":"product_cat","embeddable":true,"href":"https:\/\/ceoparts.com\/es\/wp-json\/wp\/v2\/product_cat?post=17100"},{"taxonomy":"product_tag","embeddable":true,"href":"https:\/\/ceoparts.com\/es\/wp-json\/wp\/v2\/product_tag?post=17100"}],"curies":[{"name":"wp","href":"https:\/\/api.w.org\/{rel}","templated":true}]}}