{"id":17106,"date":"2025-05-22T14:18:39","date_gmt":"2025-05-22T11:18:39","guid":{"rendered":"https:\/\/ceoparts.com\/?post_type=product&#038;p=17106"},"modified":"2026-05-16T14:06:52","modified_gmt":"2026-05-16T11:06:52","slug":"310x102-40-wicke-vulkollan-yuk-tekeri-8365302","status":"publish","type":"product","link":"https:\/\/ceoparts.com\/es\/urun\/310x102-40-wicke-vulkollan-yuk-tekeri-8365302\/","title":{"rendered":"Rueda de carga Wicke Vulkollan 310&#215;102-40 \u2013 8365302"},"content":{"rendered":"<p>Rueda de carga Wicke Vulkollan 310&#215;102-40 \u2013 8365302<\/p>","protected":false},"excerpt":{"rendered":"<p data-start=\"3385\" data-end=\"3693\"><strong data-start=\"3385\" data-end=\"3440\">Rueda de carga 310&#215;102-40 Wicke Vulkollan \u2013 8365302<\/strong> est\u00e1 dise\u00f1ada para carretillas elevadoras y apiladores. Su recubrimiento de Vulkollan proporciona m\u00e1xima resistencia al desgaste, a los impactos y a cargas pesadas. Amigable con los suelos y de larga duraci\u00f3n, ofrece un funcionamiento sin dejar marcas.<\/p>\n<p data-start=\"3695\" data-end=\"3717\"><strong data-start=\"3695\" data-end=\"3715\">Caracter\u00edsticas:<\/strong><\/p>\n<ul data-start=\"3718\" data-end=\"3912\">\n<li data-start=\"3718\" data-end=\"3753\">\n<p data-start=\"3720\" data-end=\"3753\"><strong data-start=\"3720\" data-end=\"3743\">C\u00f3digo de producto:<\/strong> 8365302<\/p>\n<\/li>\n<li data-start=\"3754\" data-end=\"3784\">\n<p data-start=\"3756\" data-end=\"3784\"><strong data-start=\"3756\" data-end=\"3768\">Medidas:<\/strong> 310&#215;102-40 mm<\/p>\n<\/li>\n<li data-start=\"3785\" data-end=\"3812\">\n<p data-start=\"3787\" data-end=\"3812\"><strong data-start=\"3787\" data-end=\"3800\">Material:<\/strong> Vulkollan<\/p>\n<\/li>\n<li data-start=\"3813\" data-end=\"3868\">\n<p data-start=\"3815\" data-end=\"3868\"><strong data-start=\"3815\" data-end=\"3830\">Aplicaci\u00f3n:<\/strong> Carretillas elevadoras y apiladores<\/p>\n<\/li>\n<li data-start=\"3869\" data-end=\"3912\">\n<p data-start=\"3871\" data-end=\"3912\"><strong data-start=\"3871\" data-end=\"3912\">Resistente al desgaste y a las cargas<\/strong><\/p>\n<\/li>\n<\/ul>\n<p>FM<\/p>\n<p>FM I<\/p>\n","protected":false},"featured_media":17111,"template":"","meta":[],"product_brand":[],"product_cat":[405,194],"product_tag":[],"class_list":{"0":"post-17106","1":"product","2":"type-product","3":"status-publish","4":"has-post-thumbnail","6":"product_cat-yuk-tekeri-wicke","7":"product_cat-yuk-tekeri","9":"first","10":"instock","11":"taxable","12":"shipping-taxable","13":"purchasable","14":"product-type-simple"},"_links":{"self":[{"href":"https:\/\/ceoparts.com\/es\/wp-json\/wp\/v2\/product\/17106","targetHints":{"allow":["GET"]}}],"collection":[{"href":"https:\/\/ceoparts.com\/es\/wp-json\/wp\/v2\/product"}],"about":[{"href":"https:\/\/ceoparts.com\/es\/wp-json\/wp\/v2\/types\/product"}],"wp:featuredmedia":[{"embeddable":true,"href":"https:\/\/ceoparts.com\/es\/wp-json\/wp\/v2\/media\/17111"}],"wp:attachment":[{"href":"https:\/\/ceoparts.com\/es\/wp-json\/wp\/v2\/media?parent=17106"}],"wp:term":[{"taxonomy":"product_brand","embeddable":true,"href":"https:\/\/ceoparts.com\/es\/wp-json\/wp\/v2\/product_brand?post=17106"},{"taxonomy":"product_cat","embeddable":true,"href":"https:\/\/ceoparts.com\/es\/wp-json\/wp\/v2\/product_cat?post=17106"},{"taxonomy":"product_tag","embeddable":true,"href":"https:\/\/ceoparts.com\/es\/wp-json\/wp\/v2\/product_tag?post=17106"}],"curies":[{"name":"wp","href":"https:\/\/api.w.org\/{rel}","templated":true}]}}