{"id":17155,"date":"2025-05-23T13:08:35","date_gmt":"2025-05-23T10:08:35","guid":{"rendered":"https:\/\/ceoparts.com\/?post_type=product&#038;p=17155"},"modified":"2026-05-16T10:52:44","modified_gmt":"2026-05-16T07:52:44","slug":"fren-manyetigi-t20-ap-3005047001","status":"publish","type":"product","link":"https:\/\/ceoparts.com\/es\/urun\/fren-manyetigi-t20-ap-3005047001\/","title":{"rendered":"Electroim\u00e1n de freno T20 AP \u2013 3005047001"},"content":{"rendered":"<p>Electroim\u00e1n de freno T20 AP \u2013 3005047001<\/p>","protected":false},"excerpt":{"rendered":"<p data-start=\"3545\" data-end=\"3852\">Consigue un rendimiento de frenado superior con el im\u00e1n de freno T20 AP. Con una potente fuerza magn\u00e9tica y un dise\u00f1o resistente, mejora la eficiencia y seguridad del sistema de frenos. F\u00e1cil de instalar y con larga vida \u00fatil, ideal para veh\u00edculos industriales y comerciales.<\/p>\n<p data-start=\"3854\" data-end=\"3887\"><strong data-start=\"3854\" data-end=\"3885\">Caracter\u00edsticas destacadas:<\/strong><\/p>\n<ul data-start=\"3888\" data-end=\"4042\">\n<li data-start=\"3888\" data-end=\"3913\">\n<p data-start=\"3890\" data-end=\"3913\">Alta fuerza magn\u00e9tica<\/p>\n<\/li>\n<li data-start=\"3914\" data-end=\"3946\">\n<p data-start=\"3916\" data-end=\"3946\">Dise\u00f1o resistente y duradero<\/p>\n<\/li>\n<li data-start=\"3947\" data-end=\"3971\">\n<p data-start=\"3949\" data-end=\"3971\">Instalaci\u00f3n sencilla<\/p>\n<\/li>\n<li data-start=\"3972\" data-end=\"3998\">\n<p data-start=\"3974\" data-end=\"3998\">Rendimiento prolongado<\/p>\n<\/li>\n<li data-start=\"3999\" data-end=\"4042\">\n<p data-start=\"4001\" data-end=\"4042\">C\u00f3digo de producto original: 3005047001<\/p>\n<\/li>\n<\/ul>\n","protected":false},"featured_media":17159,"template":"","meta":[],"product_brand":[],"product_cat":[449],"product_tag":[],"class_list":{"0":"post-17155","1":"product","2":"type-product","3":"status-publish","4":"has-post-thumbnail","6":"product_cat-fren-sistem-parcalari","8":"first","9":"instock","10":"taxable","11":"shipping-taxable","12":"purchasable","13":"product-type-simple"},"_links":{"self":[{"href":"https:\/\/ceoparts.com\/es\/wp-json\/wp\/v2\/product\/17155","targetHints":{"allow":["GET"]}}],"collection":[{"href":"https:\/\/ceoparts.com\/es\/wp-json\/wp\/v2\/product"}],"about":[{"href":"https:\/\/ceoparts.com\/es\/wp-json\/wp\/v2\/types\/product"}],"wp:featuredmedia":[{"embeddable":true,"href":"https:\/\/ceoparts.com\/es\/wp-json\/wp\/v2\/media\/17159"}],"wp:attachment":[{"href":"https:\/\/ceoparts.com\/es\/wp-json\/wp\/v2\/media?parent=17155"}],"wp:term":[{"taxonomy":"product_brand","embeddable":true,"href":"https:\/\/ceoparts.com\/es\/wp-json\/wp\/v2\/product_brand?post=17155"},{"taxonomy":"product_cat","embeddable":true,"href":"https:\/\/ceoparts.com\/es\/wp-json\/wp\/v2\/product_cat?post=17155"},{"taxonomy":"product_tag","embeddable":true,"href":"https:\/\/ceoparts.com\/es\/wp-json\/wp\/v2\/product_tag?post=17155"}],"curies":[{"name":"wp","href":"https:\/\/api.w.org\/{rel}","templated":true}]}}