{"id":17173,"date":"2025-05-23T14:29:04","date_gmt":"2025-05-23T11:29:04","guid":{"rendered":"https:\/\/ceoparts.com\/?post_type=product&#038;p=17173"},"modified":"2026-05-16T15:34:13","modified_gmt":"2026-05-16T12:34:13","slug":"bt-indirme-sembolu-171585-003","status":"publish","type":"product","link":"https:\/\/ceoparts.com\/es\/urun\/bt-indirme-sembolu-171585-003\/","title":{"rendered":"S\u00edmbolo de bajada BT \u2013 171585-003"},"content":{"rendered":"<p>S\u00edmbolo de bajada BT \u2013 171585-003<\/p>","protected":false},"excerpt":{"rendered":"<p data-start=\"3942\" data-end=\"4296\"><strong data-start=\"3942\" data-end=\"3982\">S\u00edmbolo de Elevaci\u00f3n BT \u2013 171585-004<\/strong> es un s\u00edmbolo de advertencia de alta calidad utilizado en carretillas elevadoras y otros equipos de elevaci\u00f3n para mejorar la seguridad en el lugar de trabajo e informar a los operadores. Fabricado con materiales duraderos para una larga vida \u00fatil. Ideal para mantener la seguridad y el orden en \u00e1reas operativas.<\/p>\n<p data-start=\"4298\" data-end=\"4318\"><strong data-start=\"4298\" data-end=\"4318\">Caracter\u00edsticas:<\/strong><\/p>\n<ul data-start=\"4319\" data-end=\"4576\">\n<li data-start=\"4319\" data-end=\"4357\">\n<p data-start=\"4321\" data-end=\"4357\"><strong data-start=\"4321\" data-end=\"4344\">C\u00f3digo de producto:<\/strong> 171585-004<\/p>\n<\/li>\n<li data-start=\"4358\" data-end=\"4403\">\n<p data-start=\"4360\" data-end=\"4403\"><strong data-start=\"4360\" data-end=\"4373\">Material:<\/strong> Pl\u00e1stico o metal resistente<\/p>\n<\/li>\n<li data-start=\"4404\" data-end=\"4478\">\n<p data-start=\"4406\" data-end=\"4478\"><strong data-start=\"4406\" data-end=\"4429\">\u00c1rea de aplicaci\u00f3n:<\/strong> Carretillas elevadoras y sistemas de elevaci\u00f3n<\/p>\n<\/li>\n<li data-start=\"4479\" data-end=\"4534\">\n<p data-start=\"4481\" data-end=\"4534\"><strong data-start=\"4481\" data-end=\"4505\">Modelos compatibles:<\/strong> Equipos compatibles con BT<\/p>\n<\/li>\n<li data-start=\"4535\" data-end=\"4576\">\n<p data-start=\"4537\" data-end=\"4576\"><strong data-start=\"4537\" data-end=\"4576\">F\u00e1cil instalaci\u00f3n y larga vida \u00fatil<\/strong><\/p>\n<\/li>\n<\/ul>\n","protected":false},"featured_media":17175,"template":"","meta":[],"product_brand":[],"product_cat":[454,518,251],"product_tag":[],"class_list":{"0":"post-17173","1":"product","2":"type-product","3":"status-publish","4":"has-post-thumbnail","6":"product_cat-switch-ve-buton","7":"product_cat-yedek-parca-bt","8":"product_cat-bt","10":"first","11":"instock","12":"taxable","13":"shipping-taxable","14":"purchasable","15":"product-type-simple"},"_links":{"self":[{"href":"https:\/\/ceoparts.com\/es\/wp-json\/wp\/v2\/product\/17173","targetHints":{"allow":["GET"]}}],"collection":[{"href":"https:\/\/ceoparts.com\/es\/wp-json\/wp\/v2\/product"}],"about":[{"href":"https:\/\/ceoparts.com\/es\/wp-json\/wp\/v2\/types\/product"}],"wp:featuredmedia":[{"embeddable":true,"href":"https:\/\/ceoparts.com\/es\/wp-json\/wp\/v2\/media\/17175"}],"wp:attachment":[{"href":"https:\/\/ceoparts.com\/es\/wp-json\/wp\/v2\/media?parent=17173"}],"wp:term":[{"taxonomy":"product_brand","embeddable":true,"href":"https:\/\/ceoparts.com\/es\/wp-json\/wp\/v2\/product_brand?post=17173"},{"taxonomy":"product_cat","embeddable":true,"href":"https:\/\/ceoparts.com\/es\/wp-json\/wp\/v2\/product_cat?post=17173"},{"taxonomy":"product_tag","embeddable":true,"href":"https:\/\/ceoparts.com\/es\/wp-json\/wp\/v2\/product_tag?post=17173"}],"curies":[{"name":"wp","href":"https:\/\/api.w.org\/{rel}","templated":true}]}}