{"id":17303,"date":"2025-06-28T09:49:43","date_gmt":"2025-06-28T06:49:43","guid":{"rendered":"https:\/\/ceoparts.com\/?post_type=product&#038;p=17303"},"modified":"2026-05-16T17:12:47","modified_gmt":"2026-05-16T14:12:47","slug":"linde-kafa-karti-t-serisi-1311158-3095404006","status":"publish","type":"product","link":"https:\/\/ceoparts.com\/es\/urun\/linde-kafa-karti-t-serisi-1311158-3095404006\/","title":{"rendered":"Tarjeta principal Linde serie T \u2013 1311158, 3095404006"},"content":{"rendered":"<p>Tarjeta principal Linde serie T \u2013 1311158, 3095404006<\/p>","protected":false},"excerpt":{"rendered":"<p data-start=\"3561\" data-end=\"3855\">La tarjeta de cabeza Linde Serie T es una placa de control de alta calidad utilizada en carretillas elevadoras para garantizar el correcto funcionamiento de los sistemas electr\u00f3nicos y del motor. Especialmente adecuada para modelos Linde Serie T por su estructura duradera y rendimiento fiable.<\/p>\n<p data-start=\"3857\" data-end=\"4203\"><strong data-start=\"3857\" data-end=\"3877\">Caracter\u00edsticas:<\/strong><br data-start=\"3877\" data-end=\"3880\" \/><strong data-start=\"3880\" data-end=\"3904\">Nombre del producto:<\/strong> Tarjeta de Cabeza Linde Serie T<br data-start=\"3936\" data-end=\"3939\" \/><strong data-start=\"3939\" data-end=\"3959\">C\u00f3digo de pieza:<\/strong> 1311158, 3095404006<br data-start=\"3979\" data-end=\"3982\" \/><strong data-start=\"3982\" data-end=\"3995\">Material:<\/strong> Circuitos electr\u00f3nicos y componentes de conexi\u00f3n de alta calidad<br data-start=\"4060\" data-end=\"4063\" \/><strong data-start=\"4063\" data-end=\"4086\">\u00c1rea de aplicaci\u00f3n:<\/strong> Sistemas de control de carretillas elevadoras<br data-start=\"4132\" data-end=\"4135\" \/><strong data-start=\"4135\" data-end=\"4147\">Ventaja:<\/strong> Larga vida \u00fatil, rendimiento estable, f\u00e1cil instalaci\u00f3n<\/p>\n","protected":false},"featured_media":17308,"template":"","meta":[],"product_brand":[],"product_cat":[246,431,523],"product_tag":[],"class_list":{"0":"post-17303","1":"product","2":"type-product","3":"status-publish","4":"has-post-thumbnail","6":"product_cat-linde","7":"product_cat-ekranlar-ve-kartlar","8":"product_cat-yedek-parca-linde","10":"first","11":"instock","12":"taxable","13":"shipping-taxable","14":"purchasable","15":"product-type-simple"},"_links":{"self":[{"href":"https:\/\/ceoparts.com\/es\/wp-json\/wp\/v2\/product\/17303","targetHints":{"allow":["GET"]}}],"collection":[{"href":"https:\/\/ceoparts.com\/es\/wp-json\/wp\/v2\/product"}],"about":[{"href":"https:\/\/ceoparts.com\/es\/wp-json\/wp\/v2\/types\/product"}],"wp:featuredmedia":[{"embeddable":true,"href":"https:\/\/ceoparts.com\/es\/wp-json\/wp\/v2\/media\/17308"}],"wp:attachment":[{"href":"https:\/\/ceoparts.com\/es\/wp-json\/wp\/v2\/media?parent=17303"}],"wp:term":[{"taxonomy":"product_brand","embeddable":true,"href":"https:\/\/ceoparts.com\/es\/wp-json\/wp\/v2\/product_brand?post=17303"},{"taxonomy":"product_cat","embeddable":true,"href":"https:\/\/ceoparts.com\/es\/wp-json\/wp\/v2\/product_cat?post=17303"},{"taxonomy":"product_tag","embeddable":true,"href":"https:\/\/ceoparts.com\/es\/wp-json\/wp\/v2\/product_tag?post=17303"}],"curies":[{"name":"wp","href":"https:\/\/api.w.org\/{rel}","templated":true}]}}