{"id":17318,"date":"2025-06-28T11:56:03","date_gmt":"2025-06-28T08:56:03","guid":{"rendered":"https:\/\/ceoparts.com\/?post_type=product&#038;p=17318"},"modified":"2026-05-17T06:04:14","modified_gmt":"2026-05-17T03:04:14","slug":"albright-linde-kontaktor-sw80-1674-24v-11523608200","status":"publish","type":"product","link":"https:\/\/ceoparts.com\/es\/urun\/albright-linde-kontaktor-sw80-1674-24v-11523608200\/","title":{"rendered":"Contactor Albright Linde SW80-1674 24V \u2013 11523608200"},"content":{"rendered":"<p>Contactor Albright Linde SW80-1674 24V \u2013 11523608200<\/p>\n<p>Linde 11523608200<\/p>\n<p>&nbsp;<\/p>\n<table border=\"0\" width=\"191\" cellspacing=\"0\" cellpadding=\"0\">\n<colgroup>\n<col width=\"64\" \/>\n<col width=\"127\" \/><\/colgroup>\n<tbody>\n<tr>\n<td class=\"xl65\" width=\"64\" height=\"20\"><span style=\"font-family: Calibri\">1151<\/span><\/td>\n<td class=\"xl65\" width=\"127\"><span style=\"font-family: Calibri\">T16\/T16P\/T20\/T20P<\/span><\/td>\n<\/tr>\n<tr>\n<td class=\"xl65\" height=\"20\"><span style=\"font-family: Calibri\">1152<\/span><\/td>\n<td class=\"xl65\"><span style=\"font-family: Calibri\">T16\/T18\/T20\/T16L<\/span><\/td>\n<\/tr>\n<tr>\n<td class=\"xl65\" height=\"20\"><span style=\"font-family: Calibri\">1152<\/span><\/td>\n<td class=\"xl65\"><span style=\"font-family: Calibri\">T16\/T18\/T20\/T16L<\/span><\/td>\n<\/tr>\n<tr>\n<td class=\"xl65\" height=\"20\"><span style=\"font-family: Calibri\">1152<\/span><\/td>\n<td class=\"xl65\"><span style=\"font-family: Calibri\">T16\/T18\/T20\/T16L<\/span><\/td>\n<\/tr>\n<tr>\n<td class=\"xl65\" height=\"20\"><span style=\"font-family: Calibri\">1160<\/span><\/td>\n<td class=\"xl65\"><span style=\"font-family: Calibri\">D06\/D08<\/span><\/td>\n<\/tr>\n<\/tbody>\n<\/table>\n<p><\/p>","protected":false},"excerpt":{"rendered":"<p data-start=\"3737\" data-end=\"3992\">El contactor Albright Linde SW80-1674 24V es un contactor de corriente continua de alto rendimiento utilizado en carretillas elevadoras y veh\u00edculos industriales. Proporciona una conexi\u00f3n fiable y larga vida \u00fatil. Especialmente adecuado para modelos Linde.<\/p>\n<p data-start=\"3994\" data-end=\"4356\"><strong data-start=\"3994\" data-end=\"4014\">Caracter\u00edsticas:<\/strong><br data-start=\"4014\" data-end=\"4017\" \/><strong data-start=\"4017\" data-end=\"4041\">Nombre del producto:<\/strong> Albright Linde Contactor SW80-1674 24V<br data-start=\"4080\" data-end=\"4083\" \/><strong data-start=\"4083\" data-end=\"4103\">C\u00f3digo de pieza:<\/strong> 11523608200<br data-start=\"4115\" data-end=\"4118\" \/><strong data-start=\"4118\" data-end=\"4131\">Material:<\/strong> Componentes de contacto y conexi\u00f3n el\u00e9ctrica de alta resistencia<br data-start=\"4196\" data-end=\"4199\" \/><strong data-start=\"4199\" data-end=\"4222\">\u00c1rea de aplicaci\u00f3n:<\/strong> Carretillas elevadoras, veh\u00edculos el\u00e9ctricos, sistemas de bater\u00edas<br data-start=\"4289\" data-end=\"4292\" \/><strong data-start=\"4292\" data-end=\"4304\">Ventaja:<\/strong> Larga duraci\u00f3n, alto rendimiento, f\u00e1cil instalaci\u00f3n<\/p>\n<p>&nbsp;<\/p>\n","protected":false},"featured_media":17319,"template":"","meta":[],"product_brand":[],"product_cat":[246,462,523],"product_tag":[],"class_list":{"0":"post-17318","1":"product","2":"type-product","3":"status-publish","4":"has-post-thumbnail","6":"product_cat-linde","7":"product_cat-kontaktorler","8":"product_cat-yedek-parca-linde","10":"first","11":"instock","12":"taxable","13":"shipping-taxable","14":"purchasable","15":"product-type-simple"},"_links":{"self":[{"href":"https:\/\/ceoparts.com\/es\/wp-json\/wp\/v2\/product\/17318","targetHints":{"allow":["GET"]}}],"collection":[{"href":"https:\/\/ceoparts.com\/es\/wp-json\/wp\/v2\/product"}],"about":[{"href":"https:\/\/ceoparts.com\/es\/wp-json\/wp\/v2\/types\/product"}],"wp:featuredmedia":[{"embeddable":true,"href":"https:\/\/ceoparts.com\/es\/wp-json\/wp\/v2\/media\/17319"}],"wp:attachment":[{"href":"https:\/\/ceoparts.com\/es\/wp-json\/wp\/v2\/media?parent=17318"}],"wp:term":[{"taxonomy":"product_brand","embeddable":true,"href":"https:\/\/ceoparts.com\/es\/wp-json\/wp\/v2\/product_brand?post=17318"},{"taxonomy":"product_cat","embeddable":true,"href":"https:\/\/ceoparts.com\/es\/wp-json\/wp\/v2\/product_cat?post=17318"},{"taxonomy":"product_tag","embeddable":true,"href":"https:\/\/ceoparts.com\/es\/wp-json\/wp\/v2\/product_tag?post=17318"}],"curies":[{"name":"wp","href":"https:\/\/api.w.org\/{rel}","templated":true}]}}