{"id":17325,"date":"2025-06-30T09:29:48","date_gmt":"2025-06-30T06:29:48","guid":{"rendered":"https:\/\/ceoparts.com\/?post_type=product&#038;p=17325"},"modified":"2026-05-16T13:00:10","modified_gmt":"2026-05-16T10:00:10","slug":"still-saft-0532327","status":"publish","type":"product","link":"https:\/\/ceoparts.com\/es\/urun\/still-saft-0532327\/","title":{"rendered":"Eje Still \u2013 0532327"},"content":{"rendered":"<p>Eje Still \u2013 0532327<\/p>","protected":false},"excerpt":{"rendered":"<p data-start=\"2675\" data-end=\"2969\">Este eje est\u00e1 especialmente dise\u00f1ado para montacargas Still. Proporciona alta durabilidad y una larga vida \u00fatil. Asegura un funcionamiento fluido del sistema de transmisi\u00f3n y mejora el rendimiento del equipo. Como repuesto original, garantiza seguridad y eficiencia.<\/p>\n<p data-start=\"2971\" data-end=\"2994\"><strong data-start=\"2971\" data-end=\"2992\">Especificaciones:<\/strong><\/p>\n<ul data-start=\"2995\" data-end=\"3129\">\n<li data-start=\"2995\" data-end=\"3023\">\n<p data-start=\"2997\" data-end=\"3023\">N\u00famero de parte: 0532327<\/p>\n<\/li>\n<li data-start=\"3024\" data-end=\"3051\">\n<p data-start=\"3026\" data-end=\"3051\">Marca compatible: Still<\/p>\n<\/li>\n<li data-start=\"3052\" data-end=\"3077\">\n<p data-start=\"3054\" data-end=\"3077\">Acero de alta calidad<\/p>\n<\/li>\n<li data-start=\"3078\" data-end=\"3104\">\n<p data-start=\"3080\" data-end=\"3104\">Resistente al desgaste<\/p>\n<\/li>\n<li data-start=\"3105\" data-end=\"3129\">\n<p data-start=\"3107\" data-end=\"3129\">Instalaci\u00f3n sencilla<\/p>\n<\/li>\n<\/ul>\n","protected":false},"featured_media":17331,"template":"","meta":[],"product_brand":[],"product_cat":[241,470,524],"product_tag":[],"class_list":{"0":"post-17325","1":"product","2":"type-product","3":"status-publish","4":"has-post-thumbnail","6":"product_cat-still","7":"product_cat-diger-yedek-parcalar","8":"product_cat-yedek-parca-still","10":"first","11":"instock","12":"taxable","13":"shipping-taxable","14":"purchasable","15":"product-type-simple"},"_links":{"self":[{"href":"https:\/\/ceoparts.com\/es\/wp-json\/wp\/v2\/product\/17325","targetHints":{"allow":["GET"]}}],"collection":[{"href":"https:\/\/ceoparts.com\/es\/wp-json\/wp\/v2\/product"}],"about":[{"href":"https:\/\/ceoparts.com\/es\/wp-json\/wp\/v2\/types\/product"}],"wp:featuredmedia":[{"embeddable":true,"href":"https:\/\/ceoparts.com\/es\/wp-json\/wp\/v2\/media\/17331"}],"wp:attachment":[{"href":"https:\/\/ceoparts.com\/es\/wp-json\/wp\/v2\/media?parent=17325"}],"wp:term":[{"taxonomy":"product_brand","embeddable":true,"href":"https:\/\/ceoparts.com\/es\/wp-json\/wp\/v2\/product_brand?post=17325"},{"taxonomy":"product_cat","embeddable":true,"href":"https:\/\/ceoparts.com\/es\/wp-json\/wp\/v2\/product_cat?post=17325"},{"taxonomy":"product_tag","embeddable":true,"href":"https:\/\/ceoparts.com\/es\/wp-json\/wp\/v2\/product_tag?post=17325"}],"curies":[{"name":"wp","href":"https:\/\/api.w.org\/{rel}","templated":true}]}}