{"id":17332,"date":"2025-06-30T12:13:08","date_gmt":"2025-06-30T09:13:08","guid":{"rendered":"https:\/\/ceoparts.com\/?post_type=product&#038;p=17332"},"modified":"2026-05-16T17:12:42","modified_gmt":"2026-05-16T14:12:42","slug":"hyster-hidrolik-unite-4612314","status":"publish","type":"product","link":"https:\/\/ceoparts.com\/es\/urun\/hyster-hidrolik-unite-4612314\/","title":{"rendered":"Unidad hidr\u00e1ulica Hyster \u2013 4612314"},"content":{"rendered":"<p>Unidad hidr\u00e1ulica Hyster \u2013 4612314<\/p>","protected":false},"excerpt":{"rendered":"<p data-start=\"2601\" data-end=\"2833\">Esta unidad hidr\u00e1ulica est\u00e1 dise\u00f1ada especialmente para montacargas Hyster. Ofrece un rendimiento confiable y potente para levantar y mover cargas. Ideal para entornos industriales exigentes.<\/p>\n<p data-start=\"2835\" data-end=\"2858\"><strong data-start=\"2835\" data-end=\"2856\">Especificaciones:<\/strong><\/p>\n<ul data-start=\"2859\" data-end=\"2997\">\n<li data-start=\"2859\" data-end=\"2887\">\n<p data-start=\"2861\" data-end=\"2887\">N\u00famero de parte: 4612314<\/p>\n<\/li>\n<li data-start=\"2888\" data-end=\"2916\">\n<p data-start=\"2890\" data-end=\"2916\">Marca compatible: Hyster<\/p>\n<\/li>\n<li data-start=\"2917\" data-end=\"2946\">\n<p data-start=\"2919\" data-end=\"2946\">Resistente a alta presi\u00f3n<\/p>\n<\/li>\n<li data-start=\"2947\" data-end=\"2975\">\n<p data-start=\"2949\" data-end=\"2975\">Cuerpo met\u00e1lico duradero<\/p>\n<\/li>\n<li data-start=\"2976\" data-end=\"2997\">\n<p data-start=\"2978\" data-end=\"2997\">F\u00e1cil instalaci\u00f3n<\/p>\n<\/li>\n<\/ul>\n","protected":false},"featured_media":17336,"template":"","meta":[],"product_brand":[],"product_cat":[256,461,520],"product_tag":[],"class_list":{"0":"post-17332","1":"product","2":"type-product","3":"status-publish","4":"has-post-thumbnail","6":"product_cat-hyster","7":"product_cat-hidrolik-sistemi","8":"product_cat-yedek-parca-hyster","10":"first","11":"instock","12":"taxable","13":"shipping-taxable","14":"purchasable","15":"product-type-simple"},"_links":{"self":[{"href":"https:\/\/ceoparts.com\/es\/wp-json\/wp\/v2\/product\/17332","targetHints":{"allow":["GET"]}}],"collection":[{"href":"https:\/\/ceoparts.com\/es\/wp-json\/wp\/v2\/product"}],"about":[{"href":"https:\/\/ceoparts.com\/es\/wp-json\/wp\/v2\/types\/product"}],"wp:featuredmedia":[{"embeddable":true,"href":"https:\/\/ceoparts.com\/es\/wp-json\/wp\/v2\/media\/17336"}],"wp:attachment":[{"href":"https:\/\/ceoparts.com\/es\/wp-json\/wp\/v2\/media?parent=17332"}],"wp:term":[{"taxonomy":"product_brand","embeddable":true,"href":"https:\/\/ceoparts.com\/es\/wp-json\/wp\/v2\/product_brand?post=17332"},{"taxonomy":"product_cat","embeddable":true,"href":"https:\/\/ceoparts.com\/es\/wp-json\/wp\/v2\/product_cat?post=17332"},{"taxonomy":"product_tag","embeddable":true,"href":"https:\/\/ceoparts.com\/es\/wp-json\/wp\/v2\/product_tag?post=17332"}],"curies":[{"name":"wp","href":"https:\/\/api.w.org\/{rel}","templated":true}]}}