{"id":17338,"date":"2025-07-02T12:53:13","date_gmt":"2025-07-02T09:53:13","guid":{"rendered":"https:\/\/ceoparts.com\/?post_type=product&#038;p=17338"},"modified":"2026-05-16T10:52:42","modified_gmt":"2026-05-16T07:52:42","slug":"still-exu-kumanda-kolu-24361062","status":"publish","type":"product","link":"https:\/\/ceoparts.com\/es\/urun\/still-exu-kumanda-kolu-24361062\/","title":{"rendered":"Maneta de control Still EXU \u2013 24361062"},"content":{"rendered":"<p>Maneta de control Still EXU \u2013 24361062<\/p>","protected":false},"excerpt":{"rendered":"<p data-start=\"2697\" data-end=\"2957\">Esta palanca est\u00e1 dise\u00f1ada para transpaletas Still EXU, ofreciendo un control preciso y c\u00f3modo. Su dise\u00f1o ergon\u00f3mico permite un uso prolongado sin fatiga. Hecha con materiales resistentes y es un repuesto original.<\/p>\n<p data-start=\"2959\" data-end=\"2982\"><strong data-start=\"2959\" data-end=\"2980\">Especificaciones:<\/strong><\/p>\n<ul data-start=\"2983\" data-end=\"3129\">\n<li data-start=\"2983\" data-end=\"3012\">\n<p data-start=\"2985\" data-end=\"3012\">N\u00famero de parte: 24361062<\/p>\n<\/li>\n<li data-start=\"3013\" data-end=\"3045\">\n<p data-start=\"3015\" data-end=\"3045\">Modelo compatible: Still EXU<\/p>\n<\/li>\n<li data-start=\"3046\" data-end=\"3067\">\n<p data-start=\"3048\" data-end=\"3067\">Dise\u00f1o ergon\u00f3mico<\/p>\n<\/li>\n<li data-start=\"3068\" data-end=\"3107\">\n<p data-start=\"3070\" data-end=\"3107\">Cuerpo de pl\u00e1stico y metal duradero<\/p>\n<\/li>\n<li data-start=\"3108\" data-end=\"3129\">\n<p data-start=\"3110\" data-end=\"3129\">F\u00e1cil instalaci\u00f3n<\/p>\n<\/li>\n<\/ul>\n","protected":false},"featured_media":17344,"template":"","meta":[],"product_brand":[],"product_cat":[241,450,524],"product_tag":[],"class_list":{"0":"post-17338","1":"product","2":"type-product","3":"status-publish","4":"has-post-thumbnail","6":"product_cat-still","7":"product_cat-direksiyon-sistemleri","8":"product_cat-yedek-parca-still","10":"first","11":"instock","12":"taxable","13":"shipping-taxable","14":"purchasable","15":"product-type-simple"},"_links":{"self":[{"href":"https:\/\/ceoparts.com\/es\/wp-json\/wp\/v2\/product\/17338","targetHints":{"allow":["GET"]}}],"collection":[{"href":"https:\/\/ceoparts.com\/es\/wp-json\/wp\/v2\/product"}],"about":[{"href":"https:\/\/ceoparts.com\/es\/wp-json\/wp\/v2\/types\/product"}],"wp:featuredmedia":[{"embeddable":true,"href":"https:\/\/ceoparts.com\/es\/wp-json\/wp\/v2\/media\/17344"}],"wp:attachment":[{"href":"https:\/\/ceoparts.com\/es\/wp-json\/wp\/v2\/media?parent=17338"}],"wp:term":[{"taxonomy":"product_brand","embeddable":true,"href":"https:\/\/ceoparts.com\/es\/wp-json\/wp\/v2\/product_brand?post=17338"},{"taxonomy":"product_cat","embeddable":true,"href":"https:\/\/ceoparts.com\/es\/wp-json\/wp\/v2\/product_cat?post=17338"},{"taxonomy":"product_tag","embeddable":true,"href":"https:\/\/ceoparts.com\/es\/wp-json\/wp\/v2\/product_tag?post=17338"}],"curies":[{"name":"wp","href":"https:\/\/api.w.org\/{rel}","templated":true}]}}