{"id":17345,"date":"2025-07-02T13:11:45","date_gmt":"2025-07-02T10:11:45","guid":{"rendered":"https:\/\/ceoparts.com\/?post_type=product&#038;p=17345"},"modified":"2026-05-16T11:59:12","modified_gmt":"2026-05-16T08:59:12","slug":"hyster-sensor-8504858","status":"publish","type":"product","link":"https:\/\/ceoparts.com\/es\/urun\/hyster-sensor-8504858\/","title":{"rendered":"Sensor Hyster \u2013 8504858"},"content":{"rendered":"<p>Sensor Hyster \u2013 8504858<\/p>","protected":false},"excerpt":{"rendered":"<p data-start=\"2445\" data-end=\"2708\">Este sensor est\u00e1 dise\u00f1ado para montacargas Hyster y detecta con precisi\u00f3n la posici\u00f3n, velocidad y otras funciones esenciales. Es una pieza fundamental para el diagn\u00f3stico y seguimiento del rendimiento. Original y de alta fiabilidad.<\/p>\n<p data-start=\"2710\" data-end=\"2733\"><strong data-start=\"2710\" data-end=\"2731\">Especificaciones:<\/strong><\/p>\n<ul data-start=\"2734\" data-end=\"2855\">\n<li data-start=\"2734\" data-end=\"2762\">\n<p data-start=\"2736\" data-end=\"2762\">N\u00famero de parte: 8504858<\/p>\n<\/li>\n<li data-start=\"2763\" data-end=\"2791\">\n<p data-start=\"2765\" data-end=\"2791\">Marca compatible: Hyster<\/p>\n<\/li>\n<li data-start=\"2792\" data-end=\"2810\">\n<p data-start=\"2794\" data-end=\"2810\">Alta precisi\u00f3n<\/p>\n<\/li>\n<li data-start=\"2811\" data-end=\"2833\">\n<p data-start=\"2813\" data-end=\"2833\">Carcasa resistente<\/p>\n<\/li>\n<li data-start=\"2834\" data-end=\"2855\">\n<p data-start=\"2836\" data-end=\"2855\">F\u00e1cil instalaci\u00f3n<\/p>\n<\/li>\n<\/ul>\n","protected":false},"featured_media":17346,"template":"","meta":[],"product_brand":[],"product_cat":[256,469,520],"product_tag":[],"class_list":{"0":"post-17345","1":"product","2":"type-product","3":"status-publish","4":"has-post-thumbnail","6":"product_cat-hyster","7":"product_cat-elektrik-ve-sistem-parcalari","8":"product_cat-yedek-parca-hyster","10":"first","11":"instock","12":"taxable","13":"shipping-taxable","14":"purchasable","15":"product-type-simple"},"_links":{"self":[{"href":"https:\/\/ceoparts.com\/es\/wp-json\/wp\/v2\/product\/17345","targetHints":{"allow":["GET"]}}],"collection":[{"href":"https:\/\/ceoparts.com\/es\/wp-json\/wp\/v2\/product"}],"about":[{"href":"https:\/\/ceoparts.com\/es\/wp-json\/wp\/v2\/types\/product"}],"wp:featuredmedia":[{"embeddable":true,"href":"https:\/\/ceoparts.com\/es\/wp-json\/wp\/v2\/media\/17346"}],"wp:attachment":[{"href":"https:\/\/ceoparts.com\/es\/wp-json\/wp\/v2\/media?parent=17345"}],"wp:term":[{"taxonomy":"product_brand","embeddable":true,"href":"https:\/\/ceoparts.com\/es\/wp-json\/wp\/v2\/product_brand?post=17345"},{"taxonomy":"product_cat","embeddable":true,"href":"https:\/\/ceoparts.com\/es\/wp-json\/wp\/v2\/product_cat?post=17345"},{"taxonomy":"product_tag","embeddable":true,"href":"https:\/\/ceoparts.com\/es\/wp-json\/wp\/v2\/product_tag?post=17345"}],"curies":[{"name":"wp","href":"https:\/\/api.w.org\/{rel}","templated":true}]}}