{"id":17354,"date":"2025-07-02T13:29:18","date_gmt":"2025-07-02T10:29:18","guid":{"rendered":"https:\/\/ceoparts.com\/?post_type=product&#038;p=17354"},"modified":"2026-05-16T17:34:09","modified_gmt":"2026-05-16T14:34:09","slug":"crown-fren-manyetigi-balatasi","status":"publish","type":"product","link":"https:\/\/ceoparts.com\/es\/urun\/crown-fren-manyetigi-balatasi\/","title":{"rendered":"Pastilla magn\u00e9tica de freno Crown"},"content":{"rendered":"<p>Pastilla magn\u00e9tica de freno Crown<\/p>","protected":false},"excerpt":{"rendered":"<p data-start=\"2721\" data-end=\"2971\">Esta pastilla est\u00e1 dise\u00f1ada para sistemas de freno electromagn\u00e9tico en montacargas Crown. Ofrece una frenada segura y eficaz, incluso con cargas pesadas. Es un repuesto original y resistente para uso prolongado.<\/p>\n<p data-start=\"2973\" data-end=\"2996\"><strong data-start=\"2973\" data-end=\"2994\">Especificaciones:<\/strong><\/p>\n<ul data-start=\"2997\" data-end=\"3177\">\n<li data-start=\"2997\" data-end=\"3024\">\n<p data-start=\"2999\" data-end=\"3024\">Marca compatible: Crown<\/p>\n<\/li>\n<li data-start=\"3025\" data-end=\"3073\">\n<p data-start=\"3027\" data-end=\"3073\">Apta para sistemas de freno electromagn\u00e9tico<\/p>\n<\/li>\n<li data-start=\"3074\" data-end=\"3120\">\n<p data-start=\"3076\" data-end=\"3120\">Material resistente al calor y al desgaste<\/p>\n<\/li>\n<li data-start=\"3121\" data-end=\"3153\">\n<p data-start=\"3123\" data-end=\"3153\">Frenado silencioso y potente<\/p>\n<\/li>\n<li data-start=\"3154\" data-end=\"3177\">\n<p data-start=\"3156\" data-end=\"3177\">F\u00e1cil de reemplazar<\/p>\n<\/li>\n<\/ul>\n","protected":false},"featured_media":17359,"template":"","meta":[],"product_brand":[],"product_cat":[241,272,449,470,524],"product_tag":[],"class_list":{"0":"post-17354","1":"product","2":"type-product","3":"status-publish","4":"has-post-thumbnail","6":"product_cat-still","7":"product_cat-crown","8":"product_cat-fren-sistem-parcalari","9":"product_cat-diger-yedek-parcalar","10":"product_cat-yedek-parca-still","12":"first","13":"instock","14":"taxable","15":"shipping-taxable","16":"purchasable","17":"product-type-simple"},"_links":{"self":[{"href":"https:\/\/ceoparts.com\/es\/wp-json\/wp\/v2\/product\/17354","targetHints":{"allow":["GET"]}}],"collection":[{"href":"https:\/\/ceoparts.com\/es\/wp-json\/wp\/v2\/product"}],"about":[{"href":"https:\/\/ceoparts.com\/es\/wp-json\/wp\/v2\/types\/product"}],"wp:featuredmedia":[{"embeddable":true,"href":"https:\/\/ceoparts.com\/es\/wp-json\/wp\/v2\/media\/17359"}],"wp:attachment":[{"href":"https:\/\/ceoparts.com\/es\/wp-json\/wp\/v2\/media?parent=17354"}],"wp:term":[{"taxonomy":"product_brand","embeddable":true,"href":"https:\/\/ceoparts.com\/es\/wp-json\/wp\/v2\/product_brand?post=17354"},{"taxonomy":"product_cat","embeddable":true,"href":"https:\/\/ceoparts.com\/es\/wp-json\/wp\/v2\/product_cat?post=17354"},{"taxonomy":"product_tag","embeddable":true,"href":"https:\/\/ceoparts.com\/es\/wp-json\/wp\/v2\/product_tag?post=17354"}],"curies":[{"name":"wp","href":"https:\/\/api.w.org\/{rel}","templated":true}]}}