{"id":17360,"date":"2025-07-02T13:45:48","date_gmt":"2025-07-02T10:45:48","guid":{"rendered":"https:\/\/ceoparts.com\/?post_type=product&#038;p=17360"},"modified":"2026-05-16T13:16:11","modified_gmt":"2026-05-16T10:16:11","slug":"crown-kol-tesisati","status":"publish","type":"product","link":"https:\/\/ceoparts.com\/es\/urun\/crown-kol-tesisati\/","title":{"rendered":"Arn\u00e9s de cableado del brazo de mando Crown"},"content":{"rendered":"<p>Arn\u00e9s de cableado del brazo de mando Crown<\/p>","protected":false},"excerpt":{"rendered":"<p data-start=\"2608\" data-end=\"2827\">Este arn\u00e9s est\u00e1 dise\u00f1ado para montacargas Crown y garantiza la conexi\u00f3n el\u00e9ctrica entre la palanca de mando y el sistema central. Permite una se\u00f1al estable y un rendimiento fiable.<\/p>\n<p data-start=\"2829\" data-end=\"2852\"><strong data-start=\"2829\" data-end=\"2850\">Especificaciones:<\/strong><\/p>\n<ul data-start=\"2853\" data-end=\"3003\">\n<li data-start=\"2853\" data-end=\"2880\">\n<p data-start=\"2855\" data-end=\"2880\">Marca compatible: Crown<\/p>\n<\/li>\n<li data-start=\"2881\" data-end=\"2927\">\n<p data-start=\"2883\" data-end=\"2927\">Conexi\u00f3n el\u00e9ctrica entre palanca y sistema<\/p>\n<\/li>\n<li data-start=\"2928\" data-end=\"2960\">\n<p data-start=\"2930\" data-end=\"2960\">Cableado flexible y duradero<\/p>\n<\/li>\n<li data-start=\"2961\" data-end=\"2982\">\n<p data-start=\"2963\" data-end=\"2982\">F\u00e1cil de instalar<\/p>\n<\/li>\n<li data-start=\"2983\" data-end=\"3003\">\n<p data-start=\"2985\" data-end=\"3003\">Calidad original<\/p>\n<\/li>\n<\/ul>\n","protected":false},"featured_media":17364,"template":"","meta":[],"product_brand":[],"product_cat":[272,469,519],"product_tag":[],"class_list":{"0":"post-17360","1":"product","2":"type-product","3":"status-publish","4":"has-post-thumbnail","6":"product_cat-crown","7":"product_cat-elektrik-ve-sistem-parcalari","8":"product_cat-yedek-parca-crown","10":"first","11":"instock","12":"taxable","13":"shipping-taxable","14":"purchasable","15":"product-type-simple"},"_links":{"self":[{"href":"https:\/\/ceoparts.com\/es\/wp-json\/wp\/v2\/product\/17360","targetHints":{"allow":["GET"]}}],"collection":[{"href":"https:\/\/ceoparts.com\/es\/wp-json\/wp\/v2\/product"}],"about":[{"href":"https:\/\/ceoparts.com\/es\/wp-json\/wp\/v2\/types\/product"}],"wp:featuredmedia":[{"embeddable":true,"href":"https:\/\/ceoparts.com\/es\/wp-json\/wp\/v2\/media\/17364"}],"wp:attachment":[{"href":"https:\/\/ceoparts.com\/es\/wp-json\/wp\/v2\/media?parent=17360"}],"wp:term":[{"taxonomy":"product_brand","embeddable":true,"href":"https:\/\/ceoparts.com\/es\/wp-json\/wp\/v2\/product_brand?post=17360"},{"taxonomy":"product_cat","embeddable":true,"href":"https:\/\/ceoparts.com\/es\/wp-json\/wp\/v2\/product_cat?post=17360"},{"taxonomy":"product_tag","embeddable":true,"href":"https:\/\/ceoparts.com\/es\/wp-json\/wp\/v2\/product_tag?post=17360"}],"curies":[{"name":"wp","href":"https:\/\/api.w.org\/{rel}","templated":true}]}}