{"id":17365,"date":"2025-07-02T14:17:00","date_gmt":"2025-07-02T11:17:00","guid":{"rendered":"https:\/\/ceoparts.com\/?post_type=product&#038;p=17365"},"modified":"2026-05-16T17:03:45","modified_gmt":"2026-05-16T14:03:45","slug":"jungheinrich-havalandirma-filtresi-50294753","status":"publish","type":"product","link":"https:\/\/ceoparts.com\/es\/urun\/jungheinrich-havalandirma-filtresi-50294753\/","title":{"rendered":"Filtro de ventilaci\u00f3n Jungheinrich \u2013 50294753"},"content":{"rendered":"<p>Filtro de ventilaci\u00f3n Jungheinrich \u2013 50294753<\/p>","protected":false},"excerpt":{"rendered":"<p data-start=\"2758\" data-end=\"3081\">Este filtro de ventilaci\u00f3n se utiliza en montacargas Jungheinrich para suministrar aire limpio al motor y evitar la entrada de part\u00edculas da\u00f1inas. Su calidad de filtraci\u00f3n contribuye a un rendimiento eficiente y duradero del equipo. Repuesto original de alto rendimiento.<\/p>\n<p data-start=\"3083\" data-end=\"3106\"><strong data-start=\"3083\" data-end=\"3104\">Especificaciones:<\/strong><\/p>\n<ul data-start=\"3107\" data-end=\"3259\">\n<li data-start=\"3107\" data-end=\"3136\">\n<p data-start=\"3109\" data-end=\"3136\">N\u00famero de parte: 50294753<\/p>\n<\/li>\n<li data-start=\"3137\" data-end=\"3171\">\n<p data-start=\"3139\" data-end=\"3171\">Marca compatible: Jungheinrich<\/p>\n<\/li>\n<li data-start=\"3172\" data-end=\"3204\">\n<p data-start=\"3174\" data-end=\"3204\">Alta capacidad de filtraci\u00f3n<\/p>\n<\/li>\n<li data-start=\"3205\" data-end=\"3239\">\n<p data-start=\"3207\" data-end=\"3239\">Material duradero y resistente<\/p>\n<\/li>\n<li data-start=\"3240\" data-end=\"3259\">\n<p data-start=\"3242\" data-end=\"3259\">F\u00e1cil reemplazo<\/p>\n<\/li>\n<\/ul>\n","protected":false},"featured_media":17370,"template":"","meta":[],"product_brand":[],"product_cat":[236,498,522],"product_tag":[],"class_list":{"0":"post-17365","1":"product","2":"type-product","3":"status-publish","4":"has-post-thumbnail","6":"product_cat-jungheinrich","7":"product_cat-filtre-cesitleri","8":"product_cat-yedek-parca-jungheinrich","10":"first","11":"instock","12":"taxable","13":"shipping-taxable","14":"purchasable","15":"product-type-simple"},"_links":{"self":[{"href":"https:\/\/ceoparts.com\/es\/wp-json\/wp\/v2\/product\/17365","targetHints":{"allow":["GET"]}}],"collection":[{"href":"https:\/\/ceoparts.com\/es\/wp-json\/wp\/v2\/product"}],"about":[{"href":"https:\/\/ceoparts.com\/es\/wp-json\/wp\/v2\/types\/product"}],"wp:featuredmedia":[{"embeddable":true,"href":"https:\/\/ceoparts.com\/es\/wp-json\/wp\/v2\/media\/17370"}],"wp:attachment":[{"href":"https:\/\/ceoparts.com\/es\/wp-json\/wp\/v2\/media?parent=17365"}],"wp:term":[{"taxonomy":"product_brand","embeddable":true,"href":"https:\/\/ceoparts.com\/es\/wp-json\/wp\/v2\/product_brand?post=17365"},{"taxonomy":"product_cat","embeddable":true,"href":"https:\/\/ceoparts.com\/es\/wp-json\/wp\/v2\/product_cat?post=17365"},{"taxonomy":"product_tag","embeddable":true,"href":"https:\/\/ceoparts.com\/es\/wp-json\/wp\/v2\/product_tag?post=17365"}],"curies":[{"name":"wp","href":"https:\/\/api.w.org\/{rel}","templated":true}]}}