{"id":17402,"date":"2025-07-03T14:40:29","date_gmt":"2025-07-03T11:40:29","guid":{"rendered":"https:\/\/ceoparts.com\/?post_type=product&#038;p=17402"},"modified":"2026-05-16T19:25:07","modified_gmt":"2026-05-16T16:25:07","slug":"manuel-transpalet-2-500-kg-dokum-pompa","status":"publish","type":"product","link":"https:\/\/ceoparts.com\/es\/urun\/manuel-transpalet-2-500-kg-dokum-pompa\/","title":{"rendered":"Transpaleta manual 2.500 kg \u2013 Bomba de fundici\u00f3n, ruedas de poliuretano"},"content":{"rendered":"<p>Transpaleta manual 2.500 kg \u2013 Bomba de fundici\u00f3n, ruedas de poliuretano<\/p>","protected":false},"excerpt":{"rendered":"<p data-start=\"4603\" data-end=\"5042\"><strong data-start=\"4603\" data-end=\"4684\">Transpaleta con bomba de fundici\u00f3n \u2013 \u00a1Potencia, durabilidad y confort en uno!<\/strong><br data-start=\"4684\" data-end=\"4687\" \/>La soluci\u00f3n ideal para tus necesidades de transporte industrial: esta transpaleta con bomba de fundici\u00f3n destaca por su alto rendimiento y construcci\u00f3n resistente. Con un cuerpo 100\u202f% de acero y bomba de hierro fundido, ofrece una vida \u00fatil prolongada. Sus 4 ruedas recubiertas de poliuretano permiten un transporte silencioso, suave y sin da\u00f1ar el suelo.<\/p>\n<p data-start=\"5044\" data-end=\"5131\">\u00a1Ya disponible con precios especiales y stock actualizado bajo la garant\u00eda de Ceoparts!<\/p>\n<p data-start=\"5133\" data-end=\"5165\"><strong data-start=\"5133\" data-end=\"5163\">Especificaciones t\u00e9cnicas:<\/strong><\/p>\n<ul data-start=\"5166\" data-end=\"5511\">\n<li data-start=\"5166\" data-end=\"5210\">\n<p data-start=\"5168\" data-end=\"5210\"><strong data-start=\"5168\" data-end=\"5189\">Tipo de producto:<\/strong> Bomba de fundici\u00f3n<\/p>\n<\/li>\n<li data-start=\"5211\" data-end=\"5255\">\n<p data-start=\"5213\" data-end=\"5255\"><strong data-start=\"5213\" data-end=\"5226\">Material:<\/strong> Cuerpo de acero resistente<\/p>\n<\/li>\n<li data-start=\"5256\" data-end=\"5291\">\n<p data-start=\"5258\" data-end=\"5291\"><strong data-start=\"5258\" data-end=\"5281\">Capacidad de carga:<\/strong> 2500 kg<\/p>\n<\/li>\n<li data-start=\"5292\" data-end=\"5357\">\n<p data-start=\"5294\" data-end=\"5357\"><strong data-start=\"5294\" data-end=\"5313\">Tipo de ruedas:<\/strong> 4x Poliuretano (silenciosas y sin marcas)<\/p>\n<\/li>\n<li data-start=\"5358\" data-end=\"5401\">\n<p data-start=\"5360\" data-end=\"5401\"><strong data-start=\"5360\" data-end=\"5391\">Longitud de las horquillas:<\/strong> 1150 mm<\/p>\n<\/li>\n<li data-start=\"5402\" data-end=\"5446\">\n<p data-start=\"5404\" data-end=\"5446\"><strong data-start=\"5404\" data-end=\"5437\">Ancho exterior de horquillas:<\/strong> 540 mm<\/p>\n<\/li>\n<li data-start=\"5447\" data-end=\"5475\">\n<p data-start=\"5449\" data-end=\"5475\"><strong data-start=\"5449\" data-end=\"5467\">Altura m\u00ednima:<\/strong> 85 mm<\/p>\n<\/li>\n<li data-start=\"5476\" data-end=\"5511\">\n<p data-start=\"5478\" data-end=\"5511\"><strong data-start=\"5478\" data-end=\"5502\">Altura de elevaci\u00f3n:<\/strong> 200 mm<\/p>\n<\/li>\n<\/ul>\n","protected":false},"featured_media":17422,"template":"","meta":[],"product_brand":[],"product_cat":[505],"product_tag":[],"class_list":{"0":"post-17402","1":"product","2":"type-product","3":"status-publish","4":"has-post-thumbnail","6":"product_cat-transpalet","8":"first","9":"instock","10":"taxable","11":"shipping-taxable","12":"purchasable","13":"product-type-simple"},"_links":{"self":[{"href":"https:\/\/ceoparts.com\/es\/wp-json\/wp\/v2\/product\/17402","targetHints":{"allow":["GET"]}}],"collection":[{"href":"https:\/\/ceoparts.com\/es\/wp-json\/wp\/v2\/product"}],"about":[{"href":"https:\/\/ceoparts.com\/es\/wp-json\/wp\/v2\/types\/product"}],"wp:featuredmedia":[{"embeddable":true,"href":"https:\/\/ceoparts.com\/es\/wp-json\/wp\/v2\/media\/17422"}],"wp:attachment":[{"href":"https:\/\/ceoparts.com\/es\/wp-json\/wp\/v2\/media?parent=17402"}],"wp:term":[{"taxonomy":"product_brand","embeddable":true,"href":"https:\/\/ceoparts.com\/es\/wp-json\/wp\/v2\/product_brand?post=17402"},{"taxonomy":"product_cat","embeddable":true,"href":"https:\/\/ceoparts.com\/es\/wp-json\/wp\/v2\/product_cat?post=17402"},{"taxonomy":"product_tag","embeddable":true,"href":"https:\/\/ceoparts.com\/es\/wp-json\/wp\/v2\/product_tag?post=17402"}],"curies":[{"name":"wp","href":"https:\/\/api.w.org\/{rel}","templated":true}]}}