{"id":17410,"date":"2025-07-03T15:06:17","date_gmt":"2025-07-03T12:06:17","guid":{"rendered":"https:\/\/ceoparts.com\/?post_type=product&#038;p=17410"},"modified":"2026-05-16T09:34:28","modified_gmt":"2026-05-16T06:34:28","slug":"manuel-transpalet-2-500-kg-sise-pompa-beyaz-teker","status":"publish","type":"product","link":"https:\/\/ceoparts.com\/es\/urun\/manuel-transpalet-2-500-kg-sise-pompa-beyaz-teker\/","title":{"rendered":"Transpaleta manual 2.500 kg \u2013 Bomba tipo botella, ruedas de poliamida"},"content":{"rendered":"<p>Transpaleta manual 2.500 kg \u2013 Bomba tipo botella, ruedas de poliamida<\/p>","protected":false},"excerpt":{"rendered":"<p data-start=\"4493\" data-end=\"4923\"><strong data-start=\"4493\" data-end=\"4575\">Transpaleta con bomba tipo botella \u2013 \u00a1Toque ligero, maestro de cargas pesadas!<\/strong><br data-start=\"4575\" data-end=\"4578\" \/>La soluci\u00f3n ideal para tus necesidades en almacenes, producci\u00f3n y log\u00edstica: esta transpaleta con bomba tipo botella. Su estructura de acero y sus ruedas de poliamida garantizan un desplazamiento silencioso y estable incluso en superficies resbaladizas. El dise\u00f1o de la bomba facilita el levantamiento con menos esfuerzo y excelente rendimiento.<\/p>\n<p data-start=\"4925\" data-end=\"5010\">\u00a1Ya disponible con precios competitivos y entrega r\u00e1pida, con la calidad de CEOParts!<\/p>\n<p data-start=\"5012\" data-end=\"5044\"><strong data-start=\"5012\" data-end=\"5042\">Especificaciones t\u00e9cnicas:<\/strong><\/p>\n<ul data-start=\"5045\" data-end=\"5380\">\n<li data-start=\"5045\" data-end=\"5089\">\n<p data-start=\"5047\" data-end=\"5089\"><strong data-start=\"5047\" data-end=\"5068\">Tipo de producto:<\/strong> Bomba tipo botella<\/p>\n<\/li>\n<li data-start=\"5090\" data-end=\"5124\">\n<p data-start=\"5092\" data-end=\"5124\"><strong data-start=\"5092\" data-end=\"5105\">Material:<\/strong> Acero resistente<\/p>\n<\/li>\n<li data-start=\"5125\" data-end=\"5160\">\n<p data-start=\"5127\" data-end=\"5160\"><strong data-start=\"5127\" data-end=\"5150\">Capacidad de carga:<\/strong> 2500 kg<\/p>\n<\/li>\n<li data-start=\"5161\" data-end=\"5230\">\n<p data-start=\"5163\" data-end=\"5230\"><strong data-start=\"5163\" data-end=\"5182\">Tipo de ruedas:<\/strong> 4x Poliamida (duras, resistentes y duraderas)<\/p>\n<\/li>\n<li data-start=\"5231\" data-end=\"5270\">\n<p data-start=\"5233\" data-end=\"5270\"><strong data-start=\"5233\" data-end=\"5260\">Longitud de horquillas:<\/strong> 1150 mm<\/p>\n<\/li>\n<li data-start=\"5271\" data-end=\"5315\">\n<p data-start=\"5273\" data-end=\"5315\"><strong data-start=\"5273\" data-end=\"5306\">Ancho exterior de horquillas:<\/strong> 540 mm<\/p>\n<\/li>\n<li data-start=\"5316\" data-end=\"5344\">\n<p data-start=\"5318\" data-end=\"5344\"><strong data-start=\"5318\" data-end=\"5336\">Altura m\u00ednima:<\/strong> 85 mm<\/p>\n<\/li>\n<li data-start=\"5345\" data-end=\"5380\">\n<p data-start=\"5347\" data-end=\"5380\"><strong data-start=\"5347\" data-end=\"5371\">Altura de elevaci\u00f3n:<\/strong> 200 mm<\/p>\n<\/li>\n<\/ul>\n","protected":false},"featured_media":17411,"template":"","meta":[],"product_brand":[],"product_cat":[505],"product_tag":[],"class_list":{"0":"post-17410","1":"product","2":"type-product","3":"status-publish","4":"has-post-thumbnail","6":"product_cat-transpalet","8":"first","9":"instock","10":"taxable","11":"shipping-taxable","12":"purchasable","13":"product-type-simple"},"_links":{"self":[{"href":"https:\/\/ceoparts.com\/es\/wp-json\/wp\/v2\/product\/17410","targetHints":{"allow":["GET"]}}],"collection":[{"href":"https:\/\/ceoparts.com\/es\/wp-json\/wp\/v2\/product"}],"about":[{"href":"https:\/\/ceoparts.com\/es\/wp-json\/wp\/v2\/types\/product"}],"wp:featuredmedia":[{"embeddable":true,"href":"https:\/\/ceoparts.com\/es\/wp-json\/wp\/v2\/media\/17411"}],"wp:attachment":[{"href":"https:\/\/ceoparts.com\/es\/wp-json\/wp\/v2\/media?parent=17410"}],"wp:term":[{"taxonomy":"product_brand","embeddable":true,"href":"https:\/\/ceoparts.com\/es\/wp-json\/wp\/v2\/product_brand?post=17410"},{"taxonomy":"product_cat","embeddable":true,"href":"https:\/\/ceoparts.com\/es\/wp-json\/wp\/v2\/product_cat?post=17410"},{"taxonomy":"product_tag","embeddable":true,"href":"https:\/\/ceoparts.com\/es\/wp-json\/wp\/v2\/product_tag?post=17410"}],"curies":[{"name":"wp","href":"https:\/\/api.w.org\/{rel}","templated":true}]}}