{"id":17445,"date":"2025-07-07T17:16:51","date_gmt":"2025-07-07T14:16:51","guid":{"rendered":"https:\/\/ceoparts.com\/?post_type=product&#038;p=17445"},"modified":"2026-05-16T14:57:52","modified_gmt":"2026-05-16T11:57:52","slug":"jungheinrich-fren-manyetigi-bfk457-08-13189922-51066388","status":"publish","type":"product","link":"https:\/\/ceoparts.com\/es\/urun\/jungheinrich-fren-manyetigi-bfk457-08-13189922-51066388\/","title":{"rendered":"Electroim\u00e1n de freno Jungheinrich \u2013 BFK457-08  51035043-50445757"},"content":{"rendered":"<p>Electroim\u00e1n de freno Jungheinrich \u2013 BFK457-08  51035043-50445757<\/p>","protected":false},"excerpt":{"rendered":"<p>El im\u00e1n de freno BFK457-08 de Jungheinrich ha sido dise\u00f1ado para garantizar un frenado seguro en motores el\u00e9ctricos industriales. Su funcionamiento electromagn\u00e9tico asegura que, al cortar la corriente, el motor quede detenido de forma precisa y segura. Gracias a su estructura compacta y resistente, se puede montar f\u00e1cilmente incluso en espacios reducidos. Es silencioso, duradero y requiere poco mantenimiento. Es un repuesto original ideal para equipos Jungheinrich.<\/p>\n<p><strong>Especificaciones t\u00e9cnicas:<\/strong><\/p>\n<p>Modelo: BFK457-08<\/p>\n<p>N.\u00ba de parte: 51035043-50445757<\/p>\n<p>Voltaje: 24V DC<\/p>\n<p>Par de frenado: ~8 Nm<\/p>\n<p>Montaje: Tipo brida<\/p>\n<p>Grado de protecci\u00f3n: IP54<\/p>\n<p>Temperatura de operaci\u00f3n: -20\u00b0C a +40\u00b0C<\/p>\n<p>Liberaci\u00f3n manual: S\u00ed<\/p>\n<p>Aplicaciones: Carretillas elevadoras, cintas transportadoras, ascensores, motores industriales<\/p>\n<p>Compatibilidad: Totalmente compatible con equipos Jungheinrich<\/p>\n","protected":false},"featured_media":17451,"template":"","meta":[],"product_brand":[],"product_cat":[236,449,522],"product_tag":[],"class_list":{"0":"post-17445","1":"product","2":"type-product","3":"status-publish","4":"has-post-thumbnail","6":"product_cat-jungheinrich","7":"product_cat-fren-sistem-parcalari","8":"product_cat-yedek-parca-jungheinrich","10":"first","11":"instock","12":"taxable","13":"shipping-taxable","14":"purchasable","15":"product-type-simple"},"_links":{"self":[{"href":"https:\/\/ceoparts.com\/es\/wp-json\/wp\/v2\/product\/17445","targetHints":{"allow":["GET"]}}],"collection":[{"href":"https:\/\/ceoparts.com\/es\/wp-json\/wp\/v2\/product"}],"about":[{"href":"https:\/\/ceoparts.com\/es\/wp-json\/wp\/v2\/types\/product"}],"wp:featuredmedia":[{"embeddable":true,"href":"https:\/\/ceoparts.com\/es\/wp-json\/wp\/v2\/media\/17451"}],"wp:attachment":[{"href":"https:\/\/ceoparts.com\/es\/wp-json\/wp\/v2\/media?parent=17445"}],"wp:term":[{"taxonomy":"product_brand","embeddable":true,"href":"https:\/\/ceoparts.com\/es\/wp-json\/wp\/v2\/product_brand?post=17445"},{"taxonomy":"product_cat","embeddable":true,"href":"https:\/\/ceoparts.com\/es\/wp-json\/wp\/v2\/product_cat?post=17445"},{"taxonomy":"product_tag","embeddable":true,"href":"https:\/\/ceoparts.com\/es\/wp-json\/wp\/v2\/product_tag?post=17445"}],"curies":[{"name":"wp","href":"https:\/\/api.w.org\/{rel}","templated":true}]}}