{"id":17455,"date":"2025-07-08T09:21:01","date_gmt":"2025-07-08T06:21:01","guid":{"rendered":"https:\/\/ceoparts.com\/?post_type=product&#038;p=17455"},"modified":"2026-05-16T14:01:21","modified_gmt":"2026-05-16T11:01:21","slug":"curtis-aku-kontrolu-48-80v-300a-2-el","status":"publish","type":"product","link":"https:\/\/ceoparts.com\/es\/urun\/curtis-aku-kontrolu-48-80v-300a-2-el\/","title":{"rendered":"Controlador de bater\u00eda Curtis 48\u201380V 300A \u2013 De segunda mano"},"content":{"rendered":"<p>Controlador de bater\u00eda Curtis 48\u201380V 300A \u2013 De segunda mano<\/p>","protected":false},"excerpt":{"rendered":"<p data-start=\"2666\" data-end=\"3009\">Este controlador de bater\u00eda Curtis est\u00e1 dise\u00f1ado para montacargas que funcionan entre 48-80V y soporta una corriente de 300A. Es una unidad usada, probada, fiable y resistente. Gestiona el rendimiento de la bater\u00eda para mejorar la eficiencia energ\u00e9tica y asegurar un funcionamiento fluido.<\/p>\n<p data-start=\"3011\" data-end=\"3034\"><strong data-start=\"3011\" data-end=\"3032\">Especificaciones:<\/strong><\/p>\n<ul data-start=\"3035\" data-end=\"3158\">\n<li data-start=\"3035\" data-end=\"3054\">\n<p data-start=\"3037\" data-end=\"3054\">Voltaje: 48-80V<\/p>\n<\/li>\n<li data-start=\"3055\" data-end=\"3074\">\n<p data-start=\"3057\" data-end=\"3074\">Corriente: 300A<\/p>\n<\/li>\n<li data-start=\"3075\" data-end=\"3101\">\n<p data-start=\"3077\" data-end=\"3101\">Estado: Usado, probado<\/p>\n<\/li>\n<li data-start=\"3102\" data-end=\"3119\">\n<p data-start=\"3104\" data-end=\"3119\">Marca: Curtis<\/p>\n<\/li>\n<li data-start=\"3120\" data-end=\"3158\">\n<p data-start=\"3122\" data-end=\"3158\">F\u00e1cil instalaci\u00f3n y compatibilidad<\/p>\n<\/li>\n<\/ul>\n","protected":false},"featured_media":17456,"template":"","meta":[],"product_brand":[],"product_cat":[433],"product_tag":[],"class_list":{"0":"post-17455","1":"product","2":"type-product","3":"status-publish","4":"has-post-thumbnail","6":"product_cat-ikinci-el-urunler","8":"first","9":"instock","10":"taxable","11":"shipping-taxable","12":"purchasable","13":"product-type-simple"},"_links":{"self":[{"href":"https:\/\/ceoparts.com\/es\/wp-json\/wp\/v2\/product\/17455","targetHints":{"allow":["GET"]}}],"collection":[{"href":"https:\/\/ceoparts.com\/es\/wp-json\/wp\/v2\/product"}],"about":[{"href":"https:\/\/ceoparts.com\/es\/wp-json\/wp\/v2\/types\/product"}],"wp:featuredmedia":[{"embeddable":true,"href":"https:\/\/ceoparts.com\/es\/wp-json\/wp\/v2\/media\/17456"}],"wp:attachment":[{"href":"https:\/\/ceoparts.com\/es\/wp-json\/wp\/v2\/media?parent=17455"}],"wp:term":[{"taxonomy":"product_brand","embeddable":true,"href":"https:\/\/ceoparts.com\/es\/wp-json\/wp\/v2\/product_brand?post=17455"},{"taxonomy":"product_cat","embeddable":true,"href":"https:\/\/ceoparts.com\/es\/wp-json\/wp\/v2\/product_cat?post=17455"},{"taxonomy":"product_tag","embeddable":true,"href":"https:\/\/ceoparts.com\/es\/wp-json\/wp\/v2\/product_tag?post=17455"}],"curies":[{"name":"wp","href":"https:\/\/api.w.org\/{rel}","templated":true}]}}