{"id":17472,"date":"2025-07-08T12:02:19","date_gmt":"2025-07-08T09:02:19","guid":{"rendered":"https:\/\/ceoparts.com\/?post_type=product&#038;p=17472"},"modified":"2026-05-16T22:09:34","modified_gmt":"2026-05-16T19:09:34","slug":"still-surus-elektroniigi-2-el-48-80v-300a-45413605800","status":"publish","type":"product","link":"https:\/\/ceoparts.com\/es\/urun\/still-surus-elektroniigi-2-el-48-80v-300a-45413605800\/","title":{"rendered":"Electr\u00f3nica de tracci\u00f3n STILL \u2013 De segunda mano \u2013 48\u201380V 300A \u2013 45413605800"},"content":{"rendered":"<p>Electr\u00f3nica de tracci\u00f3n STILL \u2013 De segunda mano \u2013 48\u201380V 300A \u2013 45413605800<\/p>","protected":false},"excerpt":{"rendered":"<p data-start=\"3592\" data-end=\"3934\">M\u00f3dulo de electr\u00f3nica de tracci\u00f3n dise\u00f1ado para montacargas STILL, con un rango de voltaje de 48 a 80 voltios y una capacidad de corriente de 300 amperios. Ofrecido como usado, este m\u00f3dulo ha sido probado y funciona sin problemas. Proporciona alto rendimiento y durabilidad.<\/p>\n<p data-start=\"3936\" data-end=\"4133\"><strong data-start=\"3936\" data-end=\"3957\">Especificaciones:<\/strong><br data-start=\"3957\" data-end=\"3960\" \/>\u2022 Modelo: 45413605800<br data-start=\"3981\" data-end=\"3984\" \/>\u2022 Rango de voltaje: 48-80 V<br data-start=\"4011\" data-end=\"4014\" \/>\u2022 Corriente: 300 A<br data-start=\"4032\" data-end=\"4035\" \/>\u2022 Estado: Usado, probado<br data-start=\"4059\" data-end=\"4062\" \/>\u2022 Aplicaci\u00f3n: Electr\u00f3nica de tracci\u00f3n para montacargas<br data-start=\"4116\" data-end=\"4119\" \/>\u2022 Marca: STILL<\/p>\n","protected":false},"featured_media":17477,"template":"","meta":[],"product_brand":[],"product_cat":[241,433,524],"product_tag":[],"class_list":{"0":"post-17472","1":"product","2":"type-product","3":"status-publish","4":"has-post-thumbnail","6":"product_cat-still","7":"product_cat-ikinci-el-urunler","8":"product_cat-yedek-parca-still","10":"first","11":"instock","12":"taxable","13":"shipping-taxable","14":"purchasable","15":"product-type-simple"},"_links":{"self":[{"href":"https:\/\/ceoparts.com\/es\/wp-json\/wp\/v2\/product\/17472","targetHints":{"allow":["GET"]}}],"collection":[{"href":"https:\/\/ceoparts.com\/es\/wp-json\/wp\/v2\/product"}],"about":[{"href":"https:\/\/ceoparts.com\/es\/wp-json\/wp\/v2\/types\/product"}],"wp:featuredmedia":[{"embeddable":true,"href":"https:\/\/ceoparts.com\/es\/wp-json\/wp\/v2\/media\/17477"}],"wp:attachment":[{"href":"https:\/\/ceoparts.com\/es\/wp-json\/wp\/v2\/media?parent=17472"}],"wp:term":[{"taxonomy":"product_brand","embeddable":true,"href":"https:\/\/ceoparts.com\/es\/wp-json\/wp\/v2\/product_brand?post=17472"},{"taxonomy":"product_cat","embeddable":true,"href":"https:\/\/ceoparts.com\/es\/wp-json\/wp\/v2\/product_cat?post=17472"},{"taxonomy":"product_tag","embeddable":true,"href":"https:\/\/ceoparts.com\/es\/wp-json\/wp\/v2\/product_tag?post=17472"}],"curies":[{"name":"wp","href":"https:\/\/api.w.org\/{rel}","templated":true}]}}