{"id":17491,"date":"2025-07-08T16:26:19","date_gmt":"2025-07-08T13:26:19","guid":{"rendered":"https:\/\/ceoparts.com\/?post_type=product&#038;p=17491"},"modified":"2026-05-16T14:32:47","modified_gmt":"2026-05-16T11:32:47","slug":"komatsu-dualac2-power-zapi-48-v-2-el","status":"publish","type":"product","link":"https:\/\/ceoparts.com\/es\/urun\/komatsu-dualac2-power-zapi-48-v-2-el\/","title":{"rendered":"Komatsu Dualac2 Power Zapi 48V \u2013 De segunda mano"},"content":{"rendered":"<p>Komatsu Dualac2 Power Zapi 48V \u2013 De segunda mano<\/p>","protected":false},"excerpt":{"rendered":"<p data-start=\"3491\" data-end=\"3839\">La unidad de control Komatsu Dualac2 Power Zapi funciona a 48 voltios y proporciona gesti\u00f3n de energ\u00eda para montacargas y veh\u00edculos el\u00e9ctricos. Ofrecida como usada, esta unidad ha sido probada y funciona sin problemas. Ofrece alto rendimiento y durabilidad en aplicaciones industriales.<\/p>\n<p data-start=\"3841\" data-end=\"4032\"><strong data-start=\"3841\" data-end=\"3862\">Especificaciones:<\/strong><br data-start=\"3862\" data-end=\"3865\" \/>\u2022 Modelo: Dualac2 Power Zapi<br data-start=\"3893\" data-end=\"3896\" \/>\u2022 Voltaje: 48 V<br data-start=\"3911\" data-end=\"3914\" \/>\u2022 Estado: Usada, probada<br data-start=\"3938\" data-end=\"3941\" \/>\u2022 Aplicaci\u00f3n: Gesti\u00f3n energ\u00e9tica para montacargas y veh\u00edculos el\u00e9ctricos<br data-start=\"4013\" data-end=\"4016\" \/>\u2022 Marca: Komatsu<\/p>\n","protected":false},"featured_media":17493,"template":"","meta":[],"product_brand":[],"product_cat":[433],"product_tag":[],"class_list":{"0":"post-17491","1":"product","2":"type-product","3":"status-publish","4":"has-post-thumbnail","6":"product_cat-ikinci-el-urunler","8":"first","9":"instock","10":"taxable","11":"shipping-taxable","12":"purchasable","13":"product-type-simple"},"_links":{"self":[{"href":"https:\/\/ceoparts.com\/es\/wp-json\/wp\/v2\/product\/17491","targetHints":{"allow":["GET"]}}],"collection":[{"href":"https:\/\/ceoparts.com\/es\/wp-json\/wp\/v2\/product"}],"about":[{"href":"https:\/\/ceoparts.com\/es\/wp-json\/wp\/v2\/types\/product"}],"wp:featuredmedia":[{"embeddable":true,"href":"https:\/\/ceoparts.com\/es\/wp-json\/wp\/v2\/media\/17493"}],"wp:attachment":[{"href":"https:\/\/ceoparts.com\/es\/wp-json\/wp\/v2\/media?parent=17491"}],"wp:term":[{"taxonomy":"product_brand","embeddable":true,"href":"https:\/\/ceoparts.com\/es\/wp-json\/wp\/v2\/product_brand?post=17491"},{"taxonomy":"product_cat","embeddable":true,"href":"https:\/\/ceoparts.com\/es\/wp-json\/wp\/v2\/product_cat?post=17491"},{"taxonomy":"product_tag","embeddable":true,"href":"https:\/\/ceoparts.com\/es\/wp-json\/wp\/v2\/product_tag?post=17491"}],"curies":[{"name":"wp","href":"https:\/\/api.w.org\/{rel}","templated":true}]}}