{"id":17507,"date":"2025-07-08T17:27:31","date_gmt":"2025-07-08T14:27:31","guid":{"rendered":"https:\/\/ceoparts.com\/?post_type=product&#038;p=17507"},"modified":"2026-05-16T21:09:13","modified_gmt":"2026-05-16T18:09:13","slug":"still-exu-grup-kart-24-v-3903702068","status":"publish","type":"product","link":"https:\/\/ceoparts.com\/es\/urun\/still-exu-grup-kart-24-v-3903702068\/","title":{"rendered":"Tarjeta de grupo STILL EXU 24V \u2013 3903702068"},"content":{"rendered":"<p>Tarjeta de grupo STILL EXU 24V \u2013 3903702068<\/p>","protected":false},"excerpt":{"rendered":"<p data-start=\"3333\" data-end=\"3644\">Esta tarjeta de grupo de 24 voltios est\u00e1 dise\u00f1ada especialmente para montacargas y veh\u00edculos el\u00e9ctricos de la serie STILL EXU. Controla las funciones el\u00e9ctricas de los veh\u00edculos y ofrece alta durabilidad con rendimiento confiable. Adecuada para uso industrial.<\/p>\n<p data-start=\"3646\" data-end=\"3856\"><strong data-start=\"3646\" data-end=\"3667\">Especificaciones:<\/strong><br data-start=\"3667\" data-end=\"3670\" \/>\u2022 Modelo: 3903702068<br data-start=\"3690\" data-end=\"3693\" \/>\u2022 Voltaje: 24 V<br data-start=\"3708\" data-end=\"3711\" \/>\u2022 Marca compatible: STILL EXU<br data-start=\"3740\" data-end=\"3743\" \/>\u2022 Aplicaci\u00f3n: Tarjeta de control para montacargas y veh\u00edculos el\u00e9ctricos<br data-start=\"3815\" data-end=\"3818\" \/>\u2022 Caracter\u00edsticas: Duradera, confiable<\/p>\n","protected":false},"featured_media":17509,"template":"","meta":[],"product_brand":[],"product_cat":[241,431,524],"product_tag":[],"class_list":{"0":"post-17507","1":"product","2":"type-product","3":"status-publish","4":"has-post-thumbnail","6":"product_cat-still","7":"product_cat-ekranlar-ve-kartlar","8":"product_cat-yedek-parca-still","10":"first","11":"instock","12":"taxable","13":"shipping-taxable","14":"purchasable","15":"product-type-simple"},"_links":{"self":[{"href":"https:\/\/ceoparts.com\/es\/wp-json\/wp\/v2\/product\/17507","targetHints":{"allow":["GET"]}}],"collection":[{"href":"https:\/\/ceoparts.com\/es\/wp-json\/wp\/v2\/product"}],"about":[{"href":"https:\/\/ceoparts.com\/es\/wp-json\/wp\/v2\/types\/product"}],"wp:featuredmedia":[{"embeddable":true,"href":"https:\/\/ceoparts.com\/es\/wp-json\/wp\/v2\/media\/17509"}],"wp:attachment":[{"href":"https:\/\/ceoparts.com\/es\/wp-json\/wp\/v2\/media?parent=17507"}],"wp:term":[{"taxonomy":"product_brand","embeddable":true,"href":"https:\/\/ceoparts.com\/es\/wp-json\/wp\/v2\/product_brand?post=17507"},{"taxonomy":"product_cat","embeddable":true,"href":"https:\/\/ceoparts.com\/es\/wp-json\/wp\/v2\/product_cat?post=17507"},{"taxonomy":"product_tag","embeddable":true,"href":"https:\/\/ceoparts.com\/es\/wp-json\/wp\/v2\/product_tag?post=17507"}],"curies":[{"name":"wp","href":"https:\/\/api.w.org\/{rel}","templated":true}]}}