{"id":17513,"date":"2025-07-08T17:33:34","date_gmt":"2025-07-08T14:33:34","guid":{"rendered":"https:\/\/ceoparts.com\/?post_type=product&#038;p=17513"},"modified":"2026-05-16T23:30:51","modified_gmt":"2026-05-16T20:30:51","slug":"komatsu-ac-2-inverter-48-v-300a-2-el","status":"publish","type":"product","link":"https:\/\/ceoparts.com\/es\/urun\/komatsu-ac-2-inverter-48-v-300a-2-el\/","title":{"rendered":"Inversor Komatsu AC-2 48V 300A \u2013 De segunda mano"},"content":{"rendered":"<p>Inversor Komatsu AC-2 48V 300A \u2013 De segunda mano<\/p>","protected":false},"excerpt":{"rendered":"<p data-start=\"3461\" data-end=\"3791\">El inversor Komatsu AC-2, con capacidad de 48 voltios y 300 amperios, proporciona control de energ\u00eda para montacargas y veh\u00edculos el\u00e9ctricos. Ofrecido como usado, este inversor ha sido probado y funciona sin problemas. Ofrece alto rendimiento y durabilidad en aplicaciones industriales.<\/p>\n<p data-start=\"3793\" data-end=\"3991\"><strong data-start=\"3793\" data-end=\"3814\">Especificaciones:<\/strong><br data-start=\"3814\" data-end=\"3817\" \/>\u2022 Modelo: AC-2<br data-start=\"3831\" data-end=\"3834\" \/>\u2022 Voltaje: 48 V<br data-start=\"3849\" data-end=\"3852\" \/>\u2022 Corriente: 300 A<br data-start=\"3870\" data-end=\"3873\" \/>\u2022 Estado: Usado, probado<br data-start=\"3897\" data-end=\"3900\" \/>\u2022 Aplicaci\u00f3n: Control de energ\u00eda para montacargas y veh\u00edculos el\u00e9ctricos<br data-start=\"3972\" data-end=\"3975\" \/>\u2022 Marca: Komatsu<\/p>\n","protected":false},"featured_media":17517,"template":"","meta":[],"product_brand":[],"product_cat":[433],"product_tag":[],"class_list":{"0":"post-17513","1":"product","2":"type-product","3":"status-publish","4":"has-post-thumbnail","6":"product_cat-ikinci-el-urunler","8":"first","9":"instock","10":"taxable","11":"shipping-taxable","12":"purchasable","13":"product-type-simple"},"_links":{"self":[{"href":"https:\/\/ceoparts.com\/es\/wp-json\/wp\/v2\/product\/17513","targetHints":{"allow":["GET"]}}],"collection":[{"href":"https:\/\/ceoparts.com\/es\/wp-json\/wp\/v2\/product"}],"about":[{"href":"https:\/\/ceoparts.com\/es\/wp-json\/wp\/v2\/types\/product"}],"wp:featuredmedia":[{"embeddable":true,"href":"https:\/\/ceoparts.com\/es\/wp-json\/wp\/v2\/media\/17517"}],"wp:attachment":[{"href":"https:\/\/ceoparts.com\/es\/wp-json\/wp\/v2\/media?parent=17513"}],"wp:term":[{"taxonomy":"product_brand","embeddable":true,"href":"https:\/\/ceoparts.com\/es\/wp-json\/wp\/v2\/product_brand?post=17513"},{"taxonomy":"product_cat","embeddable":true,"href":"https:\/\/ceoparts.com\/es\/wp-json\/wp\/v2\/product_cat?post=17513"},{"taxonomy":"product_tag","embeddable":true,"href":"https:\/\/ceoparts.com\/es\/wp-json\/wp\/v2\/product_tag?post=17513"}],"curies":[{"name":"wp","href":"https:\/\/api.w.org\/{rel}","templated":true}]}}