{"id":17518,"date":"2025-07-08T17:48:59","date_gmt":"2025-07-08T14:48:59","guid":{"rendered":"https:\/\/ceoparts.com\/?post_type=product&#038;p=17518"},"modified":"2026-05-16T15:15:17","modified_gmt":"2026-05-16T12:15:17","slug":"254x85-30-msl-yuruyus-tekeri-805808","status":"publish","type":"product","link":"https:\/\/ceoparts.com\/es\/urun\/254x85-30-msl-yuruyus-tekeri-805808\/","title":{"rendered":"254&#215;85-30 MSL Rueda motriz \u2013 805808"},"content":{"rendered":"<p>254&#215;85-30 MSL Rueda motriz \u2013 805808<\/p>","protected":false},"excerpt":{"rendered":"<p data-start=\"3384\" data-end=\"3674\">Esta rueda MSL est\u00e1 dise\u00f1ada para cargas pesadas y aplicaciones industriales. Tiene un di\u00e1metro de 254 mm, ancho de 85 mm y agujero de 30 mm. Su construcci\u00f3n resistente y alto rendimiento la hacen ideal para montacargas y sistemas de transporte.<\/p>\n<p data-start=\"3676\" data-end=\"3871\"><strong data-start=\"3676\" data-end=\"3697\">Especificaciones:<\/strong><br data-start=\"3697\" data-end=\"3700\" \/>\u2022 Dimensiones: 254\u00d785-30 mm<br data-start=\"3727\" data-end=\"3730\" \/>\u2022 Marca: MSL<br data-start=\"3742\" data-end=\"3745\" \/>\u2022 C\u00f3digo: 805808<br data-start=\"3761\" data-end=\"3764\" \/>\u2022 Aplicaci\u00f3n: Montacargas y sistemas de transporte pesado<br data-start=\"3821\" data-end=\"3824\" \/>\u2022 Caracter\u00edsticas: Resistente, alto rendimiento<\/p>\n","protected":false},"featured_media":17523,"template":"","meta":[],"product_brand":[],"product_cat":[397],"product_tag":[],"class_list":{"0":"post-17518","1":"product","2":"type-product","3":"status-publish","4":"has-post-thumbnail","6":"product_cat-yuruyus-tekeri-ceo","8":"first","9":"instock","10":"taxable","11":"shipping-taxable","12":"purchasable","13":"product-type-simple"},"_links":{"self":[{"href":"https:\/\/ceoparts.com\/es\/wp-json\/wp\/v2\/product\/17518","targetHints":{"allow":["GET"]}}],"collection":[{"href":"https:\/\/ceoparts.com\/es\/wp-json\/wp\/v2\/product"}],"about":[{"href":"https:\/\/ceoparts.com\/es\/wp-json\/wp\/v2\/types\/product"}],"wp:featuredmedia":[{"embeddable":true,"href":"https:\/\/ceoparts.com\/es\/wp-json\/wp\/v2\/media\/17523"}],"wp:attachment":[{"href":"https:\/\/ceoparts.com\/es\/wp-json\/wp\/v2\/media?parent=17518"}],"wp:term":[{"taxonomy":"product_brand","embeddable":true,"href":"https:\/\/ceoparts.com\/es\/wp-json\/wp\/v2\/product_brand?post=17518"},{"taxonomy":"product_cat","embeddable":true,"href":"https:\/\/ceoparts.com\/es\/wp-json\/wp\/v2\/product_cat?post=17518"},{"taxonomy":"product_tag","embeddable":true,"href":"https:\/\/ceoparts.com\/es\/wp-json\/wp\/v2\/product_tag?post=17518"}],"curies":[{"name":"wp","href":"https:\/\/api.w.org\/{rel}","templated":true}]}}