{"id":17527,"date":"2025-07-09T11:24:25","date_gmt":"2025-07-09T08:24:25","guid":{"rendered":"https:\/\/ceoparts.com\/?post_type=product&#038;p=17527"},"modified":"2026-05-16T13:32:58","modified_gmt":"2026-05-16T10:32:58","slug":"zapi-kart-fc2329-2-el","status":"publish","type":"product","link":"https:\/\/ceoparts.com\/es\/urun\/zapi-kart-fc2329-2-el\/","title":{"rendered":"Tarjeta Zapi FC2329 \u2013 De segunda mano"},"content":{"rendered":"<p>Tarjeta Zapi FC2329 \u2013 De segunda mano<\/p>","protected":false},"excerpt":{"rendered":"<p data-start=\"2774\" data-end=\"3040\">La tarjeta de control Zapi FC2329 se utiliza en montacargas y veh\u00edculos el\u00e9ctricos. Ofrecida como usada, esta tarjeta ha sido probada y funciona perfectamente. Asegura un rendimiento confiable en sistemas de automatizaci\u00f3n industrial.<\/p>\n<p data-start=\"3042\" data-end=\"3187\"><strong data-start=\"3042\" data-end=\"3063\">Especificaciones:<\/strong><br data-start=\"3063\" data-end=\"3066\" \/>\u2022 Modelo: FC2329<br data-start=\"3082\" data-end=\"3085\" \/>\u2022 Estado: Usada, probada<br data-start=\"3109\" data-end=\"3112\" \/>\u2022 Aplicaci\u00f3n: Control de montacargas y veh\u00edculos el\u00e9ctricos<br data-start=\"3171\" data-end=\"3174\" \/>\u2022 Marca: Zapi<\/p>\n","protected":false},"featured_media":17499,"template":"","meta":[],"product_brand":[],"product_cat":[433],"product_tag":[],"class_list":{"0":"post-17527","1":"product","2":"type-product","3":"status-publish","4":"has-post-thumbnail","6":"product_cat-ikinci-el-urunler","8":"first","9":"instock","10":"taxable","11":"shipping-taxable","12":"purchasable","13":"product-type-simple"},"_links":{"self":[{"href":"https:\/\/ceoparts.com\/es\/wp-json\/wp\/v2\/product\/17527","targetHints":{"allow":["GET"]}}],"collection":[{"href":"https:\/\/ceoparts.com\/es\/wp-json\/wp\/v2\/product"}],"about":[{"href":"https:\/\/ceoparts.com\/es\/wp-json\/wp\/v2\/types\/product"}],"wp:featuredmedia":[{"embeddable":true,"href":"https:\/\/ceoparts.com\/es\/wp-json\/wp\/v2\/media\/17499"}],"wp:attachment":[{"href":"https:\/\/ceoparts.com\/es\/wp-json\/wp\/v2\/media?parent=17527"}],"wp:term":[{"taxonomy":"product_brand","embeddable":true,"href":"https:\/\/ceoparts.com\/es\/wp-json\/wp\/v2\/product_brand?post=17527"},{"taxonomy":"product_cat","embeddable":true,"href":"https:\/\/ceoparts.com\/es\/wp-json\/wp\/v2\/product_cat?post=17527"},{"taxonomy":"product_tag","embeddable":true,"href":"https:\/\/ceoparts.com\/es\/wp-json\/wp\/v2\/product_tag?post=17527"}],"curies":[{"name":"wp","href":"https:\/\/api.w.org\/{rel}","templated":true}]}}