{"id":17571,"date":"2025-07-18T09:46:44","date_gmt":"2025-07-18T06:46:44","guid":{"rendered":"https:\/\/ceoparts.com\/?post_type=product&#038;p=17571"},"modified":"2026-05-16T06:16:30","modified_gmt":"2026-05-16T03:16:30","slug":"230x105-45-stellana-atlet-yuk-tekeri-146852","status":"publish","type":"product","link":"https:\/\/ceoparts.com\/es\/urun\/230x105-45-stellana-atlet-yuk-tekeri-146852\/","title":{"rendered":"230&#215;105-45 Rueda de carga Stellana Atlet \u2013 146852"},"content":{"rendered":"<p>230&#215;105-45 Rueda de carga Stellana Atlet \u2013 146852<\/p>","protected":false},"excerpt":{"rendered":"<p data-start=\"3818\" data-end=\"4179\">Esta rueda de carga de alto rendimiento de la marca Stellana est\u00e1 dise\u00f1ada para su uso con equipos de manipulaci\u00f3n de materiales Atlet. El material Vulkollan proporciona una excelente resistencia al desgaste, funcionamiento silencioso y una larga vida \u00fatil incluso en entornos industriales exigentes.<\/p>\n<p data-start=\"4181\" data-end=\"4440\"><strong data-start=\"4181\" data-end=\"4211\">Especificaciones t\u00e9cnicas:<\/strong><br data-start=\"4211\" data-end=\"4214\" \/>\u2022 Tama\u00f1o: 230&#215;105-45<br data-start=\"4234\" data-end=\"4237\" \/>\u2022 Material: Vulkollan<br data-start=\"4258\" data-end=\"4261\" \/>\u2022 Marca: Stellana<br data-start=\"4278\" data-end=\"4281\" \/>\u2022 C\u00f3digo: 146852<br data-start=\"4297\" data-end=\"4300\" \/>\u2022 Compatibilidad: Veh\u00edculos de manipulaci\u00f3n Atlet<br data-start=\"4349\" data-end=\"4352\" \/>\u2022 Caracter\u00edsticas: Alta durabilidad, reducci\u00f3n de vibraciones, funcionamiento silencioso<\/p>\n","protected":false},"featured_media":17576,"template":"","meta":[],"product_brand":[],"product_cat":[419,266,416,194],"product_tag":[],"class_list":{"0":"post-17571","1":"product","2":"type-product","3":"status-publish","4":"has-post-thumbnail","6":"product_cat-yuk-tekeri-stellana","7":"product_cat-yuk-tekeri-atlet","8":"product_cat-stellana","9":"product_cat-yuk-tekeri","11":"first","12":"instock","13":"taxable","14":"shipping-taxable","15":"purchasable","16":"product-type-simple"},"_links":{"self":[{"href":"https:\/\/ceoparts.com\/es\/wp-json\/wp\/v2\/product\/17571","targetHints":{"allow":["GET"]}}],"collection":[{"href":"https:\/\/ceoparts.com\/es\/wp-json\/wp\/v2\/product"}],"about":[{"href":"https:\/\/ceoparts.com\/es\/wp-json\/wp\/v2\/types\/product"}],"wp:featuredmedia":[{"embeddable":true,"href":"https:\/\/ceoparts.com\/es\/wp-json\/wp\/v2\/media\/17576"}],"wp:attachment":[{"href":"https:\/\/ceoparts.com\/es\/wp-json\/wp\/v2\/media?parent=17571"}],"wp:term":[{"taxonomy":"product_brand","embeddable":true,"href":"https:\/\/ceoparts.com\/es\/wp-json\/wp\/v2\/product_brand?post=17571"},{"taxonomy":"product_cat","embeddable":true,"href":"https:\/\/ceoparts.com\/es\/wp-json\/wp\/v2\/product_cat?post=17571"},{"taxonomy":"product_tag","embeddable":true,"href":"https:\/\/ceoparts.com\/es\/wp-json\/wp\/v2\/product_tag?post=17571"}],"curies":[{"name":"wp","href":"https:\/\/api.w.org\/{rel}","templated":true}]}}