{"id":17632,"date":"2025-07-21T10:33:09","date_gmt":"2025-07-21T07:33:09","guid":{"rendered":"https:\/\/ceoparts.com\/?post_type=product&#038;p=17632"},"modified":"2026-05-16T05:31:15","modified_gmt":"2026-05-16T02:31:15","slug":"343x135-90-blickle-yuruyus-tekeri-0029903814","status":"publish","type":"product","link":"https:\/\/ceoparts.com\/es\/urun\/343x135-90-blickle-yuruyus-tekeri-0029903814\/","title":{"rendered":"343&#215;135-90 Rueda motriz Blickle \u2013 0029903814"},"content":{"rendered":"<p>343&#215;135-90 Rueda motriz Blickle \u2013 0029903814<\/p>\n<p>115C-11\u00a0R10C\/12C\/14C-11<br \/>\n115-12\u00a0R14\/14G\/16\/16G\/20\/20G-12<br \/>\n115-03\u00a0R14\/R16\/R20-03<br \/>\n115C-03\u00a0R10C\/R12C\/R14C-03<br \/>\n116-03\u00a0R14X\/R16X\/R17X\/R17XHD-03<br \/>\n116-02\u00a0R14X\/R16X\/R17X\/R17XHD<\/p>","protected":false},"excerpt":{"rendered":"<p data-start=\"3602\" data-end=\"3922\">Esta rueda motriz Blickle est\u00e1 dise\u00f1ada para carretillas elevadoras y veh\u00edculos industriales. Cuenta con una construcci\u00f3n duradera y alta resistencia al desgaste, proporcionando una larga vida \u00fatil. Reconocida por su alta capacidad de carga y funcionamiento silencioso.<\/p>\n<p data-start=\"3924\" data-end=\"4161\"><strong data-start=\"3924\" data-end=\"3954\">Especificaciones t\u00e9cnicas:<\/strong><br data-start=\"3954\" data-end=\"3957\" \/>\u2022 Tama\u00f1o: 343\u00d7135-90<br data-start=\"3977\" data-end=\"3980\" \/>\u2022 Marca: Blickle<br data-start=\"3996\" data-end=\"3999\" \/>\u2022 C\u00f3digo: 0029903814<br data-start=\"4019\" data-end=\"4022\" \/>\u2022 Uso: Carretillas elevadoras y veh\u00edculos industriales<br data-start=\"4076\" data-end=\"4079\" \/>\u2022 Caracter\u00edsticas: Alta durabilidad, resistencia al desgaste, operaci\u00f3n silenciosa<\/p>\n","protected":false},"featured_media":17633,"template":"","meta":[],"product_brand":[],"product_cat":[503,193],"product_tag":[],"class_list":{"0":"post-17632","1":"product","2":"type-product","3":"status-publish","4":"has-post-thumbnail","6":"product_cat-yuruyus-tekeri-blickle","7":"product_cat-yuruyus-tekeri","9":"first","10":"instock","11":"taxable","12":"shipping-taxable","13":"purchasable","14":"product-type-simple"},"_links":{"self":[{"href":"https:\/\/ceoparts.com\/es\/wp-json\/wp\/v2\/product\/17632","targetHints":{"allow":["GET"]}}],"collection":[{"href":"https:\/\/ceoparts.com\/es\/wp-json\/wp\/v2\/product"}],"about":[{"href":"https:\/\/ceoparts.com\/es\/wp-json\/wp\/v2\/types\/product"}],"wp:featuredmedia":[{"embeddable":true,"href":"https:\/\/ceoparts.com\/es\/wp-json\/wp\/v2\/media\/17633"}],"wp:attachment":[{"href":"https:\/\/ceoparts.com\/es\/wp-json\/wp\/v2\/media?parent=17632"}],"wp:term":[{"taxonomy":"product_brand","embeddable":true,"href":"https:\/\/ceoparts.com\/es\/wp-json\/wp\/v2\/product_brand?post=17632"},{"taxonomy":"product_cat","embeddable":true,"href":"https:\/\/ceoparts.com\/es\/wp-json\/wp\/v2\/product_cat?post=17632"},{"taxonomy":"product_tag","embeddable":true,"href":"https:\/\/ceoparts.com\/es\/wp-json\/wp\/v2\/product_tag?post=17632"}],"curies":[{"name":"wp","href":"https:\/\/api.w.org\/{rel}","templated":true}]}}