{"id":17754,"date":"2025-07-24T15:56:43","date_gmt":"2025-07-24T12:56:43","guid":{"rendered":"https:\/\/ceoparts.com\/?post_type=product&#038;p=17754"},"modified":"2026-05-16T17:12:34","modified_gmt":"2026-05-16T14:12:34","slug":"crown-on-kapak","status":"publish","type":"product","link":"https:\/\/ceoparts.com\/es\/urun\/crown-on-kapak\/","title":{"rendered":"Cubierta frontal Crown"},"content":{"rendered":"<p>Cubierta frontal Crown<\/p>","protected":false},"excerpt":{"rendered":"<p data-start=\"3286\" data-end=\"3546\">Esta tapa frontal es compatible con carretillas elevadoras y transpaletas el\u00e9ctricas de la marca Crown. Est\u00e1 dise\u00f1ada para proteger la parte delantera del equipo contra impactos externos. Como pieza original, ofrece una compatibilidad total y gran durabilidad.<\/p>\n<p data-start=\"3548\" data-end=\"3578\"><strong data-start=\"3548\" data-end=\"3578\">Especificaciones t\u00e9cnicas:<\/strong><\/p>\n<ul data-start=\"3579\" data-end=\"3769\">\n<li data-start=\"3579\" data-end=\"3606\">\n<p data-start=\"3581\" data-end=\"3606\">Marca compatible: Crown<\/p>\n<\/li>\n<li data-start=\"3607\" data-end=\"3642\">\n<p data-start=\"3609\" data-end=\"3642\">Tipo de pieza: Cubierta frontal<\/p>\n<\/li>\n<li data-start=\"3643\" data-end=\"3686\">\n<p data-start=\"3645\" data-end=\"3686\">Ubicaci\u00f3n: Parte delantera del veh\u00edculo<\/p>\n<\/li>\n<li data-start=\"3687\" data-end=\"3721\">\n<p data-start=\"3689\" data-end=\"3721\">Estado: Nuevo \/ Pieza original<\/p>\n<\/li>\n<li data-start=\"3722\" data-end=\"3769\">\n<p data-start=\"3724\" data-end=\"3769\">Material: Pl\u00e1stico ABS resistente o similar<\/p>\n<\/li>\n<\/ul>\n","protected":false},"featured_media":17757,"template":"","meta":[],"product_brand":[],"product_cat":[272,472],"product_tag":[],"class_list":{"0":"post-17754","1":"product","2":"type-product","3":"status-publish","4":"has-post-thumbnail","6":"product_cat-crown","7":"product_cat-kaporta-aksami","9":"first","10":"instock","11":"taxable","12":"shipping-taxable","13":"purchasable","14":"product-type-simple"},"_links":{"self":[{"href":"https:\/\/ceoparts.com\/es\/wp-json\/wp\/v2\/product\/17754","targetHints":{"allow":["GET"]}}],"collection":[{"href":"https:\/\/ceoparts.com\/es\/wp-json\/wp\/v2\/product"}],"about":[{"href":"https:\/\/ceoparts.com\/es\/wp-json\/wp\/v2\/types\/product"}],"wp:featuredmedia":[{"embeddable":true,"href":"https:\/\/ceoparts.com\/es\/wp-json\/wp\/v2\/media\/17757"}],"wp:attachment":[{"href":"https:\/\/ceoparts.com\/es\/wp-json\/wp\/v2\/media?parent=17754"}],"wp:term":[{"taxonomy":"product_brand","embeddable":true,"href":"https:\/\/ceoparts.com\/es\/wp-json\/wp\/v2\/product_brand?post=17754"},{"taxonomy":"product_cat","embeddable":true,"href":"https:\/\/ceoparts.com\/es\/wp-json\/wp\/v2\/product_cat?post=17754"},{"taxonomy":"product_tag","embeddable":true,"href":"https:\/\/ceoparts.com\/es\/wp-json\/wp\/v2\/product_tag?post=17754"}],"curies":[{"name":"wp","href":"https:\/\/api.w.org\/{rel}","templated":true}]}}