{"id":17769,"date":"2025-07-24T16:31:13","date_gmt":"2025-07-24T13:31:13","guid":{"rendered":"https:\/\/ceoparts.com\/?post_type=product&#038;p=17769"},"modified":"2026-05-16T21:02:24","modified_gmt":"2026-05-16T18:02:24","slug":"linde-t16-aku-alt-kapak-11524324100","status":"publish","type":"product","link":"https:\/\/ceoparts.com\/es\/urun\/linde-t16-aku-alt-kapak-11524324100\/","title":{"rendered":"Cubierta inferior de bater\u00eda Linde T16 \u2013 11524324100"},"content":{"rendered":"<p>Cubierta inferior de bater\u00eda Linde T16 \u2013 11524324100<\/p>","protected":false},"excerpt":{"rendered":"<p data-start=\"3200\" data-end=\"3453\">Esta tapa inferior de bater\u00eda est\u00e1 dise\u00f1ada para los transpalets Linde T16. Protege el compartimento de la bater\u00eda y garantiza su fijaci\u00f3n frente a factores externos. Fabricada con materiales de alta calidad, es una pieza original totalmente compatible.<\/p>\n<p data-start=\"3455\" data-end=\"3485\"><strong data-start=\"3455\" data-end=\"3485\">Especificaciones t\u00e9cnicas:<\/strong><\/p>\n<ul data-start=\"3486\" data-end=\"3667\">\n<li data-start=\"3486\" data-end=\"3518\">\n<p data-start=\"3488\" data-end=\"3518\">Modelo compatible: Linde T16<\/p>\n<\/li>\n<li data-start=\"3519\" data-end=\"3562\">\n<p data-start=\"3521\" data-end=\"3562\">Tipo de pieza: Tapa inferior de bater\u00eda<\/p>\n<\/li>\n<li data-start=\"3563\" data-end=\"3590\">\n<p data-start=\"3565\" data-end=\"3590\">C\u00f3digo OEM: 11524324100<\/p>\n<\/li>\n<li data-start=\"3591\" data-end=\"3632\">\n<p data-start=\"3593\" data-end=\"3632\">Material: Pl\u00e1stico \/ metal resistente<\/p>\n<\/li>\n<li data-start=\"3633\" data-end=\"3667\">\n<p data-start=\"3635\" data-end=\"3667\">Estado: Nuevo \/ Pieza original<\/p>\n<\/li>\n<\/ul>\n","protected":false},"featured_media":17770,"template":"","meta":[],"product_brand":[],"product_cat":[246,472,523],"product_tag":[],"class_list":{"0":"post-17769","1":"product","2":"type-product","3":"status-publish","4":"has-post-thumbnail","6":"product_cat-linde","7":"product_cat-kaporta-aksami","8":"product_cat-yedek-parca-linde","10":"first","11":"instock","12":"taxable","13":"shipping-taxable","14":"purchasable","15":"product-type-simple"},"_links":{"self":[{"href":"https:\/\/ceoparts.com\/es\/wp-json\/wp\/v2\/product\/17769","targetHints":{"allow":["GET"]}}],"collection":[{"href":"https:\/\/ceoparts.com\/es\/wp-json\/wp\/v2\/product"}],"about":[{"href":"https:\/\/ceoparts.com\/es\/wp-json\/wp\/v2\/types\/product"}],"wp:featuredmedia":[{"embeddable":true,"href":"https:\/\/ceoparts.com\/es\/wp-json\/wp\/v2\/media\/17770"}],"wp:attachment":[{"href":"https:\/\/ceoparts.com\/es\/wp-json\/wp\/v2\/media?parent=17769"}],"wp:term":[{"taxonomy":"product_brand","embeddable":true,"href":"https:\/\/ceoparts.com\/es\/wp-json\/wp\/v2\/product_brand?post=17769"},{"taxonomy":"product_cat","embeddable":true,"href":"https:\/\/ceoparts.com\/es\/wp-json\/wp\/v2\/product_cat?post=17769"},{"taxonomy":"product_tag","embeddable":true,"href":"https:\/\/ceoparts.com\/es\/wp-json\/wp\/v2\/product_tag?post=17769"}],"curies":[{"name":"wp","href":"https:\/\/api.w.org\/{rel}","templated":true}]}}