{"id":17775,"date":"2025-07-24T16:51:26","date_gmt":"2025-07-24T13:51:26","guid":{"rendered":"https:\/\/ceoparts.com\/?post_type=product&#038;p=17775"},"modified":"2026-05-16T17:29:02","modified_gmt":"2026-05-16T14:29:02","slug":"crown-ust-kapak","status":"publish","type":"product","link":"https:\/\/ceoparts.com\/es\/urun\/crown-ust-kapak\/","title":{"rendered":"Cubierta superior Crown"},"content":{"rendered":"<p>Cubierta superior Crown<\/p>","protected":false},"excerpt":{"rendered":"<p data-start=\"3404\" data-end=\"3631\">Esta cubierta superior es compatible con modelos de carretillas y transpaletas Crown. Protege los componentes internos contra factores externos. Fabricada con materiales duraderos conforme a los est\u00e1ndares de piezas originales.<\/p>\n<p data-start=\"3633\" data-end=\"3663\"><strong data-start=\"3633\" data-end=\"3663\">Especificaciones t\u00e9cnicas:<\/strong><\/p>\n<ul data-start=\"3664\" data-end=\"3881\">\n<li data-start=\"3664\" data-end=\"3691\">\n<p data-start=\"3666\" data-end=\"3691\">Marca compatible: Crown<\/p>\n<\/li>\n<li data-start=\"3692\" data-end=\"3728\">\n<p data-start=\"3694\" data-end=\"3728\">Tipo de pieza: Cubierta superior<\/p>\n<\/li>\n<li data-start=\"3729\" data-end=\"3792\">\n<p data-start=\"3731\" data-end=\"3792\">\u00c1rea de uso: Protecci\u00f3n del cuerpo \/ componentes el\u00e9ctricos<\/p>\n<\/li>\n<li data-start=\"3793\" data-end=\"3846\">\n<p data-start=\"3795\" data-end=\"3846\">Material: Pl\u00e1stico o aleaci\u00f3n met\u00e1lica resistente<\/p>\n<\/li>\n<li data-start=\"3847\" data-end=\"3881\">\n<p data-start=\"3849\" data-end=\"3881\">Estado: Nueva \/ Compatible OEM<\/p>\n<\/li>\n<\/ul>\n","protected":false},"featured_media":17781,"template":"","meta":[],"product_brand":[],"product_cat":[272,472,519],"product_tag":[],"class_list":{"0":"post-17775","1":"product","2":"type-product","3":"status-publish","4":"has-post-thumbnail","6":"product_cat-crown","7":"product_cat-kaporta-aksami","8":"product_cat-yedek-parca-crown","10":"first","11":"instock","12":"taxable","13":"shipping-taxable","14":"purchasable","15":"product-type-simple"},"_links":{"self":[{"href":"https:\/\/ceoparts.com\/es\/wp-json\/wp\/v2\/product\/17775","targetHints":{"allow":["GET"]}}],"collection":[{"href":"https:\/\/ceoparts.com\/es\/wp-json\/wp\/v2\/product"}],"about":[{"href":"https:\/\/ceoparts.com\/es\/wp-json\/wp\/v2\/types\/product"}],"wp:featuredmedia":[{"embeddable":true,"href":"https:\/\/ceoparts.com\/es\/wp-json\/wp\/v2\/media\/17781"}],"wp:attachment":[{"href":"https:\/\/ceoparts.com\/es\/wp-json\/wp\/v2\/media?parent=17775"}],"wp:term":[{"taxonomy":"product_brand","embeddable":true,"href":"https:\/\/ceoparts.com\/es\/wp-json\/wp\/v2\/product_brand?post=17775"},{"taxonomy":"product_cat","embeddable":true,"href":"https:\/\/ceoparts.com\/es\/wp-json\/wp\/v2\/product_cat?post=17775"},{"taxonomy":"product_tag","embeddable":true,"href":"https:\/\/ceoparts.com\/es\/wp-json\/wp\/v2\/product_tag?post=17775"}],"curies":[{"name":"wp","href":"https:\/\/api.w.org\/{rel}","templated":true}]}}