{"id":17871,"date":"2025-07-29T15:33:40","date_gmt":"2025-07-29T12:33:40","guid":{"rendered":"https:\/\/ceoparts.com\/?post_type=product&#038;p=17871"},"modified":"2026-05-16T14:22:51","modified_gmt":"2026-05-16T11:22:51","slug":"still-asansor-sensoru","status":"publish","type":"product","link":"https:\/\/ceoparts.com\/es\/urun\/still-asansor-sensoru\/","title":{"rendered":"Sensor de elevaci\u00f3n Still"},"content":{"rendered":"<p>Sensor de elevaci\u00f3n Still<\/p>","protected":false},"excerpt":{"rendered":"<p data-start=\"3082\" data-end=\"3316\">El Sensor de Elevaci\u00f3n Still es un componente esencial que garantiza el control preciso de las operaciones de elevaci\u00f3n y descenso en los montacargas. Este sensor aumenta la seguridad y optimiza el rendimiento de la m\u00e1quina.<\/p>\n<p data-start=\"3318\" data-end=\"3339\"><strong data-start=\"3318\" data-end=\"3337\">Caracter\u00edsticas<\/strong><\/p>\n<ul data-start=\"3340\" data-end=\"3585\">\n<li data-start=\"3340\" data-end=\"3394\">\n<p data-start=\"3342\" data-end=\"3394\"><strong data-start=\"3342\" data-end=\"3366\">Nombre del producto:<\/strong> Sensor de Elevaci\u00f3n Still<\/p>\n<\/li>\n<li data-start=\"3395\" data-end=\"3427\">\n<p data-start=\"3397\" data-end=\"3427\"><strong data-start=\"3397\" data-end=\"3417\">C\u00f3digo de pieza:<\/strong> 9456732<\/p>\n<\/li>\n<li data-start=\"3428\" data-end=\"3480\">\n<p data-start=\"3430\" data-end=\"3480\"><strong data-start=\"3430\" data-end=\"3443\">Material:<\/strong> Componentes electr\u00f3nicos de sensor<\/p>\n<\/li>\n<li data-start=\"3481\" data-end=\"3518\">\n<p data-start=\"3483\" data-end=\"3518\"><strong data-start=\"3483\" data-end=\"3498\">Aplicaci\u00f3n:<\/strong> Montacargas Still<\/p>\n<\/li>\n<li data-start=\"3519\" data-end=\"3585\">\n<p data-start=\"3521\" data-end=\"3585\"><strong data-start=\"3521\" data-end=\"3533\">Ventaja:<\/strong> Control preciso, alta seguridad y larga vida \u00fatil<\/p>\n<\/li>\n<\/ul>\n","protected":false},"featured_media":17872,"template":"","meta":[],"product_brand":[],"product_cat":[241,469,524],"product_tag":[],"class_list":{"0":"post-17871","1":"product","2":"type-product","3":"status-publish","4":"has-post-thumbnail","6":"product_cat-still","7":"product_cat-elektrik-ve-sistem-parcalari","8":"product_cat-yedek-parca-still","10":"first","11":"instock","12":"taxable","13":"shipping-taxable","14":"purchasable","15":"product-type-simple"},"_links":{"self":[{"href":"https:\/\/ceoparts.com\/es\/wp-json\/wp\/v2\/product\/17871","targetHints":{"allow":["GET"]}}],"collection":[{"href":"https:\/\/ceoparts.com\/es\/wp-json\/wp\/v2\/product"}],"about":[{"href":"https:\/\/ceoparts.com\/es\/wp-json\/wp\/v2\/types\/product"}],"wp:featuredmedia":[{"embeddable":true,"href":"https:\/\/ceoparts.com\/es\/wp-json\/wp\/v2\/media\/17872"}],"wp:attachment":[{"href":"https:\/\/ceoparts.com\/es\/wp-json\/wp\/v2\/media?parent=17871"}],"wp:term":[{"taxonomy":"product_brand","embeddable":true,"href":"https:\/\/ceoparts.com\/es\/wp-json\/wp\/v2\/product_brand?post=17871"},{"taxonomy":"product_cat","embeddable":true,"href":"https:\/\/ceoparts.com\/es\/wp-json\/wp\/v2\/product_cat?post=17871"},{"taxonomy":"product_tag","embeddable":true,"href":"https:\/\/ceoparts.com\/es\/wp-json\/wp\/v2\/product_tag?post=17871"}],"curies":[{"name":"wp","href":"https:\/\/api.w.org\/{rel}","templated":true}]}}