{"id":17933,"date":"2025-07-30T16:33:56","date_gmt":"2025-07-30T13:33:56","guid":{"rendered":"https:\/\/ceoparts.com\/?post_type=product&#038;p=17933"},"modified":"2026-05-16T14:03:40","modified_gmt":"2026-05-16T11:03:40","slug":"linde-potentiometer-3093604700","status":"publish","type":"product","link":"https:\/\/ceoparts.com\/es\/urun\/linde-potentiometer-3093604700\/","title":{"rendered":"Potenci\u00f3metro Linde \u2013 3093604700"},"content":{"rendered":"<p>Potenci\u00f3metro Linde \u2013 3093604700<\/p>\n<p>1110\u00a0V08-01\/V08-02<br \/>\n1111\u00a0N20VI &#8211; N20VLI<br \/>\n1111\u00a0N20VI &#8211; N20VLI<br \/>\n1170\u00a0L06\/10\/12\/16AC<br \/>\n131\u00a0L14\/16AS<br \/>\n131\u00a0L14\/16AS<br \/>\n133\u00a0L12\/L14-L12L\/L14L-L12LHP<br \/>\n133\u00a0L12\/L14-L12L\/L14L-L12LHP<br \/>\n372\u00a0L14\/16\/L14AP\/16AP<br \/>\n372\u00a0L14\/16\/L14AP\/16AP<br \/>\n372\u00a0L14\/16\/L14AP\/16AP<br \/>\n372\u00a0L14\/16\/L14AP\/16AP<br \/>\n379\u00a0L10\/12-L10\/12AS<\/p>","protected":false},"excerpt":{"rendered":"<p data-start=\"4066\" data-end=\"4390\">El Potenci\u00f3metro Linde 3093604700 es una pieza de repuesto esencial que proporciona un control preciso de la velocidad y la direcci\u00f3n en los montacargas. Transmite las \u00f3rdenes del operador al sistema electr\u00f3nico, garantizando un funcionamiento seguro y eficiente. Su construcci\u00f3n robusta asegura un uso prolongado.<\/p>\n<p data-start=\"4392\" data-end=\"4413\"><strong data-start=\"4392\" data-end=\"4411\">Caracter\u00edsticas<\/strong><\/p>\n<ul data-start=\"4414\" data-end=\"4721\">\n<li data-start=\"4414\" data-end=\"4462\">\n<p data-start=\"4416\" data-end=\"4462\"><strong data-start=\"4416\" data-end=\"4440\">Nombre del producto:<\/strong> Potenci\u00f3metro Linde<\/p>\n<\/li>\n<li data-start=\"4463\" data-end=\"4498\">\n<p data-start=\"4465\" data-end=\"4498\"><strong data-start=\"4465\" data-end=\"4485\">C\u00f3digo de pieza:<\/strong> 3093604700<\/p>\n<\/li>\n<li data-start=\"4499\" data-end=\"4573\">\n<p data-start=\"4501\" data-end=\"4573\"><strong data-start=\"4501\" data-end=\"4514\">Material:<\/strong> Componentes electr\u00f3nicos duraderos y carcasa de pl\u00e1stico<\/p>\n<\/li>\n<li data-start=\"4574\" data-end=\"4659\">\n<p data-start=\"4576\" data-end=\"4659\"><strong data-start=\"4576\" data-end=\"4591\">Aplicaci\u00f3n:<\/strong> Sistemas de control de velocidad y direcci\u00f3n de montacargas Linde<\/p>\n<\/li>\n<li data-start=\"4660\" data-end=\"4721\">\n<p data-start=\"4662\" data-end=\"4721\"><strong data-start=\"4662\" data-end=\"4674\">Ventaja:<\/strong> Control preciso, uso seguro, larga vida \u00fatil<\/p>\n<\/li>\n<\/ul>\n","protected":false},"featured_media":17936,"template":"","meta":[],"product_brand":[],"product_cat":[246,469,523],"product_tag":[],"class_list":{"0":"post-17933","1":"product","2":"type-product","3":"status-publish","4":"has-post-thumbnail","6":"product_cat-linde","7":"product_cat-elektrik-ve-sistem-parcalari","8":"product_cat-yedek-parca-linde","10":"first","11":"instock","12":"taxable","13":"shipping-taxable","14":"purchasable","15":"product-type-simple"},"_links":{"self":[{"href":"https:\/\/ceoparts.com\/es\/wp-json\/wp\/v2\/product\/17933","targetHints":{"allow":["GET"]}}],"collection":[{"href":"https:\/\/ceoparts.com\/es\/wp-json\/wp\/v2\/product"}],"about":[{"href":"https:\/\/ceoparts.com\/es\/wp-json\/wp\/v2\/types\/product"}],"wp:featuredmedia":[{"embeddable":true,"href":"https:\/\/ceoparts.com\/es\/wp-json\/wp\/v2\/media\/17936"}],"wp:attachment":[{"href":"https:\/\/ceoparts.com\/es\/wp-json\/wp\/v2\/media?parent=17933"}],"wp:term":[{"taxonomy":"product_brand","embeddable":true,"href":"https:\/\/ceoparts.com\/es\/wp-json\/wp\/v2\/product_brand?post=17933"},{"taxonomy":"product_cat","embeddable":true,"href":"https:\/\/ceoparts.com\/es\/wp-json\/wp\/v2\/product_cat?post=17933"},{"taxonomy":"product_tag","embeddable":true,"href":"https:\/\/ceoparts.com\/es\/wp-json\/wp\/v2\/product_tag?post=17933"}],"curies":[{"name":"wp","href":"https:\/\/api.w.org\/{rel}","templated":true}]}}